{"id":2261,"date":"2012-10-18T09:14:03","date_gmt":"2012-10-18T07:14:03","guid":{"rendered":"http:\/\/dinostorm.com\/?page_id=2261"},"modified":"2021-06-25T09:40:31","modified_gmt":"2021-06-25T07:40:31","slug":"peacemaker","status":"publish","type":"page","link":"https:\/\/dinostorm.com\/de\/online-3d-spiel\/waffen-lexikon\/peacemaker\/","title":{"rendered":"Laser Gun &#8211; Friedensstifter"},"content":{"rendered":"<div class=\"teaser\"><\/div>\n<h1 class=\"headline_page width_500\"><span>Laserwaffe \u2014 Friedensstifter<\/span><\/h1>\n<p class=\"back-button back-pos500\"><a class=\"back-block\" href=\"http:\/\/dinostorm.com\/de\/online-3d-spiel\/waffen-lexikon\/\">Zur\u00fcck<\/a>><\/p>\n<div class=\"two_thirds\">\n<h2 class=\"headline-lex\"><span>Der Friedensstifter in Dino Storm<\/span><\/h2>\n<div class=\"banner_lex\">\n<p class=\"banner_text_lex text_lex\">Der <strong>Friedensstifter<\/strong> ist ein Lasergewehr, das auch weit entfernten Einzelzielen hohen Schaden zuf\u00fcgt.<\/p>\n<div style=\"margin-right: 29px; float: left; width: 10px; text-align: left; position: relative; top: 40px; left: 30px\">\n<strong class=\"text_lex\" style=\"position: relative; top: 12px\">Schaden:<\/strong><br \/>\n<strong class=\"text_lex\" style=\"position: relative; top: 30px\">Feuerrate:<\/strong><br \/>\n<strong class=\"text_lex\" style=\"position: relative; top: 50px\">Reichweite:<\/strong>\n<\/div>\n<div style=\"margin-right: 20px; float: left; width: 118px; text-align: left; position: relative; top: 70px; left: 10px\">\n<img decoding=\"async\" class=\"skill_image_lex colorbox-2261\" src=\"\/wp-content\/themes\/arras\/images\/dinostorm\/Dinos\/bar_strength_3.png\" alt=\"Basiswert des Schaden eines Peacemaker in Dino Storm ist 3.\" title=\"Basiswert Schaden: 3\"\/><br \/>\n<img decoding=\"async\" class=\"skill_image_lex colorbox-2261\" src=\"\/wp-content\/themes\/arras\/images\/dinostorm\/Dinos\/bar_endurance_3.png\" alt=\"Basiswert der Feuerrate eines Peacemaker in Dino Storm ist 3.\" title=\"Basiswert Feuerrate: 3\"\/><br \/>\n<img decoding=\"async\" class=\"skill_image_lex colorbox-2261\" src=\"\/wp-content\/themes\/arras\/images\/dinostorm\/Dinos\/bar_health_5.png\" alt=\"Basiswert der Reichweite eines Peacemaker in Dino Storm ist 5.\" title=\"Basiswert Reichweite: 5\"\/>\n<\/div>\n<\/div>\n<div class=\"one_third\">\n<img decoding=\"async\" class=\"weapon_lex_2 colorbox-2261\" src=\"\/wp-content\/themes\/arras\/images\/dinostorm\/peacemaker.png\" alt=\"Die Laserwaffe Friedensstifter in Dino Storm\"\/>\n<\/div>\n<\/div>\n<div class=\"clear\"><\/div>\n<div class=\"one_third\">\n<h3 class=\"headlinelex2_1\">Laserwaffen-Skills des Friedensstifters<\/h3>\n<div class=\"banner_lex2\">\n<span class=\"icon_skill_top float-left\"><img class=\"colorbox-2261\"  decoding=\"async\" src=\"\/wp-content\/themes\/arras\/images\/dinostorm\/skill_peacemaker_01.png\" alt=\"Canyon Ray ist ein spezielles Laser Gun Upgrade f\u00fcr den Peacemaker in Dino Storm\" title=\"Waffenskill: Canyon Ray\"\/><\/span><\/p>\n<div class=\"skill-wrapper\"><span class=\"icon_skill_title\">Canyon Ray<\/span><\/p>\n<p class=\"icon_skill_text\">Fernangriff. <span style=\"color: #ff7200;\">Extra&nbsp;Power:<\/span> Erh\u00f6ht die Reichweite.<\/p>\n<\/p>\n<\/div>\n<p><span class=\"clear\"><!-- --><\/span><span class=\"icon_skill_top float-left\"><img class=\"colorbox-2261\"  decoding=\"async\" src=\"\/wp-content\/themes\/arras\/images\/dinostorm\/skill_peacemaker_02.png\" alt=\"Prey Marker ist ein spezielles Laser Gun Upgrade f\u00fcr den Peacemaker in Dino Storm\" title=\"Waffenskill: Prey Marker\"\/><\/span><\/p>\n<div class=\"skill-wrapper-bottom\"><span class=\"icon_skill_title\">Prey Marker<\/span><\/p>\n<p class=\"icon_skill_text\">Angriff mit mittlerer bis gro\u00dfer Reichweite. <span style=\"color: #ff7200;\">Extra&nbsp;Power:<\/span> L\u00e4hmt das Ziel.<\/p>\n<\/p>\n<\/div>\n<p><span class=\"clear\"><!-- --><\/span><\/p>\n<\/div>\n<\/div>\n<div class=\"two_thirds\">\n<h3 class=\"headlinelex2_2\">Laserwaffen-Fakten zum Friedensstifter<\/h3>\n<div class=\"fact_lex\">\n<p>Diese Pr&#x00e4;zisionsgewehre gehen auf die J&#x00e4;gerbuchsen der ersten Siedler zur&#x00fc;ck, die diese auf ihren Treibjagden mit gro&#x00df;em Erfolg einsetzten.<\/p>\n<p>Der Friedensstifter wurde entwickelt, um Ziele in gro&#x00df;er Entfernung zu treffen. Mit seiner hohen Durchschlagskraft kann er ein Ziel mit wenigen, aber effektiven Sch&#x00fc;ssen bezwingen. Erstmals in der Schlacht um Dinoville Canyon von den Kolonisten in Scharfsch&#x00fc;tzenverb&#x00e4;nden angewendet, brachte der Friedensstifter die Wendung zugunsten der Kolonisten und ging damit in die Geschichte ein.<\/p>\n<p>Heutzutage wird diese Laserwaffe insbesondere zur Absicherung von Claims verwendet. Auch in gro&#x00df;en Clankriegen ist sie oftmals ein entscheidender Faktor.<\/p>\n<\/div>\n<\/div>\n<div class=\"full\">\n<img decoding=\"async\" class=\"hr3 margin35 colorbox-2261\" src=\"\/wp-content\/themes\/arras\/images\/dinostorm\/seperator_big.png\" alt=\"separator dino storm\" \/>\n<\/div>\n","protected":false},"excerpt":{"rendered":"<p>Laserwaffe \u2014 Friedensstifter Zur\u00fcck> Der Friedensstifter in Dino Storm Der Friedensstifter ist ein Lasergewehr, das auch weit entfernten Einzelzielen hohen Schaden zuf\u00fcgt. Schaden: Feuerrate: Reichweite: Laserwaffen-Skills des Friedensstifters Canyon Ray Fernangriff. Extra&nbsp;Power: Erh\u00f6ht die Reichweite. [&hellip;]<\/p>\n","protected":false},"author":26,"featured_media":15052,"parent":1592,"menu_order":0,"comment_status":"closed","ping_status":"closed","template":"pagetpl-onecolumn.php","meta":{"footnotes":"","_links_to":"","_links_to_target":""},"class_list":["post-2261","page","type-page","status-publish","has-post-thumbnail","hentry"],"yoast_head":"<!-- This site is optimized with the Yoast SEO plugin v27.3 - https:\/\/yoast.com\/product\/yoast-seo-wordpress\/ -->\n<title>Laser Gun: Peacemaker - Dino Storm<\/title>\n<meta name=\"description\" content=\"Der Peacemaker ist ein lasergest\u00fctztes Scharfsch\u00fctzengewehr in Dino Storm. Erfahre mehr \u00fcber den Peacemaker: Fakten, Waffengattung und Skills.\" \/>\n<meta name=\"robots\" content=\"index, follow, max-snippet:-1, max-image-preview:large, max-video-preview:-1\" \/>\n<link rel=\"canonical\" href=\"https:\/\/dinostorm.com\/de\/online-3d-spiel\/waffen-lexikon\/peacemaker\/\" \/>\n<meta property=\"og:locale\" content=\"de_DE\" \/>\n<meta property=\"og:type\" content=\"article\" \/>\n<meta property=\"og:title\" content=\"Laser Gun: Peacemaker - Dino Storm\" \/>\n<meta property=\"og:description\" content=\"Der Peacemaker ist ein lasergest\u00fctztes Scharfsch\u00fctzengewehr in Dino Storm. Erfahre mehr \u00fcber den Peacemaker: Fakten, Waffengattung und Skills.\" \/>\n<meta property=\"og:url\" content=\"https:\/\/dinostorm.com\/de\/online-3d-spiel\/waffen-lexikon\/peacemaker\/\" \/>\n<meta property=\"og:site_name\" content=\"DinoStorm\" \/>\n<meta property=\"article:modified_time\" content=\"2021-06-25T07:40:31+00:00\" \/>\n<meta property=\"og:image\" content=\"https:\/\/dinostorm.com\/wp-content\/uploads\/2012\/09\/ds_jungle_01.jpg\" \/>\n\t<meta property=\"og:image:width\" content=\"1280\" \/>\n\t<meta property=\"og:image:height\" content=\"720\" \/>\n\t<meta property=\"og:image:type\" content=\"image\/jpeg\" \/>\n<meta name=\"twitter:label1\" content=\"Gesch\u00e4tzte Lesezeit\" \/>\n\t<meta name=\"twitter:data1\" content=\"1 minute\" \/>\n<script type=\"application\/ld+json\" class=\"yoast-schema-graph\">{\"@context\":\"https:\\\/\\\/schema.org\",\"@graph\":[{\"@type\":\"WebPage\",\"@id\":\"https:\\\/\\\/dinostorm.com\\\/de\\\/online-3d-spiel\\\/waffen-lexikon\\\/peacemaker\\\/\",\"url\":\"https:\\\/\\\/dinostorm.com\\\/de\\\/online-3d-spiel\\\/waffen-lexikon\\\/peacemaker\\\/\",\"name\":\"Laser Gun: Peacemaker - Dino Storm\",\"isPartOf\":{\"@id\":\"https:\\\/\\\/dinostorm.com\\\/de\\\/#website\"},\"primaryImageOfPage\":{\"@id\":\"https:\\\/\\\/dinostorm.com\\\/de\\\/online-3d-spiel\\\/waffen-lexikon\\\/peacemaker\\\/#primaryimage\"},\"image\":{\"@id\":\"https:\\\/\\\/dinostorm.com\\\/de\\\/online-3d-spiel\\\/waffen-lexikon\\\/peacemaker\\\/#primaryimage\"},\"thumbnailUrl\":\"https:\\\/\\\/dinostorm.com\\\/wp-content\\\/uploads\\\/2012\\\/09\\\/ds_jungle_01.jpg\",\"datePublished\":\"2012-10-18T07:14:03+00:00\",\"dateModified\":\"2021-06-25T07:40:31+00:00\",\"description\":\"Der Peacemaker ist ein lasergest\u00fctztes Scharfsch\u00fctzengewehr in Dino Storm. Erfahre mehr \u00fcber den Peacemaker: Fakten, Waffengattung und Skills.\",\"breadcrumb\":{\"@id\":\"https:\\\/\\\/dinostorm.com\\\/de\\\/online-3d-spiel\\\/waffen-lexikon\\\/peacemaker\\\/#breadcrumb\"},\"inLanguage\":\"de-DE\",\"potentialAction\":[{\"@type\":\"ReadAction\",\"target\":[\"https:\\\/\\\/dinostorm.com\\\/de\\\/online-3d-spiel\\\/waffen-lexikon\\\/peacemaker\\\/\"]}]},{\"@type\":\"ImageObject\",\"inLanguage\":\"de-DE\",\"@id\":\"https:\\\/\\\/dinostorm.com\\\/de\\\/online-3d-spiel\\\/waffen-lexikon\\\/peacemaker\\\/#primaryimage\",\"url\":\"https:\\\/\\\/dinostorm.com\\\/wp-content\\\/uploads\\\/2012\\\/09\\\/ds_jungle_01.jpg\",\"contentUrl\":\"https:\\\/\\\/dinostorm.com\\\/wp-content\\\/uploads\\\/2012\\\/09\\\/ds_jungle_01.jpg\",\"width\":1280,\"height\":720,\"caption\":\"Beware of dangerous bandits in Mokon Woods are everywhere.\"},{\"@type\":\"BreadcrumbList\",\"@id\":\"https:\\\/\\\/dinostorm.com\\\/de\\\/online-3d-spiel\\\/waffen-lexikon\\\/peacemaker\\\/#breadcrumb\",\"itemListElement\":[{\"@type\":\"ListItem\",\"position\":1,\"name\":\"Home\",\"item\":\"https:\\\/\\\/dinostorm.com\\\/de\\\/\"},{\"@type\":\"ListItem\",\"position\":2,\"name\":\"Spiel\",\"item\":\"https:\\\/\\\/dinostorm.com\\\/de\\\/online-3d-spiel\\\/\"},{\"@type\":\"ListItem\",\"position\":3,\"name\":\"Waffenlexikon\",\"item\":\"https:\\\/\\\/dinostorm.com\\\/de\\\/online-3d-spiel\\\/waffen-lexikon\\\/\"},{\"@type\":\"ListItem\",\"position\":4,\"name\":\"Laser Gun &#8211; Friedensstifter\"}]},{\"@type\":\"WebSite\",\"@id\":\"https:\\\/\\\/dinostorm.com\\\/de\\\/#website\",\"url\":\"https:\\\/\\\/dinostorm.com\\\/de\\\/\",\"name\":\"DinoStorm\",\"description\":\"\",\"potentialAction\":[{\"@type\":\"SearchAction\",\"target\":{\"@type\":\"EntryPoint\",\"urlTemplate\":\"https:\\\/\\\/dinostorm.com\\\/de\\\/?s={search_term_string}\"},\"query-input\":{\"@type\":\"PropertyValueSpecification\",\"valueRequired\":true,\"valueName\":\"search_term_string\"}}],\"inLanguage\":\"de-DE\"}]}<\/script>\n<!-- \/ Yoast SEO plugin. -->","yoast_head_json":{"title":"Laser Gun: Peacemaker - Dino Storm","description":"Der Peacemaker ist ein lasergest\u00fctztes Scharfsch\u00fctzengewehr in Dino Storm. Erfahre mehr \u00fcber den Peacemaker: Fakten, Waffengattung und Skills.","robots":{"index":"index","follow":"follow","max-snippet":"max-snippet:-1","max-image-preview":"max-image-preview:large","max-video-preview":"max-video-preview:-1"},"canonical":"https:\/\/dinostorm.com\/de\/online-3d-spiel\/waffen-lexikon\/peacemaker\/","og_locale":"de_DE","og_type":"article","og_title":"Laser Gun: Peacemaker - Dino Storm","og_description":"Der Peacemaker ist ein lasergest\u00fctztes Scharfsch\u00fctzengewehr in Dino Storm. Erfahre mehr \u00fcber den Peacemaker: Fakten, Waffengattung und Skills.","og_url":"https:\/\/dinostorm.com\/de\/online-3d-spiel\/waffen-lexikon\/peacemaker\/","og_site_name":"DinoStorm","article_modified_time":"2021-06-25T07:40:31+00:00","og_image":[{"width":1280,"height":720,"url":"https:\/\/dinostorm.com\/wp-content\/uploads\/2012\/09\/ds_jungle_01.jpg","type":"image\/jpeg"}],"twitter_misc":{"Gesch\u00e4tzte Lesezeit":"1 minute"},"schema":{"@context":"https:\/\/schema.org","@graph":[{"@type":"WebPage","@id":"https:\/\/dinostorm.com\/de\/online-3d-spiel\/waffen-lexikon\/peacemaker\/","url":"https:\/\/dinostorm.com\/de\/online-3d-spiel\/waffen-lexikon\/peacemaker\/","name":"Laser Gun: Peacemaker - Dino Storm","isPartOf":{"@id":"https:\/\/dinostorm.com\/de\/#website"},"primaryImageOfPage":{"@id":"https:\/\/dinostorm.com\/de\/online-3d-spiel\/waffen-lexikon\/peacemaker\/#primaryimage"},"image":{"@id":"https:\/\/dinostorm.com\/de\/online-3d-spiel\/waffen-lexikon\/peacemaker\/#primaryimage"},"thumbnailUrl":"https:\/\/dinostorm.com\/wp-content\/uploads\/2012\/09\/ds_jungle_01.jpg","datePublished":"2012-10-18T07:14:03+00:00","dateModified":"2021-06-25T07:40:31+00:00","description":"Der Peacemaker ist ein lasergest\u00fctztes Scharfsch\u00fctzengewehr in Dino Storm. Erfahre mehr \u00fcber den Peacemaker: Fakten, Waffengattung und Skills.","breadcrumb":{"@id":"https:\/\/dinostorm.com\/de\/online-3d-spiel\/waffen-lexikon\/peacemaker\/#breadcrumb"},"inLanguage":"de-DE","potentialAction":[{"@type":"ReadAction","target":["https:\/\/dinostorm.com\/de\/online-3d-spiel\/waffen-lexikon\/peacemaker\/"]}]},{"@type":"ImageObject","inLanguage":"de-DE","@id":"https:\/\/dinostorm.com\/de\/online-3d-spiel\/waffen-lexikon\/peacemaker\/#primaryimage","url":"https:\/\/dinostorm.com\/wp-content\/uploads\/2012\/09\/ds_jungle_01.jpg","contentUrl":"https:\/\/dinostorm.com\/wp-content\/uploads\/2012\/09\/ds_jungle_01.jpg","width":1280,"height":720,"caption":"Beware of dangerous bandits in Mokon Woods are everywhere."},{"@type":"BreadcrumbList","@id":"https:\/\/dinostorm.com\/de\/online-3d-spiel\/waffen-lexikon\/peacemaker\/#breadcrumb","itemListElement":[{"@type":"ListItem","position":1,"name":"Home","item":"https:\/\/dinostorm.com\/de\/"},{"@type":"ListItem","position":2,"name":"Spiel","item":"https:\/\/dinostorm.com\/de\/online-3d-spiel\/"},{"@type":"ListItem","position":3,"name":"Waffenlexikon","item":"https:\/\/dinostorm.com\/de\/online-3d-spiel\/waffen-lexikon\/"},{"@type":"ListItem","position":4,"name":"Laser Gun &#8211; Friedensstifter"}]},{"@type":"WebSite","@id":"https:\/\/dinostorm.com\/de\/#website","url":"https:\/\/dinostorm.com\/de\/","name":"DinoStorm","description":"","potentialAction":[{"@type":"SearchAction","target":{"@type":"EntryPoint","urlTemplate":"https:\/\/dinostorm.com\/de\/?s={search_term_string}"},"query-input":{"@type":"PropertyValueSpecification","valueRequired":true,"valueName":"search_term_string"}}],"inLanguage":"de-DE"}]}},"_links":{"self":[{"href":"https:\/\/dinostorm.com\/de\/wp-json\/wp\/v2\/pages\/2261","targetHints":{"allow":["GET"]}}],"collection":[{"href":"https:\/\/dinostorm.com\/de\/wp-json\/wp\/v2\/pages"}],"about":[{"href":"https:\/\/dinostorm.com\/de\/wp-json\/wp\/v2\/types\/page"}],"author":[{"embeddable":true,"href":"https:\/\/dinostorm.com\/de\/wp-json\/wp\/v2\/users\/26"}],"replies":[{"embeddable":true,"href":"https:\/\/dinostorm.com\/de\/wp-json\/wp\/v2\/comments?post=2261"}],"version-history":[{"count":7,"href":"https:\/\/dinostorm.com\/de\/wp-json\/wp\/v2\/pages\/2261\/revisions"}],"predecessor-version":[{"id":233130,"href":"https:\/\/dinostorm.com\/de\/wp-json\/wp\/v2\/pages\/2261\/revisions\/233130"}],"up":[{"embeddable":true,"href":"https:\/\/dinostorm.com\/de\/wp-json\/wp\/v2\/pages\/1592"}],"wp:featuredmedia":[{"embeddable":true,"href":"https:\/\/dinostorm.com\/de\/wp-json\/wp\/v2\/media\/15052"}],"wp:attachment":[{"href":"https:\/\/dinostorm.com\/de\/wp-json\/wp\/v2\/media?parent=2261"}],"curies":[{"name":"wp","href":"https:\/\/api.w.org\/{rel}","templated":true}]}}