{"id":2249,"date":"2012-10-18T09:12:31","date_gmt":"2012-10-18T07:12:31","guid":{"rendered":"http:\/\/dinostorm.com\/?page_id=2249"},"modified":"2021-07-08T11:26:34","modified_gmt":"2021-07-08T09:26:34","slug":"dinosaurier-tyrannosaurus-rex","status":"publish","type":"page","link":"https:\/\/dinostorm.com\/de\/online-3d-spiel\/dinosaurier-lexikon\/dinosaurier-tyrannosaurus-rex\/","title":{"rendered":"Tyrannosaurus Rex"},"content":{"rendered":"<div class=\"teaser\"><\/div>\n<h1 class=\"headline_page width_600\"><span>DINOSAURIER \u2014 Tyrannosaurus Rex<\/span><\/h1>\n<p class=\"back-button back-pos600\"><a class=\"back-block\" href=\"\/de\/online-3d-spiel\/dinosaurier-lexikon\/\">Zur\u00fcck<\/a>><\/p>\n<div class=\"two_thirds\">\n<h2 class=\"headline-lex\"><span>Tyrannosaurus Rex in Dino Storm<\/span><\/h2>\n<div class=\"banner_lex\">\n<p class=\"banner_text_lex text_lex\"><strong>Tyrannosaurus Rex<\/strong> ist au\u00dfergew\u00f6hnlich stark und wird als solcher als Schadensausteiler eingestuft. Dieses Raubtier kann schnell rennen und wird alle anderen Dinosaurier vor Angst und Schrecken erzittern lassen \u2012 im wahrsten Sinne des Wortes!<\/p>\n<div style=\"margin-right: 29px; float: left; width: 10px; text-align: left; position: relative; top: 40px; left: 30px\">\n<strong class=\"text_lex\" style=\"position: relative; top: 12px\">Gesundheit:<\/strong><br \/>\n<strong class=\"text_lex\" style=\"position: relative; top: 30px\">St\u00e4rke:<\/strong><br \/>\n<strong class=\"text_lex\" style=\"position: relative; top: 50px\">Ausdauer:<\/strong>\n<\/div>\n<div style=\"margin-right: 20px; float: left; width: 118px; text-align: left; position: relative; top: 70px; left: 10px\">\n<img decoding=\"async\" class=\"skill_image_lex colorbox-2249\" src=\"\/wp-content\/themes\/arras\/images\/dinostorm\/Dinos\/bar_health_1.png\" alt=\"Basiswert der Gesundheit eines Tyrannosaurus Rex in Dino Storm ist 1.\" title=\"Basiswert Gesundheit: 1\"\/><br \/>\n<img decoding=\"async\" class=\"skill_image_lex colorbox-2249\" src=\"\/wp-content\/themes\/arras\/images\/dinostorm\/Dinos\/bar_strength_5.png\" alt=\"Basiswert der St\u00e4rke eines Tyrannosaurus Rex in Dino Storm ist 5.\" title=\"Basiswert St\u00e4rke: 5\"\/><br \/>\n<img decoding=\"async\" class=\"skill_image_lex colorbox-2249\" src=\"\/wp-content\/themes\/arras\/images\/dinostorm\/Dinos\/bar_endurance_4.png\" alt=\"Basiswert der Ausdauer eines Tyrannosaurus Rex in Dino Storm ist 4.\" title=\"Basiswert Ausdauer: 4\"\/>\n<\/div>\n<div class=\"icc_scale\">\n<img class=\"colorbox-2249\"  decoding=\"async\" src=\"\/wp-content\/themes\/arras\/images\/dinostorm\/Dinos\/icc_scale_pnn.png\" alt=\"\" title=\"\"\/><br \/>\n<a href=\"\/de\/online-3d-spiel\/dinosaurier-lexikon\/dinosaurier-carnotaurus\/\"><img decoding=\"async\" class=\"icc_dino colorbox-2249\" src=\"\/wp-content\/themes\/arras\/images\/dinostorm\/Dinos\/carnotaurus_icon.png\" alt=\"\" title=\"\"\/><\/a><\/p>\n<div class=\"icc_text\">Alternativer Schadensausteiler:<br \/>\n<strong>Carnotaurus<\/strong>\n<\/div>\n<\/div>\n<\/div>\n<div class=\"one_third\">\n<img decoding=\"async\" class=\"dino_lex_2 colorbox-2249\" src=\"\/wp-content\/themes\/arras\/images\/dinostorm\/Dinos\/Tyrannosaurus Rex.png\" alt=\"Tyrannosaurus Rex in Dino Storm\"\/>\n<\/div>\n<\/div>\n<div class=\"clear\"><\/div>\n<div class=\"one_third\">\n<h3 class=\"headlinelex2_1\">Tyrannosaurus \u2014 Dinosaurier-Fertigkeiten<\/h3>\n<div class=\"banner_lex2\">\n<span class=\"icon_skill_top float-left\"><br \/>\n<img class=\"colorbox-2249\"  decoding=\"async\" src=\"\/wp-content\/themes\/arras\/images\/dinostorm\/Dinos\/Trex_skill_01.png\" \nonmouseover=\"for (let el of document.querySelectorAll('.trex_idle')) el.style.visibility = 'hidden'; for (let el of document.querySelectorAll('.trex_skill1')) el.style.visibility = 'visible';\"\nonmouseout=\"for (let el of document.querySelectorAll('.trex_idle')) el.style.visibility = 'visible'; for (let el of document.querySelectorAll('.trex_skill1')) el.style.visibility = 'hidden';\"\"\nalt=\"Tyrannosaurus Besondere F&#x00e4;higkeit \u2014 Brutaler Biss\" title=\"Besondere F&#x00e4;higkeit: Brutaler Biss\"\/><\/span><\/p>\n<div class=\"skill-wrapper\"><span class=\"icon_skill_title\">Brutaler Biss<\/span><\/p>\n<p class=\"icon_skill_text\">\n<\/div>\n<p><span class=\"clear\"><!-- --><\/span><span class=\"icon_skill_top float-left\"><br \/>\n<img class=\"colorbox-2249\"  decoding=\"async\" src=\"\/wp-content\/themes\/arras\/images\/dinostorm\/Dinos\/Trex_skill_02.png\" \nonmouseover=\"for (let el of document.querySelectorAll('.trex_idle')) el.style.visibility = 'hidden'; for (let el of document.querySelectorAll('.trex_skill2')) el.style.visibility = 'visible';\"\nonmouseout=\"for (let el of document.querySelectorAll('.trex_idle')) el.style.visibility = 'visible'; for (let el of document.querySelectorAll('.trex_skill2')) el.style.visibility = 'hidden';\"\"\nalt=\"Tyrannosaurus Besondere F&#x00e4;higkeit \u2014 Kampfgebr&#x00fc;ll\" title=\"Besondere F&#x00e4;higkeit: Kampfgebr&#x00fc;ll\"\/><\/span><\/p>\n<div class=\"skill-wrapper-bottom\"><span class=\"icon_skill_title\">Kampfgebr&#x00fc;ll<\/span><\/p>\n<p class=\"icon_skill_text\">\n<\/div>\n<p><span class=\"clear\"><!-- --><\/span><\/p>\n<\/div>\n<\/div>\n<div class=\"one_third\">\n<h3 class=\"headlinelex2_2\">Tyrannosaurus \u2014 Dinosaurier-Fakten<\/h3>\n<div class=\"fact_lex\">\n<p>Tyrannosaurus Rex, lateinisch f&#x00fc;r &#8220;K&#x00f6;nig der tyrannischen Saurier&#8221;, z&#x00e4;hlt zu den gr&#x00f6;&#x00df;ten Fleischfressern aller Zeiten. Dieser Dino lebte in der h&#x00f6;heren Kreide in dem Gebiet, das heute Nordamerika entspricht.<\/p>\n<p>Tyrannosaurus lief auf zwei Beinen und besa&#x00df; einen riesigen Sch&#x00e4;del. Seinen Schwanz nutzte er, um das Gleichgewicht zu halten. Die Z&#x00e4;hne von T-Rex ma&#x00df;en etwa 20 cm und waren extrem scharf. Forschern zufolge konnte dieser Dino eine Bisskraft von bis zu 52.000 Newton aus&#x00fc;ben, was 5 Tonnen pro Zahn entspricht.<\/p>\n<\/div>\n<\/div>\n<div class=\"dino_animations\">\n<img decoding=\"async\" class=\"trex_idle colorbox-2249\" src=\"\/wp-content\/themes\/arras\/images\/dinostorm\/Dinos\/tyrannosaurus_idle.gif\"\/><br \/>\n<img decoding=\"async\" class=\"trex_skill1 colorbox-2249\" style=\"bottom:169px\" src=\"\/wp-content\/themes\/arras\/images\/dinostorm\/Dinos\/tyrannosaurus_skill_01.gif\"\/><br \/>\n<img decoding=\"async\" class=\"trex_skill2 colorbox-2249\" style=\"bottom:489px\" src=\"\/wp-content\/themes\/arras\/images\/dinostorm\/Dinos\/tyrannosaurus_skill_02.gif\"\/>\n<\/div>\n<div class=\"full\">\n<img decoding=\"async\" class=\"hr3 margin35 colorbox-2249\" src=\"\/wp-content\/themes\/arras\/images\/dinostorm\/seperator_big.png\" alt=\"separator dino storm\" \/>\n<\/div>\n","protected":false},"excerpt":{"rendered":"<p>DINOSAURIER \u2014 Tyrannosaurus Rex Zur\u00fcck> Tyrannosaurus Rex in Dino Storm Tyrannosaurus Rex ist au\u00dfergew\u00f6hnlich stark und wird als solcher als Schadensausteiler eingestuft. Dieses Raubtier kann schnell rennen und wird alle anderen Dinosaurier vor Angst und [&hellip;]<\/p>\n","protected":false},"author":26,"featured_media":15052,"parent":1583,"menu_order":0,"comment_status":"closed","ping_status":"closed","template":"pagetpl-onecolumn.php","meta":{"footnotes":"","_links_to":"","_links_to_target":""},"class_list":["post-2249","page","type-page","status-publish","has-post-thumbnail","hentry"],"yoast_head":"<!-- This site is optimized with the Yoast SEO plugin v27.3 - https:\/\/yoast.com\/product\/yoast-seo-wordpress\/ -->\n<title>Dinosaurier: Tyrannosaurus Rex - Dino Storm<\/title>\n<meta name=\"description\" content=\"Tyrannosaurus Rex ist ein au\u00dfergew\u00f6hnlich starker Dinosaurier, der Angst und Schrecken in Dino Storm verbreitet. T-Rex: Fakten, Skills und F\u00e4higkeiten.\" \/>\n<meta name=\"robots\" content=\"index, follow, max-snippet:-1, max-image-preview:large, max-video-preview:-1\" \/>\n<link rel=\"canonical\" href=\"https:\/\/dinostorm.com\/de\/online-3d-spiel\/dinosaurier-lexikon\/dinosaurier-tyrannosaurus-rex\/\" \/>\n<meta property=\"og:locale\" content=\"de_DE\" \/>\n<meta property=\"og:type\" content=\"article\" \/>\n<meta property=\"og:title\" content=\"Dinosaurier: Tyrannosaurus Rex - Dino Storm\" \/>\n<meta property=\"og:description\" content=\"Tyrannosaurus Rex ist ein au\u00dfergew\u00f6hnlich starker Dinosaurier, der Angst und Schrecken in Dino Storm verbreitet. T-Rex: Fakten, Skills und F\u00e4higkeiten.\" \/>\n<meta property=\"og:url\" content=\"https:\/\/dinostorm.com\/de\/online-3d-spiel\/dinosaurier-lexikon\/dinosaurier-tyrannosaurus-rex\/\" \/>\n<meta property=\"og:site_name\" content=\"DinoStorm\" \/>\n<meta property=\"article:modified_time\" content=\"2021-07-08T09:26:34+00:00\" \/>\n<meta property=\"og:image\" content=\"https:\/\/dinostorm.com\/wp-content\/uploads\/2012\/09\/ds_jungle_01.jpg\" \/>\n\t<meta property=\"og:image:width\" content=\"1280\" \/>\n\t<meta property=\"og:image:height\" content=\"720\" \/>\n\t<meta property=\"og:image:type\" content=\"image\/jpeg\" \/>\n<script type=\"application\/ld+json\" class=\"yoast-schema-graph\">{\"@context\":\"https:\\\/\\\/schema.org\",\"@graph\":[{\"@type\":\"WebPage\",\"@id\":\"https:\\\/\\\/dinostorm.com\\\/de\\\/online-3d-spiel\\\/dinosaurier-lexikon\\\/dinosaurier-tyrannosaurus-rex\\\/\",\"url\":\"https:\\\/\\\/dinostorm.com\\\/de\\\/online-3d-spiel\\\/dinosaurier-lexikon\\\/dinosaurier-tyrannosaurus-rex\\\/\",\"name\":\"Dinosaurier: Tyrannosaurus Rex - Dino Storm\",\"isPartOf\":{\"@id\":\"https:\\\/\\\/dinostorm.com\\\/de\\\/#website\"},\"primaryImageOfPage\":{\"@id\":\"https:\\\/\\\/dinostorm.com\\\/de\\\/online-3d-spiel\\\/dinosaurier-lexikon\\\/dinosaurier-tyrannosaurus-rex\\\/#primaryimage\"},\"image\":{\"@id\":\"https:\\\/\\\/dinostorm.com\\\/de\\\/online-3d-spiel\\\/dinosaurier-lexikon\\\/dinosaurier-tyrannosaurus-rex\\\/#primaryimage\"},\"thumbnailUrl\":\"https:\\\/\\\/dinostorm.com\\\/wp-content\\\/uploads\\\/2012\\\/09\\\/ds_jungle_01.jpg\",\"datePublished\":\"2012-10-18T07:12:31+00:00\",\"dateModified\":\"2021-07-08T09:26:34+00:00\",\"description\":\"Tyrannosaurus Rex ist ein au\u00dfergew\u00f6hnlich starker Dinosaurier, der Angst und Schrecken in Dino Storm verbreitet. T-Rex: Fakten, Skills und F\u00e4higkeiten.\",\"breadcrumb\":{\"@id\":\"https:\\\/\\\/dinostorm.com\\\/de\\\/online-3d-spiel\\\/dinosaurier-lexikon\\\/dinosaurier-tyrannosaurus-rex\\\/#breadcrumb\"},\"inLanguage\":\"de-DE\",\"potentialAction\":[{\"@type\":\"ReadAction\",\"target\":[\"https:\\\/\\\/dinostorm.com\\\/de\\\/online-3d-spiel\\\/dinosaurier-lexikon\\\/dinosaurier-tyrannosaurus-rex\\\/\"]}]},{\"@type\":\"ImageObject\",\"inLanguage\":\"de-DE\",\"@id\":\"https:\\\/\\\/dinostorm.com\\\/de\\\/online-3d-spiel\\\/dinosaurier-lexikon\\\/dinosaurier-tyrannosaurus-rex\\\/#primaryimage\",\"url\":\"https:\\\/\\\/dinostorm.com\\\/wp-content\\\/uploads\\\/2012\\\/09\\\/ds_jungle_01.jpg\",\"contentUrl\":\"https:\\\/\\\/dinostorm.com\\\/wp-content\\\/uploads\\\/2012\\\/09\\\/ds_jungle_01.jpg\",\"width\":1280,\"height\":720,\"caption\":\"Beware of dangerous bandits in Mokon Woods are everywhere.\"},{\"@type\":\"BreadcrumbList\",\"@id\":\"https:\\\/\\\/dinostorm.com\\\/de\\\/online-3d-spiel\\\/dinosaurier-lexikon\\\/dinosaurier-tyrannosaurus-rex\\\/#breadcrumb\",\"itemListElement\":[{\"@type\":\"ListItem\",\"position\":1,\"name\":\"Home\",\"item\":\"https:\\\/\\\/dinostorm.com\\\/de\\\/\"},{\"@type\":\"ListItem\",\"position\":2,\"name\":\"Spiel\",\"item\":\"https:\\\/\\\/dinostorm.com\\\/de\\\/online-3d-spiel\\\/\"},{\"@type\":\"ListItem\",\"position\":3,\"name\":\"Dinosaurierlexikon\",\"item\":\"https:\\\/\\\/dinostorm.com\\\/de\\\/online-3d-spiel\\\/dinosaurier-lexikon\\\/\"},{\"@type\":\"ListItem\",\"position\":4,\"name\":\"Tyrannosaurus Rex\"}]},{\"@type\":\"WebSite\",\"@id\":\"https:\\\/\\\/dinostorm.com\\\/de\\\/#website\",\"url\":\"https:\\\/\\\/dinostorm.com\\\/de\\\/\",\"name\":\"DinoStorm\",\"description\":\"\",\"potentialAction\":[{\"@type\":\"SearchAction\",\"target\":{\"@type\":\"EntryPoint\",\"urlTemplate\":\"https:\\\/\\\/dinostorm.com\\\/de\\\/?s={search_term_string}\"},\"query-input\":{\"@type\":\"PropertyValueSpecification\",\"valueRequired\":true,\"valueName\":\"search_term_string\"}}],\"inLanguage\":\"de-DE\"}]}<\/script>\n<!-- \/ Yoast SEO plugin. -->","yoast_head_json":{"title":"Dinosaurier: Tyrannosaurus Rex - Dino Storm","description":"Tyrannosaurus Rex ist ein au\u00dfergew\u00f6hnlich starker Dinosaurier, der Angst und Schrecken in Dino Storm verbreitet. T-Rex: Fakten, Skills und F\u00e4higkeiten.","robots":{"index":"index","follow":"follow","max-snippet":"max-snippet:-1","max-image-preview":"max-image-preview:large","max-video-preview":"max-video-preview:-1"},"canonical":"https:\/\/dinostorm.com\/de\/online-3d-spiel\/dinosaurier-lexikon\/dinosaurier-tyrannosaurus-rex\/","og_locale":"de_DE","og_type":"article","og_title":"Dinosaurier: Tyrannosaurus Rex - Dino Storm","og_description":"Tyrannosaurus Rex ist ein au\u00dfergew\u00f6hnlich starker Dinosaurier, der Angst und Schrecken in Dino Storm verbreitet. T-Rex: Fakten, Skills und F\u00e4higkeiten.","og_url":"https:\/\/dinostorm.com\/de\/online-3d-spiel\/dinosaurier-lexikon\/dinosaurier-tyrannosaurus-rex\/","og_site_name":"DinoStorm","article_modified_time":"2021-07-08T09:26:34+00:00","og_image":[{"width":1280,"height":720,"url":"https:\/\/dinostorm.com\/wp-content\/uploads\/2012\/09\/ds_jungle_01.jpg","type":"image\/jpeg"}],"schema":{"@context":"https:\/\/schema.org","@graph":[{"@type":"WebPage","@id":"https:\/\/dinostorm.com\/de\/online-3d-spiel\/dinosaurier-lexikon\/dinosaurier-tyrannosaurus-rex\/","url":"https:\/\/dinostorm.com\/de\/online-3d-spiel\/dinosaurier-lexikon\/dinosaurier-tyrannosaurus-rex\/","name":"Dinosaurier: Tyrannosaurus Rex - Dino Storm","isPartOf":{"@id":"https:\/\/dinostorm.com\/de\/#website"},"primaryImageOfPage":{"@id":"https:\/\/dinostorm.com\/de\/online-3d-spiel\/dinosaurier-lexikon\/dinosaurier-tyrannosaurus-rex\/#primaryimage"},"image":{"@id":"https:\/\/dinostorm.com\/de\/online-3d-spiel\/dinosaurier-lexikon\/dinosaurier-tyrannosaurus-rex\/#primaryimage"},"thumbnailUrl":"https:\/\/dinostorm.com\/wp-content\/uploads\/2012\/09\/ds_jungle_01.jpg","datePublished":"2012-10-18T07:12:31+00:00","dateModified":"2021-07-08T09:26:34+00:00","description":"Tyrannosaurus Rex ist ein au\u00dfergew\u00f6hnlich starker Dinosaurier, der Angst und Schrecken in Dino Storm verbreitet. T-Rex: Fakten, Skills und F\u00e4higkeiten.","breadcrumb":{"@id":"https:\/\/dinostorm.com\/de\/online-3d-spiel\/dinosaurier-lexikon\/dinosaurier-tyrannosaurus-rex\/#breadcrumb"},"inLanguage":"de-DE","potentialAction":[{"@type":"ReadAction","target":["https:\/\/dinostorm.com\/de\/online-3d-spiel\/dinosaurier-lexikon\/dinosaurier-tyrannosaurus-rex\/"]}]},{"@type":"ImageObject","inLanguage":"de-DE","@id":"https:\/\/dinostorm.com\/de\/online-3d-spiel\/dinosaurier-lexikon\/dinosaurier-tyrannosaurus-rex\/#primaryimage","url":"https:\/\/dinostorm.com\/wp-content\/uploads\/2012\/09\/ds_jungle_01.jpg","contentUrl":"https:\/\/dinostorm.com\/wp-content\/uploads\/2012\/09\/ds_jungle_01.jpg","width":1280,"height":720,"caption":"Beware of dangerous bandits in Mokon Woods are everywhere."},{"@type":"BreadcrumbList","@id":"https:\/\/dinostorm.com\/de\/online-3d-spiel\/dinosaurier-lexikon\/dinosaurier-tyrannosaurus-rex\/#breadcrumb","itemListElement":[{"@type":"ListItem","position":1,"name":"Home","item":"https:\/\/dinostorm.com\/de\/"},{"@type":"ListItem","position":2,"name":"Spiel","item":"https:\/\/dinostorm.com\/de\/online-3d-spiel\/"},{"@type":"ListItem","position":3,"name":"Dinosaurierlexikon","item":"https:\/\/dinostorm.com\/de\/online-3d-spiel\/dinosaurier-lexikon\/"},{"@type":"ListItem","position":4,"name":"Tyrannosaurus Rex"}]},{"@type":"WebSite","@id":"https:\/\/dinostorm.com\/de\/#website","url":"https:\/\/dinostorm.com\/de\/","name":"DinoStorm","description":"","potentialAction":[{"@type":"SearchAction","target":{"@type":"EntryPoint","urlTemplate":"https:\/\/dinostorm.com\/de\/?s={search_term_string}"},"query-input":{"@type":"PropertyValueSpecification","valueRequired":true,"valueName":"search_term_string"}}],"inLanguage":"de-DE"}]}},"_links":{"self":[{"href":"https:\/\/dinostorm.com\/de\/wp-json\/wp\/v2\/pages\/2249","targetHints":{"allow":["GET"]}}],"collection":[{"href":"https:\/\/dinostorm.com\/de\/wp-json\/wp\/v2\/pages"}],"about":[{"href":"https:\/\/dinostorm.com\/de\/wp-json\/wp\/v2\/types\/page"}],"author":[{"embeddable":true,"href":"https:\/\/dinostorm.com\/de\/wp-json\/wp\/v2\/users\/26"}],"replies":[{"embeddable":true,"href":"https:\/\/dinostorm.com\/de\/wp-json\/wp\/v2\/comments?post=2249"}],"version-history":[{"count":4,"href":"https:\/\/dinostorm.com\/de\/wp-json\/wp\/v2\/pages\/2249\/revisions"}],"predecessor-version":[{"id":237855,"href":"https:\/\/dinostorm.com\/de\/wp-json\/wp\/v2\/pages\/2249\/revisions\/237855"}],"up":[{"embeddable":true,"href":"https:\/\/dinostorm.com\/de\/wp-json\/wp\/v2\/pages\/1583"}],"wp:featuredmedia":[{"embeddable":true,"href":"https:\/\/dinostorm.com\/de\/wp-json\/wp\/v2\/media\/15052"}],"wp:attachment":[{"href":"https:\/\/dinostorm.com\/de\/wp-json\/wp\/v2\/media?parent=2249"}],"curies":[{"name":"wp","href":"https:\/\/api.w.org\/{rel}","templated":true}]}}