{"id":2236,"date":"2012-10-18T09:12:00","date_gmt":"2012-10-18T07:12:00","guid":{"rendered":"http:\/\/dinostorm.com\/?page_id=2236"},"modified":"2022-04-25T09:55:18","modified_gmt":"2022-04-25T07:55:18","slug":"dinosaurier-coelophysis","status":"publish","type":"page","link":"https:\/\/dinostorm.com\/de\/online-3d-spiel\/dinosaurier-lexikon\/dinosaurier-coelophysis\/","title":{"rendered":"Coelophysis"},"content":{"rendered":"<div class=\"teaser\"><\/div>\n<h1 class=\"headline_page width_500\"><span>DINOSAURIER \u2014 COELOPHYSIS<\/span><\/h1>\n<p class=\"back-button back-pos500\"><a class=\"back-block\" href=\"\/de\/online-3d-spiel\/dinosaurier-lexikon\/\">Lexikon<\/a><\/p>\n<div class=\"two_thirds\">\n<h2 class=\"headline-lex\"><span>Coelophysis in Dino Storm<\/span><\/h2>\n<div class=\"banner_lex\">\n<p class=\"banner_text_lex text_lex\"><strong>Coelophysis<\/strong> ist auf Geschwindigkeit ausgelegt und bevorzugt einen &#8220;Hit and Run&#8221;-Kampfstil. Er steckt im Nahkampf nicht viele Treffer ein, daher ist es lebenswichtig, seine un\u00fcbertroffenen Lauff\u00e4higkeiten gut zu nutzen!<\/p>\n<div style=\"margin-right: 29px; float: left; width: 10px; text-align: left; position: relative; top: 40px; left: 30px\">\n<strong class=\"text_lex\" style=\"position: relative; top: 12px\">Gesundheit:<\/strong><br \/>\n<strong class=\"text_lex\" style=\"position: relative; top: 30px\">St\u00e4rke:<\/strong><br \/>\n<strong class=\"text_lex\" style=\"position: relative; top: 50px\">Ausdauer:<\/strong>\n<\/div>\n<div style=\"margin-right: 20px; float: left; width: 118px; text-align: left; position: relative; top: 70px; left: 10px\">\n<img decoding=\"async\" class=\"skill_image_lex colorbox-2236\" src=\"\/wp-content\/themes\/arras\/images\/dinostorm\/Dinos\/bar_health_2.png\" alt=\"Basiswert der Gesundheit eines Coelophysis in Dino Storm ist 2.\" title=\"Basiswert Gesundheit: 2\"\/><br \/>\n<img decoding=\"async\" class=\"skill_image_lex colorbox-2236\" src=\"\/wp-content\/themes\/arras\/images\/dinostorm\/Dinos\/bar_strength_4.png\" alt=\"Basiswert der St\u00e4rke eines Coelophysis in Dino Storm ist 4.\" title=\"Basiswert St\u00e4rke: 4\"\/><br \/>\n<img decoding=\"async\" class=\"skill_image_lex colorbox-2236\" src=\"\/wp-content\/themes\/arras\/images\/dinostorm\/Dinos\/bar_endurance_5.png\" alt=\"Basiswert der Ausdauer eines Coelophysis in Dino Storm ist 5.\" title=\"Basiswert Ausdauer: 5\"\/>\n<\/div>\n<div class=\"icc_scale\">\n<img class=\"colorbox-2236\"  decoding=\"async\" src=\"\/wp-content\/themes\/arras\/images\/dinostorm\/Dinos\/icc_scale_pnn.png\" alt=\"\" title=\"\"\/><br \/>\n<a href=\"\/de\/online-3d-spiel\/dinosaurier-lexikon\/dinosaurier-pachycephalosaurus\/\"><img decoding=\"async\" class=\"icc_dino colorbox-2236\" src=\"\/wp-content\/themes\/arras\/images\/dinostorm\/Dinos\/pachycephalosaurus_icon.png\" alt=\"\" title=\"\"\/><\/a><\/p>\n<div class=\"icc_text\">&#8220;Hit and run&#8221;-Alternative:<br \/>\n<strong>Pachycephalosaurus<\/strong>\n<\/div>\n<\/div>\n<\/div>\n<div class=\"one_third\">\n<img decoding=\"async\" class=\"dino_lex_2 colorbox-2236\" src=\"\/wp-content\/themes\/arras\/images\/dinostorm\/Dinos\/Coelophysis.png\" alt=\"Coelophysis in Dino Storm\"\/>\n<\/div>\n<\/div>\n<div class=\"clear\"><\/div>\n<div class=\"one_third\">\n<h3 class=\"headlinelex2_1\">Coelophysis \u2014 Dinosaurier-Fertigkeiten<\/h3>\n<div class=\"banner_lex2\">\n<span class=\"icon_skill_top float-left\"><br \/>\n<img class=\"colorbox-2236\"  decoding=\"async\" src=\"\/wp-content\/themes\/arras\/images\/dinostorm\/Dinos\/coelophysis_skill_01.png\" \nonmouseover=\"for (let el of document.querySelectorAll('.dino_idle')) el.style.visibility = 'hidden'; for (let el of document.querySelectorAll('.dino_skill1')) el.style.visibility = 'visible';\"\nonmouseout=\"for (let el of document.querySelectorAll('.dino_idle')) el.style.visibility = 'visible'; for (let el of document.querySelectorAll('.dino_skill1')) el.style.visibility = 'hidden';\"\"\nalt=\"Coelophysis Besondere F&#x00e4;higkeit \u2014 Schnelle Schl&#x00e4;ge\" title=\"Besondere F&#x00e4;higkeit: Schnelle Schl&#x00e4;ge\"\/><\/span><\/p>\n<div class=\"skill-wrapper\"><span class=\"icon_skill_title\">Schnelle Schl&#x00e4;ge<\/span><\/p>\n<p class=\"icon_skill_text\">\n<\/div>\n<p><span class=\"clear\"><!-- --><\/span><span class=\"icon_skill_top float-left\"><br \/>\n<img class=\"colorbox-2236\"  decoding=\"async\" src=\"\/wp-content\/themes\/arras\/images\/dinostorm\/Dinos\/coelophysis_skill_02.png\" \nonmouseover=\"for (let el of document.querySelectorAll('.dino_idle')) el.style.visibility = 'hidden'; for (let el of document.querySelectorAll('.dino_skill2')) el.style.visibility = 'visible';\"\nonmouseout=\"for (let el of document.querySelectorAll('.dino_idle')) el.style.visibility = 'visible'; for (let el of document.querySelectorAll('.dino_skill2')) el.style.visibility = 'hidden';\"\"\nalt=\"Coelophysis Besondere F&#x00e4;higkeit \u2014 Sprung-Angriff\" title=\"Besondere F&#x00e4;higkeit: Sprung-Angriff\"\/><\/span><\/p>\n<div class=\"skill-wrapper-bottom\"><span class=\"icon_skill_title\">Sprung-Angriff<\/span><\/p>\n<p class=\"icon_skill_text\">\n<\/div>\n<p><span class=\"clear\"><!-- --><\/span><\/p>\n<\/div>\n<\/div>\n<div class=\"one_third\">\n<h3 class=\"headlinelex2_2\">Coelophysis \u2014 Dinosaurier-Fakten<\/h3>\n<div class=\"fact_lex\">\n<p>Der Dinosaurier Coelophysis lebte w&#x00e4;hrend der sp&#x00e4;ten Trias in einem Gebiet, das heute dem S&#x00fc;dwesten Nordamerikas entspricht. Er war ein fr&#x00fc;her Vertreter der Gruppe der Theropoda.<\/p>\n<p>Der K&#x00f6;rperbau dieses Dinos war auf geringes Gewicht ausgelegt, was ein hohes Lauftempo erm&#x00f6;glichte. Die Knochen von Coelophysis waren zierlich und hohl, doch seine Z&#x00e4;hne waren scharf wie Rasiermesser, und die Zehen mit ebenfalls scharfen Klauen besetzt.<\/p>\n<\/div>\n<\/div>\n<div class=\"dino_animations\">\n<img decoding=\"async\" class=\"dino_idle colorbox-2236\" src=\"\/wp-content\/themes\/arras\/images\/dinostorm\/Dinos\/coelophysis_idle.gif\"\/><br \/>\n<img decoding=\"async\" class=\"dino_skill1 colorbox-2236\" src=\"\/wp-content\/themes\/arras\/images\/dinostorm\/Dinos\/coelophysis_skill_01.gif\"\/><br \/>\n<img decoding=\"async\" class=\"dino_skill2 colorbox-2236\" src=\"\/wp-content\/themes\/arras\/images\/dinostorm\/Dinos\/coelophysis_skill_02.gif\"\/>\n<\/div>\n<div class=\"full\">\n<img decoding=\"async\" class=\"hr3 margin35 colorbox-2236\" src=\"\/wp-content\/themes\/arras\/images\/dinostorm\/seperator_big.png\" alt=\"separator dino storm\" \/>\n<\/div>\n","protected":false},"excerpt":{"rendered":"<p>DINOSAURIER \u2014 COELOPHYSIS Lexikon Coelophysis in Dino Storm Coelophysis ist auf Geschwindigkeit ausgelegt und bevorzugt einen &#8220;Hit and Run&#8221;-Kampfstil. Er steckt im Nahkampf nicht viele Treffer ein, daher ist es lebenswichtig, seine un\u00fcbertroffenen Lauff\u00e4higkeiten gut [&hellip;]<\/p>\n","protected":false},"author":26,"featured_media":15052,"parent":1583,"menu_order":0,"comment_status":"closed","ping_status":"closed","template":"pagetpl-onecolumn.php","meta":{"footnotes":"","_links_to":"","_links_to_target":""},"class_list":["post-2236","page","type-page","status-publish","has-post-thumbnail","hentry"],"yoast_head":"<!-- This site is optimized with the Yoast SEO plugin v27.3 - https:\/\/yoast.com\/product\/yoast-seo-wordpress\/ -->\n<title>Dinosaurier: Coelophysis - Dino Storm<\/title>\n<meta name=\"description\" content=\"Coelophysis ist mit seinen starke Hinterbeinen ein echter Sprinter in Dino Storm. Hier erf\u00e4hrst du alles \u00fcber Coelophysis: Fakten, Skills und F\u00e4higkeiten.\" \/>\n<meta name=\"robots\" content=\"index, follow, max-snippet:-1, max-image-preview:large, max-video-preview:-1\" \/>\n<link rel=\"canonical\" href=\"https:\/\/dinostorm.com\/de\/online-3d-spiel\/dinosaurier-lexikon\/dinosaurier-coelophysis\/\" \/>\n<meta property=\"og:locale\" content=\"de_DE\" \/>\n<meta property=\"og:type\" content=\"article\" \/>\n<meta property=\"og:title\" content=\"Dinosaurier: Coelophysis - Dino Storm\" \/>\n<meta property=\"og:description\" content=\"Coelophysis ist mit seinen starke Hinterbeinen ein echter Sprinter in Dino Storm. Hier erf\u00e4hrst du alles \u00fcber Coelophysis: Fakten, Skills und F\u00e4higkeiten.\" \/>\n<meta property=\"og:url\" content=\"https:\/\/dinostorm.com\/de\/online-3d-spiel\/dinosaurier-lexikon\/dinosaurier-coelophysis\/\" \/>\n<meta property=\"og:site_name\" content=\"DinoStorm\" \/>\n<meta property=\"article:modified_time\" content=\"2022-04-25T07:55:18+00:00\" \/>\n<script type=\"application\/ld+json\" class=\"yoast-schema-graph\">{\"@context\":\"https:\\\/\\\/schema.org\",\"@graph\":[{\"@type\":\"WebPage\",\"@id\":\"https:\\\/\\\/dinostorm.com\\\/de\\\/online-3d-spiel\\\/dinosaurier-lexikon\\\/dinosaurier-coelophysis\\\/\",\"url\":\"https:\\\/\\\/dinostorm.com\\\/de\\\/online-3d-spiel\\\/dinosaurier-lexikon\\\/dinosaurier-coelophysis\\\/\",\"name\":\"Dinosaurier: Coelophysis - Dino Storm\",\"isPartOf\":{\"@id\":\"https:\\\/\\\/dinostorm.com\\\/de\\\/#website\"},\"primaryImageOfPage\":{\"@id\":\"https:\\\/\\\/dinostorm.com\\\/de\\\/online-3d-spiel\\\/dinosaurier-lexikon\\\/dinosaurier-coelophysis\\\/#primaryimage\"},\"image\":{\"@id\":\"https:\\\/\\\/dinostorm.com\\\/de\\\/online-3d-spiel\\\/dinosaurier-lexikon\\\/dinosaurier-coelophysis\\\/#primaryimage\"},\"thumbnailUrl\":\"https:\\\/\\\/dinostorm.com\\\/wp-content\\\/uploads\\\/2012\\\/09\\\/ds_jungle_01.jpg\",\"datePublished\":\"2012-10-18T07:12:00+00:00\",\"dateModified\":\"2022-04-25T07:55:18+00:00\",\"description\":\"Coelophysis ist mit seinen starke Hinterbeinen ein echter Sprinter in Dino Storm. Hier erf\u00e4hrst du alles \u00fcber Coelophysis: Fakten, Skills und F\u00e4higkeiten.\",\"breadcrumb\":{\"@id\":\"https:\\\/\\\/dinostorm.com\\\/de\\\/online-3d-spiel\\\/dinosaurier-lexikon\\\/dinosaurier-coelophysis\\\/#breadcrumb\"},\"inLanguage\":\"de-DE\",\"potentialAction\":[{\"@type\":\"ReadAction\",\"target\":[\"https:\\\/\\\/dinostorm.com\\\/de\\\/online-3d-spiel\\\/dinosaurier-lexikon\\\/dinosaurier-coelophysis\\\/\"]}]},{\"@type\":\"ImageObject\",\"inLanguage\":\"de-DE\",\"@id\":\"https:\\\/\\\/dinostorm.com\\\/de\\\/online-3d-spiel\\\/dinosaurier-lexikon\\\/dinosaurier-coelophysis\\\/#primaryimage\",\"url\":\"https:\\\/\\\/dinostorm.com\\\/wp-content\\\/uploads\\\/2012\\\/09\\\/ds_jungle_01.jpg\",\"contentUrl\":\"https:\\\/\\\/dinostorm.com\\\/wp-content\\\/uploads\\\/2012\\\/09\\\/ds_jungle_01.jpg\",\"width\":1280,\"height\":720,\"caption\":\"Beware of dangerous bandits in Mokon Woods are everywhere.\"},{\"@type\":\"BreadcrumbList\",\"@id\":\"https:\\\/\\\/dinostorm.com\\\/de\\\/online-3d-spiel\\\/dinosaurier-lexikon\\\/dinosaurier-coelophysis\\\/#breadcrumb\",\"itemListElement\":[{\"@type\":\"ListItem\",\"position\":1,\"name\":\"Home\",\"item\":\"https:\\\/\\\/dinostorm.com\\\/de\\\/\"},{\"@type\":\"ListItem\",\"position\":2,\"name\":\"Spiel\",\"item\":\"https:\\\/\\\/dinostorm.com\\\/de\\\/online-3d-spiel\\\/\"},{\"@type\":\"ListItem\",\"position\":3,\"name\":\"Dinosaurierlexikon\",\"item\":\"https:\\\/\\\/dinostorm.com\\\/de\\\/online-3d-spiel\\\/dinosaurier-lexikon\\\/\"},{\"@type\":\"ListItem\",\"position\":4,\"name\":\"Coelophysis\"}]},{\"@type\":\"WebSite\",\"@id\":\"https:\\\/\\\/dinostorm.com\\\/de\\\/#website\",\"url\":\"https:\\\/\\\/dinostorm.com\\\/de\\\/\",\"name\":\"DinoStorm\",\"description\":\"\",\"potentialAction\":[{\"@type\":\"SearchAction\",\"target\":{\"@type\":\"EntryPoint\",\"urlTemplate\":\"https:\\\/\\\/dinostorm.com\\\/de\\\/?s={search_term_string}\"},\"query-input\":{\"@type\":\"PropertyValueSpecification\",\"valueRequired\":true,\"valueName\":\"search_term_string\"}}],\"inLanguage\":\"de-DE\"}]}<\/script>\n<!-- \/ Yoast SEO plugin. -->","yoast_head_json":{"title":"Dinosaurier: Coelophysis - Dino Storm","description":"Coelophysis ist mit seinen starke Hinterbeinen ein echter Sprinter in Dino Storm. Hier erf\u00e4hrst du alles \u00fcber Coelophysis: Fakten, Skills und F\u00e4higkeiten.","robots":{"index":"index","follow":"follow","max-snippet":"max-snippet:-1","max-image-preview":"max-image-preview:large","max-video-preview":"max-video-preview:-1"},"canonical":"https:\/\/dinostorm.com\/de\/online-3d-spiel\/dinosaurier-lexikon\/dinosaurier-coelophysis\/","og_locale":"de_DE","og_type":"article","og_title":"Dinosaurier: Coelophysis - Dino Storm","og_description":"Coelophysis ist mit seinen starke Hinterbeinen ein echter Sprinter in Dino Storm. Hier erf\u00e4hrst du alles \u00fcber Coelophysis: Fakten, Skills und F\u00e4higkeiten.","og_url":"https:\/\/dinostorm.com\/de\/online-3d-spiel\/dinosaurier-lexikon\/dinosaurier-coelophysis\/","og_site_name":"DinoStorm","article_modified_time":"2022-04-25T07:55:18+00:00","schema":{"@context":"https:\/\/schema.org","@graph":[{"@type":"WebPage","@id":"https:\/\/dinostorm.com\/de\/online-3d-spiel\/dinosaurier-lexikon\/dinosaurier-coelophysis\/","url":"https:\/\/dinostorm.com\/de\/online-3d-spiel\/dinosaurier-lexikon\/dinosaurier-coelophysis\/","name":"Dinosaurier: Coelophysis - Dino Storm","isPartOf":{"@id":"https:\/\/dinostorm.com\/de\/#website"},"primaryImageOfPage":{"@id":"https:\/\/dinostorm.com\/de\/online-3d-spiel\/dinosaurier-lexikon\/dinosaurier-coelophysis\/#primaryimage"},"image":{"@id":"https:\/\/dinostorm.com\/de\/online-3d-spiel\/dinosaurier-lexikon\/dinosaurier-coelophysis\/#primaryimage"},"thumbnailUrl":"https:\/\/dinostorm.com\/wp-content\/uploads\/2012\/09\/ds_jungle_01.jpg","datePublished":"2012-10-18T07:12:00+00:00","dateModified":"2022-04-25T07:55:18+00:00","description":"Coelophysis ist mit seinen starke Hinterbeinen ein echter Sprinter in Dino Storm. Hier erf\u00e4hrst du alles \u00fcber Coelophysis: Fakten, Skills und F\u00e4higkeiten.","breadcrumb":{"@id":"https:\/\/dinostorm.com\/de\/online-3d-spiel\/dinosaurier-lexikon\/dinosaurier-coelophysis\/#breadcrumb"},"inLanguage":"de-DE","potentialAction":[{"@type":"ReadAction","target":["https:\/\/dinostorm.com\/de\/online-3d-spiel\/dinosaurier-lexikon\/dinosaurier-coelophysis\/"]}]},{"@type":"ImageObject","inLanguage":"de-DE","@id":"https:\/\/dinostorm.com\/de\/online-3d-spiel\/dinosaurier-lexikon\/dinosaurier-coelophysis\/#primaryimage","url":"https:\/\/dinostorm.com\/wp-content\/uploads\/2012\/09\/ds_jungle_01.jpg","contentUrl":"https:\/\/dinostorm.com\/wp-content\/uploads\/2012\/09\/ds_jungle_01.jpg","width":1280,"height":720,"caption":"Beware of dangerous bandits in Mokon Woods are everywhere."},{"@type":"BreadcrumbList","@id":"https:\/\/dinostorm.com\/de\/online-3d-spiel\/dinosaurier-lexikon\/dinosaurier-coelophysis\/#breadcrumb","itemListElement":[{"@type":"ListItem","position":1,"name":"Home","item":"https:\/\/dinostorm.com\/de\/"},{"@type":"ListItem","position":2,"name":"Spiel","item":"https:\/\/dinostorm.com\/de\/online-3d-spiel\/"},{"@type":"ListItem","position":3,"name":"Dinosaurierlexikon","item":"https:\/\/dinostorm.com\/de\/online-3d-spiel\/dinosaurier-lexikon\/"},{"@type":"ListItem","position":4,"name":"Coelophysis"}]},{"@type":"WebSite","@id":"https:\/\/dinostorm.com\/de\/#website","url":"https:\/\/dinostorm.com\/de\/","name":"DinoStorm","description":"","potentialAction":[{"@type":"SearchAction","target":{"@type":"EntryPoint","urlTemplate":"https:\/\/dinostorm.com\/de\/?s={search_term_string}"},"query-input":{"@type":"PropertyValueSpecification","valueRequired":true,"valueName":"search_term_string"}}],"inLanguage":"de-DE"}]}},"_links":{"self":[{"href":"https:\/\/dinostorm.com\/de\/wp-json\/wp\/v2\/pages\/2236","targetHints":{"allow":["GET"]}}],"collection":[{"href":"https:\/\/dinostorm.com\/de\/wp-json\/wp\/v2\/pages"}],"about":[{"href":"https:\/\/dinostorm.com\/de\/wp-json\/wp\/v2\/types\/page"}],"author":[{"embeddable":true,"href":"https:\/\/dinostorm.com\/de\/wp-json\/wp\/v2\/users\/26"}],"replies":[{"embeddable":true,"href":"https:\/\/dinostorm.com\/de\/wp-json\/wp\/v2\/comments?post=2236"}],"version-history":[{"count":10,"href":"https:\/\/dinostorm.com\/de\/wp-json\/wp\/v2\/pages\/2236\/revisions"}],"predecessor-version":[{"id":311216,"href":"https:\/\/dinostorm.com\/de\/wp-json\/wp\/v2\/pages\/2236\/revisions\/311216"}],"up":[{"embeddable":true,"href":"https:\/\/dinostorm.com\/de\/wp-json\/wp\/v2\/pages\/1583"}],"wp:featuredmedia":[{"embeddable":true,"href":"https:\/\/dinostorm.com\/de\/wp-json\/wp\/v2\/media\/15052"}],"wp:attachment":[{"href":"https:\/\/dinostorm.com\/de\/wp-json\/wp\/v2\/media?parent=2236"}],"curies":[{"name":"wp","href":"https:\/\/api.w.org\/{rel}","templated":true}]}}