{"id":2232,"date":"2012-10-18T09:11:56","date_gmt":"2012-10-18T07:11:56","guid":{"rendered":"http:\/\/dinostorm.com\/?page_id=2232"},"modified":"2021-07-08T14:06:48","modified_gmt":"2021-07-08T12:06:48","slug":"dinosaurier-centrosaurus","status":"publish","type":"page","link":"https:\/\/dinostorm.com\/de\/online-3d-spiel\/dinosaurier-lexikon\/dinosaurier-centrosaurus\/","title":{"rendered":"Centrosaurus"},"content":{"rendered":"<div class=\"teaser\"><\/div>\n<h1 class=\"headline_page width_500\"><span>DINOSAURIER \u2014 Centrosaurus<\/span><\/h1>\n<p class=\"back-button back-pos500\"><a class=\"back-block\" href=\"\/de\/online-3d-spiel\/dinosaurier-lexikon\/\">Zur\u00fcck<\/a><\/p>\n<div class=\"two_thirds\">\n<h2 class=\"headline-lex\"><span>Centrosaurus in Dino Storm<\/span><\/h2>\n<div class=\"banner_lex\">\n<p class=\"banner_text_lex text_lex\"><strong>Centrosaurus<\/strong> wird als Allrounder eingestuft, was bedeutet, dass er sowohl im offensiven als auch im defensiven K\u00e4mpfen versiert ist, ohne in einem von beiden zu brillieren. Die Laufgeschwindigkeit ist ein wenig langsamer als der Durchschnitt.<\/p>\n<div style=\"margin-right: 29px; float: left; width: 10px; text-align: left; position: relative; top: 40px; left: 30px\">\n<strong class=\"text_lex\" style=\"position: relative; top: 12px\">Gesundheit:<\/strong><br \/>\n<strong class=\"text_lex\" style=\"position: relative; top: 30px\">St\u00e4rke:<\/strong><br \/>\n<strong class=\"text_lex\" style=\"position: relative; top: 50px\">Ausdauer:<\/strong>\n<\/div>\n<div style=\"margin-right: 20px; float: left; width: 118px; text-align: left; position: relative; top: 70px; left: 10px\">\n<img decoding=\"async\" class=\"skill_image_lex colorbox-2232\" src=\"\/wp-content\/themes\/arras\/images\/dinostorm\/Dinos\/bar_health_3.png\" alt=\"Basiswert der Gesundheit eines Centrosaurus in Dino Storm ist 3.\" title=\"Basiswert Gesundheit: 3\"\/><br \/>\n<img decoding=\"async\" class=\"skill_image_lex colorbox-2232\" src=\"\/wp-content\/themes\/arras\/images\/dinostorm\/Dinos\/bar_strength_3.png\" alt=\"Basiswert der St\u00e4rke eines Centrosaurus in Dino Storm ist 3.\" title=\"Basiswert St\u00e4rke: 3\"\/><br \/>\n<img decoding=\"async\" class=\"skill_image_lex colorbox-2232\" src=\"\/wp-content\/themes\/arras\/images\/dinostorm\/Dinos\/bar_endurance_2.png\" alt=\"Basiswert der Ausdauer eines Centrosaurus in Dino Storm ist 2.\" title=\"Basiswert Ausdauer: 2\"\/>\n<\/div>\n<div class=\"icc_scale\">\n<img class=\"colorbox-2232\"  decoding=\"async\" src=\"\/wp-content\/themes\/arras\/images\/dinostorm\/Dinos\/icc_scale_npp.png\" alt=\"\" title=\"\"\/><br \/>\n<a href=\"\/de\/online-3d-spiel\/dinosaurier-lexikon\/dinosaurier-parasaurolophus\/\"><img decoding=\"async\" class=\"icc_dino colorbox-2232\" src=\"\/wp-content\/themes\/arras\/images\/dinostorm\/Dinos\/parasaurolophus_icon.png\" alt=\"\" title=\"\"\/><\/a><\/p>\n<div class=\"icc_text\">Alternativer Allrounder:<br \/>\n<strong>Parasaurolophus<\/strong>\n<\/div>\n<\/div>\n<\/div>\n<div class=\"one_third\">\n<img decoding=\"async\" class=\"dino_lex_2 colorbox-2232\" src=\"\/wp-content\/themes\/arras\/images\/dinostorm\/Dinos\/Centrosaurus.png\" alt=\"Centrosaurus in Dino Storm\" \/>\n<\/div>\n<\/div>\n<div class=\"clear\"><\/div>\n<div class=\"one_third\">\n<h3 class=\"headlinelex2_1\">Centrosaurus \u2014 Dinosaurier-Fertigkeiten<\/h3>\n<div class=\"banner_lex2\">\n<span class=\"icon_skill_top float-left\"><br \/>\n<img class=\"colorbox-2232\"  decoding=\"async\" src=\"\/wp-content\/themes\/arras\/images\/dinostorm\/Dinos\/Centrosaurus_skill_01.png\" \nonmouseover=\"for (let el of document.querySelectorAll('.centro_idle')) el.style.visibility = 'hidden'; for (let el of document.querySelectorAll('.centro_skill1')) el.style.visibility = 'visible';\"\nonmouseout=\"for (let el of document.querySelectorAll('.centro_idle')) el.style.visibility = 'visible'; for (let el of document.querySelectorAll('.centro_skill1')) el.style.visibility = 'hidden';\"\"\nalt=\"Centrosaurus Besondere F&#x00e4;higkeit \u2014 Preschen-Angriff\" title=\"Besondere F&#x00e4;higkeit: Preschen-Angriff\"\/><\/span><\/p>\n<div class=\"skill-wrapper\"><span class=\"icon_skill_title\">Preschen-Angriff<\/span><\/p>\n<p class=\"icon_skill_text\">\n<\/div>\n<p><span class=\"clear\"><!-- --><\/span><span class=\"icon_skill_top float-left\"><br \/>\n<img class=\"colorbox-2232\"  decoding=\"async\" src=\"\/wp-content\/themes\/arras\/images\/dinostorm\/Dinos\/Centrosaurus_skill_02.png\" \nonmouseover=\"for (let el of document.querySelectorAll('.centro_idle')) el.style.visibility = 'hidden'; for (let el of document.querySelectorAll('.centro_skill2')) el.style.visibility = 'visible';\"\nonmouseout=\"for (let el of document.querySelectorAll('.centro_idle')) el.style.visibility = 'visible'; for (let el of document.querySelectorAll('.centro_skill2')) el.style.visibility = 'hidden';\"\"\nalt=\"Centrosaurus Besondere F&#x00e4;higkeit \u2014 Schild-Angriff\" title=\"Besondere F&#x00e4;higkeit: Schild-Angriff\"\/><\/span><\/p>\n<div class=\"skill-wrapper-bottom\"><span class=\"icon_skill_title\">Schild-Angriff<\/span><\/p>\n<p class=\"icon_skill_text\">\n<\/div>\n<p><span class=\"clear\"><!-- --><\/span><\/p>\n<\/div>\n<\/div>\n<div class=\"one_third\">\n<h3 class=\"headlinelex2_2\">Centrosaurus \u2014 Dinosaurier-Fakten<\/h3>\n<div class=\"fact_lex\">\n<p>Centrosaurus geh&#x00f6;rt zum Geschlecht der Ceratopsidae. Dieser Dinosaurier lebte zur Zeit der h&#x00f6;heren Kreide in der Gegend, die heute Nordamerika entspricht.<\/p>\n<p>Centrosaurus besa&#x00df; eine z&#x00e4;he Konstitution. Charakteristisch f&#x00fc;r diesen Dino sind das gro&#x00df;e Horn auf seiner Nase sowie der gro&#x00df;e Nackenschild. Seine Hinterbeine waren deutlich l&#x00e4;nger als die Vorderbeine. Forscher nehmen an, dass Centrosaurus gesellig war und in Gruppen lebte.<\/p>\n<\/div>\n<\/div>\n<div class=\"dino_animations\">\n<img decoding=\"async\" class=\"centro_idle colorbox-2232\" src=\"\/wp-content\/themes\/arras\/images\/dinostorm\/Dinos\/centrosaurus_idle.gif\"\/><br \/>\n<img decoding=\"async\" class=\"centro_skill1 colorbox-2232\" style=\"bottom: 195px\" src=\"\/wp-content\/themes\/arras\/images\/dinostorm\/Dinos\/centrosaurus_skill_01.gif\"\/><br \/>\n<img decoding=\"async\" class=\"centro_skill2 colorbox-2232\" style=\"bottom: 354px\" src=\"\/wp-content\/themes\/arras\/images\/dinostorm\/Dinos\/centrosaurus_skill_02.gif\"\/>\n<\/div>\n<div class=\"full\">\n<img decoding=\"async\" class=\"hr3 margin35 colorbox-2232\" src=\"\/wp-content\/themes\/arras\/images\/dinostorm\/seperator_big.png\" alt=\"separator dino storm\" \/>\n<\/div>\n","protected":false},"excerpt":{"rendered":"<p>DINOSAURIER \u2014 Centrosaurus Zur\u00fcck Centrosaurus in Dino Storm Centrosaurus wird als Allrounder eingestuft, was bedeutet, dass er sowohl im offensiven als auch im defensiven K\u00e4mpfen versiert ist, ohne in einem von beiden zu brillieren. Die [&hellip;]<\/p>\n","protected":false},"author":26,"featured_media":15052,"parent":1583,"menu_order":0,"comment_status":"closed","ping_status":"closed","template":"pagetpl-onecolumn.php","meta":{"footnotes":"","_links_to":"","_links_to_target":""},"class_list":["post-2232","page","type-page","status-publish","has-post-thumbnail","hentry"],"yoast_head":"<!-- This site is optimized with the Yoast SEO plugin v27.3 - https:\/\/yoast.com\/product\/yoast-seo-wordpress\/ -->\n<title>Dinosaurier: Centrosaurus - Dino Storm<\/title>\n<meta name=\"description\" content=\"Centrosaurus ist ein stabil gebauter Vierbeiner und z\u00e4her als die meisten Dinosaurier in Dino Storm. Alles \u00fcber Centrosaurus: Fakten, Skills, F\u00e4higkeiten...\" \/>\n<meta name=\"robots\" content=\"index, follow, max-snippet:-1, max-image-preview:large, max-video-preview:-1\" \/>\n<link rel=\"canonical\" href=\"https:\/\/dinostorm.com\/de\/online-3d-spiel\/dinosaurier-lexikon\/dinosaurier-centrosaurus\/\" \/>\n<meta property=\"og:locale\" content=\"de_DE\" \/>\n<meta property=\"og:type\" content=\"article\" \/>\n<meta property=\"og:title\" content=\"Dinosaurier: Centrosaurus - Dino Storm\" \/>\n<meta property=\"og:description\" content=\"Centrosaurus ist ein stabil gebauter Vierbeiner und z\u00e4her als die meisten Dinosaurier in Dino Storm. Alles \u00fcber Centrosaurus: Fakten, Skills, F\u00e4higkeiten...\" \/>\n<meta property=\"og:url\" content=\"https:\/\/dinostorm.com\/de\/online-3d-spiel\/dinosaurier-lexikon\/dinosaurier-centrosaurus\/\" \/>\n<meta property=\"og:site_name\" content=\"DinoStorm\" \/>\n<meta property=\"article:modified_time\" content=\"2021-07-08T12:06:48+00:00\" \/>\n<meta property=\"og:image\" content=\"https:\/\/dinostorm.com\/wp-content\/uploads\/2012\/09\/ds_jungle_01.jpg\" \/>\n\t<meta property=\"og:image:width\" content=\"1280\" \/>\n\t<meta property=\"og:image:height\" content=\"720\" \/>\n\t<meta property=\"og:image:type\" content=\"image\/jpeg\" \/>\n<script type=\"application\/ld+json\" class=\"yoast-schema-graph\">{\"@context\":\"https:\\\/\\\/schema.org\",\"@graph\":[{\"@type\":\"WebPage\",\"@id\":\"https:\\\/\\\/dinostorm.com\\\/de\\\/online-3d-spiel\\\/dinosaurier-lexikon\\\/dinosaurier-centrosaurus\\\/\",\"url\":\"https:\\\/\\\/dinostorm.com\\\/de\\\/online-3d-spiel\\\/dinosaurier-lexikon\\\/dinosaurier-centrosaurus\\\/\",\"name\":\"Dinosaurier: Centrosaurus - Dino Storm\",\"isPartOf\":{\"@id\":\"https:\\\/\\\/dinostorm.com\\\/de\\\/#website\"},\"primaryImageOfPage\":{\"@id\":\"https:\\\/\\\/dinostorm.com\\\/de\\\/online-3d-spiel\\\/dinosaurier-lexikon\\\/dinosaurier-centrosaurus\\\/#primaryimage\"},\"image\":{\"@id\":\"https:\\\/\\\/dinostorm.com\\\/de\\\/online-3d-spiel\\\/dinosaurier-lexikon\\\/dinosaurier-centrosaurus\\\/#primaryimage\"},\"thumbnailUrl\":\"https:\\\/\\\/dinostorm.com\\\/wp-content\\\/uploads\\\/2012\\\/09\\\/ds_jungle_01.jpg\",\"datePublished\":\"2012-10-18T07:11:56+00:00\",\"dateModified\":\"2021-07-08T12:06:48+00:00\",\"description\":\"Centrosaurus ist ein stabil gebauter Vierbeiner und z\u00e4her als die meisten Dinosaurier in Dino Storm. Alles \u00fcber Centrosaurus: Fakten, Skills, F\u00e4higkeiten...\",\"breadcrumb\":{\"@id\":\"https:\\\/\\\/dinostorm.com\\\/de\\\/online-3d-spiel\\\/dinosaurier-lexikon\\\/dinosaurier-centrosaurus\\\/#breadcrumb\"},\"inLanguage\":\"de-DE\",\"potentialAction\":[{\"@type\":\"ReadAction\",\"target\":[\"https:\\\/\\\/dinostorm.com\\\/de\\\/online-3d-spiel\\\/dinosaurier-lexikon\\\/dinosaurier-centrosaurus\\\/\"]}]},{\"@type\":\"ImageObject\",\"inLanguage\":\"de-DE\",\"@id\":\"https:\\\/\\\/dinostorm.com\\\/de\\\/online-3d-spiel\\\/dinosaurier-lexikon\\\/dinosaurier-centrosaurus\\\/#primaryimage\",\"url\":\"https:\\\/\\\/dinostorm.com\\\/wp-content\\\/uploads\\\/2012\\\/09\\\/ds_jungle_01.jpg\",\"contentUrl\":\"https:\\\/\\\/dinostorm.com\\\/wp-content\\\/uploads\\\/2012\\\/09\\\/ds_jungle_01.jpg\",\"width\":1280,\"height\":720,\"caption\":\"Beware of dangerous bandits in Mokon Woods are everywhere.\"},{\"@type\":\"BreadcrumbList\",\"@id\":\"https:\\\/\\\/dinostorm.com\\\/de\\\/online-3d-spiel\\\/dinosaurier-lexikon\\\/dinosaurier-centrosaurus\\\/#breadcrumb\",\"itemListElement\":[{\"@type\":\"ListItem\",\"position\":1,\"name\":\"Home\",\"item\":\"https:\\\/\\\/dinostorm.com\\\/de\\\/\"},{\"@type\":\"ListItem\",\"position\":2,\"name\":\"Spiel\",\"item\":\"https:\\\/\\\/dinostorm.com\\\/de\\\/online-3d-spiel\\\/\"},{\"@type\":\"ListItem\",\"position\":3,\"name\":\"Dinosaurierlexikon\",\"item\":\"https:\\\/\\\/dinostorm.com\\\/de\\\/online-3d-spiel\\\/dinosaurier-lexikon\\\/\"},{\"@type\":\"ListItem\",\"position\":4,\"name\":\"Centrosaurus\"}]},{\"@type\":\"WebSite\",\"@id\":\"https:\\\/\\\/dinostorm.com\\\/de\\\/#website\",\"url\":\"https:\\\/\\\/dinostorm.com\\\/de\\\/\",\"name\":\"DinoStorm\",\"description\":\"\",\"potentialAction\":[{\"@type\":\"SearchAction\",\"target\":{\"@type\":\"EntryPoint\",\"urlTemplate\":\"https:\\\/\\\/dinostorm.com\\\/de\\\/?s={search_term_string}\"},\"query-input\":{\"@type\":\"PropertyValueSpecification\",\"valueRequired\":true,\"valueName\":\"search_term_string\"}}],\"inLanguage\":\"de-DE\"}]}<\/script>\n<!-- \/ Yoast SEO plugin. -->","yoast_head_json":{"title":"Dinosaurier: Centrosaurus - Dino Storm","description":"Centrosaurus ist ein stabil gebauter Vierbeiner und z\u00e4her als die meisten Dinosaurier in Dino Storm. Alles \u00fcber Centrosaurus: Fakten, Skills, F\u00e4higkeiten...","robots":{"index":"index","follow":"follow","max-snippet":"max-snippet:-1","max-image-preview":"max-image-preview:large","max-video-preview":"max-video-preview:-1"},"canonical":"https:\/\/dinostorm.com\/de\/online-3d-spiel\/dinosaurier-lexikon\/dinosaurier-centrosaurus\/","og_locale":"de_DE","og_type":"article","og_title":"Dinosaurier: Centrosaurus - Dino Storm","og_description":"Centrosaurus ist ein stabil gebauter Vierbeiner und z\u00e4her als die meisten Dinosaurier in Dino Storm. Alles \u00fcber Centrosaurus: Fakten, Skills, F\u00e4higkeiten...","og_url":"https:\/\/dinostorm.com\/de\/online-3d-spiel\/dinosaurier-lexikon\/dinosaurier-centrosaurus\/","og_site_name":"DinoStorm","article_modified_time":"2021-07-08T12:06:48+00:00","og_image":[{"width":1280,"height":720,"url":"https:\/\/dinostorm.com\/wp-content\/uploads\/2012\/09\/ds_jungle_01.jpg","type":"image\/jpeg"}],"schema":{"@context":"https:\/\/schema.org","@graph":[{"@type":"WebPage","@id":"https:\/\/dinostorm.com\/de\/online-3d-spiel\/dinosaurier-lexikon\/dinosaurier-centrosaurus\/","url":"https:\/\/dinostorm.com\/de\/online-3d-spiel\/dinosaurier-lexikon\/dinosaurier-centrosaurus\/","name":"Dinosaurier: Centrosaurus - Dino Storm","isPartOf":{"@id":"https:\/\/dinostorm.com\/de\/#website"},"primaryImageOfPage":{"@id":"https:\/\/dinostorm.com\/de\/online-3d-spiel\/dinosaurier-lexikon\/dinosaurier-centrosaurus\/#primaryimage"},"image":{"@id":"https:\/\/dinostorm.com\/de\/online-3d-spiel\/dinosaurier-lexikon\/dinosaurier-centrosaurus\/#primaryimage"},"thumbnailUrl":"https:\/\/dinostorm.com\/wp-content\/uploads\/2012\/09\/ds_jungle_01.jpg","datePublished":"2012-10-18T07:11:56+00:00","dateModified":"2021-07-08T12:06:48+00:00","description":"Centrosaurus ist ein stabil gebauter Vierbeiner und z\u00e4her als die meisten Dinosaurier in Dino Storm. Alles \u00fcber Centrosaurus: Fakten, Skills, F\u00e4higkeiten...","breadcrumb":{"@id":"https:\/\/dinostorm.com\/de\/online-3d-spiel\/dinosaurier-lexikon\/dinosaurier-centrosaurus\/#breadcrumb"},"inLanguage":"de-DE","potentialAction":[{"@type":"ReadAction","target":["https:\/\/dinostorm.com\/de\/online-3d-spiel\/dinosaurier-lexikon\/dinosaurier-centrosaurus\/"]}]},{"@type":"ImageObject","inLanguage":"de-DE","@id":"https:\/\/dinostorm.com\/de\/online-3d-spiel\/dinosaurier-lexikon\/dinosaurier-centrosaurus\/#primaryimage","url":"https:\/\/dinostorm.com\/wp-content\/uploads\/2012\/09\/ds_jungle_01.jpg","contentUrl":"https:\/\/dinostorm.com\/wp-content\/uploads\/2012\/09\/ds_jungle_01.jpg","width":1280,"height":720,"caption":"Beware of dangerous bandits in Mokon Woods are everywhere."},{"@type":"BreadcrumbList","@id":"https:\/\/dinostorm.com\/de\/online-3d-spiel\/dinosaurier-lexikon\/dinosaurier-centrosaurus\/#breadcrumb","itemListElement":[{"@type":"ListItem","position":1,"name":"Home","item":"https:\/\/dinostorm.com\/de\/"},{"@type":"ListItem","position":2,"name":"Spiel","item":"https:\/\/dinostorm.com\/de\/online-3d-spiel\/"},{"@type":"ListItem","position":3,"name":"Dinosaurierlexikon","item":"https:\/\/dinostorm.com\/de\/online-3d-spiel\/dinosaurier-lexikon\/"},{"@type":"ListItem","position":4,"name":"Centrosaurus"}]},{"@type":"WebSite","@id":"https:\/\/dinostorm.com\/de\/#website","url":"https:\/\/dinostorm.com\/de\/","name":"DinoStorm","description":"","potentialAction":[{"@type":"SearchAction","target":{"@type":"EntryPoint","urlTemplate":"https:\/\/dinostorm.com\/de\/?s={search_term_string}"},"query-input":{"@type":"PropertyValueSpecification","valueRequired":true,"valueName":"search_term_string"}}],"inLanguage":"de-DE"}]}},"_links":{"self":[{"href":"https:\/\/dinostorm.com\/de\/wp-json\/wp\/v2\/pages\/2232","targetHints":{"allow":["GET"]}}],"collection":[{"href":"https:\/\/dinostorm.com\/de\/wp-json\/wp\/v2\/pages"}],"about":[{"href":"https:\/\/dinostorm.com\/de\/wp-json\/wp\/v2\/types\/page"}],"author":[{"embeddable":true,"href":"https:\/\/dinostorm.com\/de\/wp-json\/wp\/v2\/users\/26"}],"replies":[{"embeddable":true,"href":"https:\/\/dinostorm.com\/de\/wp-json\/wp\/v2\/comments?post=2232"}],"version-history":[{"count":7,"href":"https:\/\/dinostorm.com\/de\/wp-json\/wp\/v2\/pages\/2232\/revisions"}],"predecessor-version":[{"id":237978,"href":"https:\/\/dinostorm.com\/de\/wp-json\/wp\/v2\/pages\/2232\/revisions\/237978"}],"up":[{"embeddable":true,"href":"https:\/\/dinostorm.com\/de\/wp-json\/wp\/v2\/pages\/1583"}],"wp:featuredmedia":[{"embeddable":true,"href":"https:\/\/dinostorm.com\/de\/wp-json\/wp\/v2\/media\/15052"}],"wp:attachment":[{"href":"https:\/\/dinostorm.com\/de\/wp-json\/wp\/v2\/media?parent=2232"}],"curies":[{"name":"wp","href":"https:\/\/api.w.org\/{rel}","templated":true}]}}