{"id":2228,"date":"2012-10-18T09:11:53","date_gmt":"2012-10-18T07:11:53","guid":{"rendered":"http:\/\/dinostorm.com\/?page_id=2228"},"modified":"2021-07-08T11:06:16","modified_gmt":"2021-07-08T09:06:16","slug":"dinosaurier-carnotaurus","status":"publish","type":"page","link":"https:\/\/dinostorm.com\/de\/online-3d-spiel\/dinosaurier-lexikon\/dinosaurier-carnotaurus\/","title":{"rendered":"Carnotaurus"},"content":{"rendered":"<div class=\"teaser\"><\/div>\n<h1 class=\"headline_page width_500\"><span>DINOSAURIER &#8211; Carnotaurus<\/span><\/h1>\n<p class=\"back-button back-pos500\"><a class=\"back-block\" href=\"\/de\/online-3d-spiel\/dinosaurier-lexikon\/\">Zur\u00fcck<\/a>><\/p>\n<div class=\"two_thirds\">\n<h2 class=\"headline-lex\"><span>Carnotaurus in Dino Storm<\/span><\/h2>\n<div class=\"banner_lex\">\n<p class=\"banner_text_lex text_lex\"><strong>Carnotaurus<\/strong> ist ein wild aussehender Fleischfresser, der als Schadensausteiler eingestuft wird. Er ist schneller als durchschnittliche Dinosaurier und im Nahkampf macht sich sein betr\u00e4chtlicher Kraftvorteil sehr bezahlt.<\/p>\n<div style=\"margin-right: 29px; float: left; width: 10px; text-align: left; position: relative; top: 40px; left: 30px\">\n<strong class=\"text_lex\" style=\"position: relative; top: 12px\">Gesundheit:<\/strong><br \/>\n<strong class=\"text_lex\" style=\"position: relative; top: 30px\">St\u00e4rke:<\/strong><br \/>\n<strong class=\"text_lex\" style=\"position: relative; top: 50px\">Ausdauer:<\/strong>\n<\/div>\n<div style=\"margin-right: 20px; float: left; width: 118px; text-align: left; position: relative; top: 70px; left: 10px\">\n<img decoding=\"async\" class=\"skill_image_lex colorbox-2228\" src=\"\/wp-content\/themes\/arras\/images\/dinostorm\/Dinos\/bar_health_1.png\" alt=\"Basiswert der Gesundheit eines Carnotaurus in Dino Storm ist 1.\" title=\"Basiswert Gesundheit: 1\"\/><br \/>\n<img decoding=\"async\" class=\"skill_image_lex colorbox-2228\" src=\"\/wp-content\/themes\/arras\/images\/dinostorm\/Dinos\/bar_strength_5.png\" alt=\"Basiswert der St\u00e4rke eines Carnotaurus in Dino Storm ist 5.\" title=\"Basiswert St\u00e4rke: 5\"\/><br \/>\n<img decoding=\"async\" class=\"skill_image_lex colorbox-2228\" src=\"\/wp-content\/themes\/arras\/images\/dinostorm\/Dinos\/bar_endurance_4.png\" alt=\"Basiswert der Ausdauer eines Carnotaurus in Dino Storm ist 4.\" title=\"Basiswert Ausdauer: 4\"\/>\n<\/div>\n<div class=\"icc_scale\">\n<img class=\"colorbox-2228\"  decoding=\"async\" src=\"\/wp-content\/themes\/arras\/images\/dinostorm\/Dinos\/icc_scale_npp.png\" alt=\"\" title=\"\"\/><br \/>\n<a href=\"\/de\/online-3d-spiel\/dinosaurier-lexikon\/dinosaurier-tyrannosaurus-rex\/\"><img decoding=\"async\" class=\"icc_dino colorbox-2228\" src=\"\/wp-content\/themes\/arras\/images\/dinostorm\/Dinos\/tyrannosaurus_icon.png\" alt=\"\" title=\"\"\/><\/a><\/p>\n<div class=\"icc_text\">Alternativer Schadensausteiler:<br \/>\n<strong>Tyrannosaurus Rex<\/strong>\n<\/div>\n<\/div>\n<\/div>\n<div class=\"one_third\">\n<img decoding=\"async\" class=\"dino_lex_2 colorbox-2228\" src=\"\/wp-content\/themes\/arras\/images\/dinostorm\/Dinos\/Carnotaurus.png\" alt=\"Carnotaurus in Dino Storm\"\/>\n<\/div>\n<\/div>\n<div class=\"clear\"><\/div>\n<div class=\"one_third\">\n<h3 class=\"headlinelex2_1\">Carnotaurus \u2014 Dinosaurier-Fertigkeiten<\/h3>\n<div class=\"banner_lex2\">\n<span class=\"icon_skill_top float-left\"><br \/>\n<img class=\"colorbox-2228\"  decoding=\"async\" src=\"\/wp-content\/themes\/arras\/images\/dinostorm\/Dinos\/Carnotaurus_skill_01.png\" \nonmouseover=\"for (let el of document.querySelectorAll('.carno_idle')) el.style.visibility = 'hidden'; for (let el of document.querySelectorAll('.carno_skill1')) el.style.visibility = 'visible';\"\nonmouseout=\"for (let el of document.querySelectorAll('.carno_idle')) el.style.visibility = 'visible'; for (let el of document.querySelectorAll('.carno_skill1')) el.style.visibility = 'hidden';\"\"\nalt=\"Carnotaurus Besondere F&#x00e4;higkeit \u2014 Fleisch-Angriff\" title=\"Besondere F&#x00e4;higkeit: Fleisch-Angriff\"\/><\/span><\/p>\n<div class=\"skill-wrapper\"><span class=\"icon_skill_title\">Fleisch-Angriff<\/span><\/p>\n<p class=\"icon_skill_text\">\n<\/div>\n<p><span class=\"clear\"><!-- --><\/span><span class=\"icon_skill_top float-left\"><br \/>\n<img class=\"colorbox-2228\"  decoding=\"async\" src=\"\/wp-content\/themes\/arras\/images\/dinostorm\/Dinos\/Carnotaurus_skill_02.png\" \nonmouseover=\"for (let el of document.querySelectorAll('.carno_idle')) el.style.visibility = 'hidden'; for (let el of document.querySelectorAll('.carno_skill2')) el.style.visibility = 'visible';\"\nonmouseout=\"for (let el of document.querySelectorAll('.carno_idle')) el.style.visibility = 'visible'; for (let el of document.querySelectorAll('.carno_skill2')) el.style.visibility = 'hidden';\"\"\nalt=\"Carnotaurus Besondere F&#x00e4;higkeit \u2014 Gemetzel-Angriff\" title=\"Besondere F&#x00e4;higkeit: Gemetzel-Angriff\"\/><\/span><\/p>\n<div class=\"skill-wrapper-bottom\"><span class=\"icon_skill_title\">Gemetzel-Angriff<\/span><\/p>\n<p class=\"icon_skill_text\">\n<\/div>\n<p><span class=\"clear\"><!-- --><\/span><\/p>\n<\/div>\n<\/div>\n<div class=\"one_third\">\n<h3 class=\"headlinelex2_2\">Carnotaurus \u2014 Dinosaurier-Fakten<\/h3>\n<div class=\"fact_lex\">\n<p>Carnotaurus war ein gro&#x00df;er R&#x00e4;uber und lebte im Gebiet des heutigen S&#x00fc;damerikas. Charakteristisch f&#x00fc;r diesen Dino sind die zwei gro&#x00df;en H&#x00f6;rner auf der Stirn, ein kurzer Sch&#x00e4;del und zwei extrem kleiner Vorderbeine. Diese waren sogar noch kleiner als die Vorderbeine von Tyrannosaurus Rex.<\/p>\n<p>Untypisch f&#x00fc;r Dinosaurier sind die vorw&#x00e4;rts gerichteten Augen, Carnotaurus beherrschte also wom&#x00f6;glich das r&#x00e4;umliche Sehen. Man hat auch Abdr&#x00fc;cke seiner Haut gefunden, daher wissen wir, dass seine Oberfl&#x00e4;che zum gr&#x00f6;&#x00df;ten Teil von becherf&#x00f6;rmigen Schuppen bedeckt war.<\/p>\n<\/div>\n<\/div>\n<div class=\"dino_animations\">\n<img decoding=\"async\" class=\"carno_idle colorbox-2228\" src=\"\/wp-content\/themes\/arras\/images\/dinostorm\/Dinos\/carnotaurus_idle.gif\"\/><br \/>\n<img decoding=\"async\" class=\"carno_skill1 colorbox-2228\" src=\"\/wp-content\/themes\/arras\/images\/dinostorm\/Dinos\/carnotaurus_skill_01.gif\"\/><br \/>\n<img decoding=\"async\" class=\"carno_skill2 colorbox-2228\" src=\"\/wp-content\/themes\/arras\/images\/dinostorm\/Dinos\/carnotaurus_skill_02.gif\"\/>\n<\/div>\n<div class=\"full\">\n<img decoding=\"async\" class=\"hr3 margin35 colorbox-2228\" src=\"\/wp-content\/themes\/arras\/images\/dinostorm\/seperator_big.png\" alt=\"separator dino storm\" \/>\n<\/div>\n","protected":false},"excerpt":{"rendered":"<p>DINOSAURIER &#8211; Carnotaurus Zur\u00fcck> Carnotaurus in Dino Storm Carnotaurus ist ein wild aussehender Fleischfresser, der als Schadensausteiler eingestuft wird. Er ist schneller als durchschnittliche Dinosaurier und im Nahkampf macht sich sein betr\u00e4chtlicher Kraftvorteil sehr bezahlt. [&hellip;]<\/p>\n","protected":false},"author":26,"featured_media":15052,"parent":1583,"menu_order":0,"comment_status":"closed","ping_status":"closed","template":"pagetpl-onecolumn.php","meta":{"footnotes":"","_links_to":"","_links_to_target":""},"class_list":["post-2228","page","type-page","status-publish","has-post-thumbnail","hentry"],"yoast_head":"<!-- This site is optimized with the Yoast SEO plugin v27.3 - https:\/\/yoast.com\/product\/yoast-seo-wordpress\/ -->\n<title>Dinosaurier: Carnotaurus - Dino Storm<\/title>\n<meta name=\"description\" content=\"Carnotaurus ist ein bedrohlich aussehender Dinosaurier in Dino Storm. Hier erf\u00e4hrst du alles \u00fcber Carnotaurus: Fakten, Skills und F\u00e4higkeiten.\" \/>\n<meta name=\"robots\" content=\"index, follow, max-snippet:-1, max-image-preview:large, max-video-preview:-1\" \/>\n<link rel=\"canonical\" href=\"https:\/\/dinostorm.com\/de\/online-3d-spiel\/dinosaurier-lexikon\/dinosaurier-carnotaurus\/\" \/>\n<meta property=\"og:locale\" content=\"de_DE\" \/>\n<meta property=\"og:type\" content=\"article\" \/>\n<meta property=\"og:title\" content=\"Dinosaurier: Carnotaurus - Dino Storm\" \/>\n<meta property=\"og:description\" content=\"Carnotaurus ist ein bedrohlich aussehender Dinosaurier in Dino Storm. Hier erf\u00e4hrst du alles \u00fcber Carnotaurus: Fakten, Skills und F\u00e4higkeiten.\" \/>\n<meta property=\"og:url\" content=\"https:\/\/dinostorm.com\/de\/online-3d-spiel\/dinosaurier-lexikon\/dinosaurier-carnotaurus\/\" \/>\n<meta property=\"og:site_name\" content=\"DinoStorm\" \/>\n<meta property=\"article:modified_time\" content=\"2021-07-08T09:06:16+00:00\" \/>\n<meta property=\"og:image\" content=\"https:\/\/dinostorm.com\/wp-content\/uploads\/2012\/09\/ds_jungle_01.jpg\" \/>\n\t<meta property=\"og:image:width\" content=\"1280\" \/>\n\t<meta property=\"og:image:height\" content=\"720\" \/>\n\t<meta property=\"og:image:type\" content=\"image\/jpeg\" \/>\n<script type=\"application\/ld+json\" class=\"yoast-schema-graph\">{\"@context\":\"https:\\\/\\\/schema.org\",\"@graph\":[{\"@type\":\"WebPage\",\"@id\":\"https:\\\/\\\/dinostorm.com\\\/de\\\/online-3d-spiel\\\/dinosaurier-lexikon\\\/dinosaurier-carnotaurus\\\/\",\"url\":\"https:\\\/\\\/dinostorm.com\\\/de\\\/online-3d-spiel\\\/dinosaurier-lexikon\\\/dinosaurier-carnotaurus\\\/\",\"name\":\"Dinosaurier: Carnotaurus - Dino Storm\",\"isPartOf\":{\"@id\":\"https:\\\/\\\/dinostorm.com\\\/de\\\/#website\"},\"primaryImageOfPage\":{\"@id\":\"https:\\\/\\\/dinostorm.com\\\/de\\\/online-3d-spiel\\\/dinosaurier-lexikon\\\/dinosaurier-carnotaurus\\\/#primaryimage\"},\"image\":{\"@id\":\"https:\\\/\\\/dinostorm.com\\\/de\\\/online-3d-spiel\\\/dinosaurier-lexikon\\\/dinosaurier-carnotaurus\\\/#primaryimage\"},\"thumbnailUrl\":\"https:\\\/\\\/dinostorm.com\\\/wp-content\\\/uploads\\\/2012\\\/09\\\/ds_jungle_01.jpg\",\"datePublished\":\"2012-10-18T07:11:53+00:00\",\"dateModified\":\"2021-07-08T09:06:16+00:00\",\"description\":\"Carnotaurus ist ein bedrohlich aussehender Dinosaurier in Dino Storm. Hier erf\u00e4hrst du alles \u00fcber Carnotaurus: Fakten, Skills und F\u00e4higkeiten.\",\"breadcrumb\":{\"@id\":\"https:\\\/\\\/dinostorm.com\\\/de\\\/online-3d-spiel\\\/dinosaurier-lexikon\\\/dinosaurier-carnotaurus\\\/#breadcrumb\"},\"inLanguage\":\"de-DE\",\"potentialAction\":[{\"@type\":\"ReadAction\",\"target\":[\"https:\\\/\\\/dinostorm.com\\\/de\\\/online-3d-spiel\\\/dinosaurier-lexikon\\\/dinosaurier-carnotaurus\\\/\"]}]},{\"@type\":\"ImageObject\",\"inLanguage\":\"de-DE\",\"@id\":\"https:\\\/\\\/dinostorm.com\\\/de\\\/online-3d-spiel\\\/dinosaurier-lexikon\\\/dinosaurier-carnotaurus\\\/#primaryimage\",\"url\":\"https:\\\/\\\/dinostorm.com\\\/wp-content\\\/uploads\\\/2012\\\/09\\\/ds_jungle_01.jpg\",\"contentUrl\":\"https:\\\/\\\/dinostorm.com\\\/wp-content\\\/uploads\\\/2012\\\/09\\\/ds_jungle_01.jpg\",\"width\":1280,\"height\":720,\"caption\":\"Beware of dangerous bandits in Mokon Woods are everywhere.\"},{\"@type\":\"BreadcrumbList\",\"@id\":\"https:\\\/\\\/dinostorm.com\\\/de\\\/online-3d-spiel\\\/dinosaurier-lexikon\\\/dinosaurier-carnotaurus\\\/#breadcrumb\",\"itemListElement\":[{\"@type\":\"ListItem\",\"position\":1,\"name\":\"Home\",\"item\":\"https:\\\/\\\/dinostorm.com\\\/de\\\/\"},{\"@type\":\"ListItem\",\"position\":2,\"name\":\"Spiel\",\"item\":\"https:\\\/\\\/dinostorm.com\\\/de\\\/online-3d-spiel\\\/\"},{\"@type\":\"ListItem\",\"position\":3,\"name\":\"Dinosaurierlexikon\",\"item\":\"https:\\\/\\\/dinostorm.com\\\/de\\\/online-3d-spiel\\\/dinosaurier-lexikon\\\/\"},{\"@type\":\"ListItem\",\"position\":4,\"name\":\"Carnotaurus\"}]},{\"@type\":\"WebSite\",\"@id\":\"https:\\\/\\\/dinostorm.com\\\/de\\\/#website\",\"url\":\"https:\\\/\\\/dinostorm.com\\\/de\\\/\",\"name\":\"DinoStorm\",\"description\":\"\",\"potentialAction\":[{\"@type\":\"SearchAction\",\"target\":{\"@type\":\"EntryPoint\",\"urlTemplate\":\"https:\\\/\\\/dinostorm.com\\\/de\\\/?s={search_term_string}\"},\"query-input\":{\"@type\":\"PropertyValueSpecification\",\"valueRequired\":true,\"valueName\":\"search_term_string\"}}],\"inLanguage\":\"de-DE\"}]}<\/script>\n<!-- \/ Yoast SEO plugin. -->","yoast_head_json":{"title":"Dinosaurier: Carnotaurus - Dino Storm","description":"Carnotaurus ist ein bedrohlich aussehender Dinosaurier in Dino Storm. Hier erf\u00e4hrst du alles \u00fcber Carnotaurus: Fakten, Skills und F\u00e4higkeiten.","robots":{"index":"index","follow":"follow","max-snippet":"max-snippet:-1","max-image-preview":"max-image-preview:large","max-video-preview":"max-video-preview:-1"},"canonical":"https:\/\/dinostorm.com\/de\/online-3d-spiel\/dinosaurier-lexikon\/dinosaurier-carnotaurus\/","og_locale":"de_DE","og_type":"article","og_title":"Dinosaurier: Carnotaurus - Dino Storm","og_description":"Carnotaurus ist ein bedrohlich aussehender Dinosaurier in Dino Storm. Hier erf\u00e4hrst du alles \u00fcber Carnotaurus: Fakten, Skills und F\u00e4higkeiten.","og_url":"https:\/\/dinostorm.com\/de\/online-3d-spiel\/dinosaurier-lexikon\/dinosaurier-carnotaurus\/","og_site_name":"DinoStorm","article_modified_time":"2021-07-08T09:06:16+00:00","og_image":[{"width":1280,"height":720,"url":"https:\/\/dinostorm.com\/wp-content\/uploads\/2012\/09\/ds_jungle_01.jpg","type":"image\/jpeg"}],"schema":{"@context":"https:\/\/schema.org","@graph":[{"@type":"WebPage","@id":"https:\/\/dinostorm.com\/de\/online-3d-spiel\/dinosaurier-lexikon\/dinosaurier-carnotaurus\/","url":"https:\/\/dinostorm.com\/de\/online-3d-spiel\/dinosaurier-lexikon\/dinosaurier-carnotaurus\/","name":"Dinosaurier: Carnotaurus - Dino Storm","isPartOf":{"@id":"https:\/\/dinostorm.com\/de\/#website"},"primaryImageOfPage":{"@id":"https:\/\/dinostorm.com\/de\/online-3d-spiel\/dinosaurier-lexikon\/dinosaurier-carnotaurus\/#primaryimage"},"image":{"@id":"https:\/\/dinostorm.com\/de\/online-3d-spiel\/dinosaurier-lexikon\/dinosaurier-carnotaurus\/#primaryimage"},"thumbnailUrl":"https:\/\/dinostorm.com\/wp-content\/uploads\/2012\/09\/ds_jungle_01.jpg","datePublished":"2012-10-18T07:11:53+00:00","dateModified":"2021-07-08T09:06:16+00:00","description":"Carnotaurus ist ein bedrohlich aussehender Dinosaurier in Dino Storm. Hier erf\u00e4hrst du alles \u00fcber Carnotaurus: Fakten, Skills und F\u00e4higkeiten.","breadcrumb":{"@id":"https:\/\/dinostorm.com\/de\/online-3d-spiel\/dinosaurier-lexikon\/dinosaurier-carnotaurus\/#breadcrumb"},"inLanguage":"de-DE","potentialAction":[{"@type":"ReadAction","target":["https:\/\/dinostorm.com\/de\/online-3d-spiel\/dinosaurier-lexikon\/dinosaurier-carnotaurus\/"]}]},{"@type":"ImageObject","inLanguage":"de-DE","@id":"https:\/\/dinostorm.com\/de\/online-3d-spiel\/dinosaurier-lexikon\/dinosaurier-carnotaurus\/#primaryimage","url":"https:\/\/dinostorm.com\/wp-content\/uploads\/2012\/09\/ds_jungle_01.jpg","contentUrl":"https:\/\/dinostorm.com\/wp-content\/uploads\/2012\/09\/ds_jungle_01.jpg","width":1280,"height":720,"caption":"Beware of dangerous bandits in Mokon Woods are everywhere."},{"@type":"BreadcrumbList","@id":"https:\/\/dinostorm.com\/de\/online-3d-spiel\/dinosaurier-lexikon\/dinosaurier-carnotaurus\/#breadcrumb","itemListElement":[{"@type":"ListItem","position":1,"name":"Home","item":"https:\/\/dinostorm.com\/de\/"},{"@type":"ListItem","position":2,"name":"Spiel","item":"https:\/\/dinostorm.com\/de\/online-3d-spiel\/"},{"@type":"ListItem","position":3,"name":"Dinosaurierlexikon","item":"https:\/\/dinostorm.com\/de\/online-3d-spiel\/dinosaurier-lexikon\/"},{"@type":"ListItem","position":4,"name":"Carnotaurus"}]},{"@type":"WebSite","@id":"https:\/\/dinostorm.com\/de\/#website","url":"https:\/\/dinostorm.com\/de\/","name":"DinoStorm","description":"","potentialAction":[{"@type":"SearchAction","target":{"@type":"EntryPoint","urlTemplate":"https:\/\/dinostorm.com\/de\/?s={search_term_string}"},"query-input":{"@type":"PropertyValueSpecification","valueRequired":true,"valueName":"search_term_string"}}],"inLanguage":"de-DE"}]}},"_links":{"self":[{"href":"https:\/\/dinostorm.com\/de\/wp-json\/wp\/v2\/pages\/2228","targetHints":{"allow":["GET"]}}],"collection":[{"href":"https:\/\/dinostorm.com\/de\/wp-json\/wp\/v2\/pages"}],"about":[{"href":"https:\/\/dinostorm.com\/de\/wp-json\/wp\/v2\/types\/page"}],"author":[{"embeddable":true,"href":"https:\/\/dinostorm.com\/de\/wp-json\/wp\/v2\/users\/26"}],"replies":[{"embeddable":true,"href":"https:\/\/dinostorm.com\/de\/wp-json\/wp\/v2\/comments?post=2228"}],"version-history":[{"count":4,"href":"https:\/\/dinostorm.com\/de\/wp-json\/wp\/v2\/pages\/2228\/revisions"}],"predecessor-version":[{"id":237831,"href":"https:\/\/dinostorm.com\/de\/wp-json\/wp\/v2\/pages\/2228\/revisions\/237831"}],"up":[{"embeddable":true,"href":"https:\/\/dinostorm.com\/de\/wp-json\/wp\/v2\/pages\/1583"}],"wp:featuredmedia":[{"embeddable":true,"href":"https:\/\/dinostorm.com\/de\/wp-json\/wp\/v2\/media\/15052"}],"wp:attachment":[{"href":"https:\/\/dinostorm.com\/de\/wp-json\/wp\/v2\/media?parent=2228"}],"curies":[{"name":"wp","href":"https:\/\/api.w.org\/{rel}","templated":true}]}}