{"id":2224,"date":"2012-10-18T09:09:45","date_gmt":"2012-10-18T07:09:45","guid":{"rendered":"http:\/\/dinostorm.com\/?page_id=2224"},"modified":"2021-07-08T13:55:26","modified_gmt":"2021-07-08T11:55:26","slug":"dinosaurier-brachiosaurus","status":"publish","type":"page","link":"https:\/\/dinostorm.com\/de\/online-3d-spiel\/dinosaurier-lexikon\/dinosaurier-brachiosaurus\/","title":{"rendered":"Brachiosaurus"},"content":{"rendered":"<div class=\"teaser\"><\/div>\n<h1 class=\"headline_page width_500\"><span>DINOSAURIER \u2014 Brachiosaurus<\/span><\/h1>\n<p class=\"back-button back-pos500\"><a class=\"back-block\" href=\"\/de\/online-3d-spiel\/dinosaurier-lexikon\/\">Zur\u00fcck<\/a><\/p>\n<div class=\"two_thirds\">\n<h2 class=\"headline-lex\"><span>Brachiosaurus in Dino Storm<\/span><\/h2>\n<div class=\"banner_lex\">\n<p class=\"banner_text_lex text_lex\"><strong>Brachiosaurus<\/strong> ist ein sehr robuster Dinosaurier, der als Tank eingestuft wird. Sein kr\u00e4ftiger K\u00f6rperbau hilft ihm, auch den l\u00e4ngsten Kampf zu \u00fcberleben, und er kann sich auch im Nahkampf wehren. Seine Laufgeschwindigkeit ist recht gering.<\/p>\n<div style=\"margin-right: 29px; float: left; width: 10px; text-align: left; position: relative; top: 40px; left: 30px\">\n<strong class=\"text_lex\" style=\"position: relative; top: 12px\">Gesundheit:<\/strong><br \/>\n<strong class=\"text_lex\" style=\"position: relative; top: 30px\">St\u00e4rke:<\/strong><br \/>\n<strong class=\"text_lex\" style=\"position: relative; top: 50px\">Ausdauer:<\/strong>\n<\/div>\n<div style=\"margin-right: 20px; float: left; width: 118px; text-align: left; position: relative; top: 70px; left: 10px\">\n<img decoding=\"async\" class=\"skill_image_lex colorbox-2224\" src=\"\/wp-content\/themes\/arras\/images\/dinostorm\/Dinos\/bar_health_5.png\" alt=\"Basiswert der Gesundheit eines Brachiosaurus in Dino Storm ist 5.\" title=\"Basiswert Gesundheit: 5\"\/><br \/>\n<img decoding=\"async\" class=\"skill_image_lex colorbox-2224\" src=\"\/wp-content\/themes\/arras\/images\/dinostorm\/Dinos\/bar_strength_2.png\" alt=\"Basiswert der St\u00e4rke eines Brachiosaurus in Dino Storm ist 2.\" title=\"Basiswert St\u00e4rke: 2\"\/><br \/>\n<img decoding=\"async\" class=\"skill_image_lex colorbox-2224\" src=\"\/wp-content\/themes\/arras\/images\/dinostorm\/Dinos\/bar_endurance_1.png\" alt=\"Basiswert der Ausdauer eines Brachiosaurus in Dino Storm ist 1.\" title=\"Basiswert Ausdauer: 1\"\/>\n<\/div>\n<div class=\"icc_scale\">\n<img class=\"colorbox-2224\"  decoding=\"async\" src=\"\/wp-content\/themes\/arras\/images\/dinostorm\/Dinos\/icc_scale_npp.png\" alt=\"\" title=\"\"\/><br \/>\n<a href=\"\/de\/online-3d-spiel\/dinosaurier-lexikon\/ankylosaurus\/\"><img decoding=\"async\" class=\"icc_dino colorbox-2224\" src=\"\/wp-content\/themes\/arras\/images\/dinostorm\/Dinos\/ankylosaurus_icon.png\" alt=\"\" title=\"\"\/><\/a><\/p>\n<div class=\"icc_text\">Tank-Alternative:<br \/>\n<strong>Ankylosaurus<\/strong>\n<\/div>\n<\/div>\n<\/div>\n<div class=\"one_third\">\n<img decoding=\"async\" class=\"dino_lex_2 colorbox-2224\" src=\"\/wp-content\/themes\/arras\/images\/dinostorm\/Dinos\/Brachiosaurus.png\" alt=\"Brachiosaurus in Dino Storm\"\/>\n<\/div>\n<\/div>\n<div class=\"clear\"><\/div>\n<div class=\"one_third\">\n<h3 class=\"headlinelex2_1\">Brachiosaurus \u2014 Dinosaurier-Fertigkeiten<\/h3>\n<div class=\"banner_lex2\">\n<span class=\"icon_skill_top float-left\"><br \/>\n<img class=\"colorbox-2224\"  decoding=\"async\" src=\"\/wp-content\/themes\/arras\/images\/dinostorm\/Dinos\/Brachiosaurus_skill_01.png\" \nonmouseover=\"for (let el of document.querySelectorAll('.brachi_idle')) el.style.visibility = 'hidden'; for (let el of document.querySelectorAll('.brachi_skill1')) el.style.visibility = 'visible';\"\nonmouseout=\"for (let el of document.querySelectorAll('.brachi_idle')) el.style.visibility = 'visible'; for (let el of document.querySelectorAll('.brachi_skill1')) el.style.visibility = 'hidden';\"\"\nalt=\"Brachiosaurus Besondere F&#x00e4;higkeit \u2014 Brustkorb-Angriff\" title=\"Besondere F&#x00e4;higkeit: Brustkorb-Angriff\"\/><\/span><\/p>\n<div class=\"skill-wrapper\"><span class=\"icon_skill_title\">Brustkorb-Angriff<\/span><\/p>\n<p class=\"icon_skill_text\">\n<\/div>\n<p><span class=\"clear\"><!-- --><\/span><span class=\"icon_skill_top float-left\"><br \/>\n<img class=\"colorbox-2224\"  decoding=\"async\" src=\"\/wp-content\/themes\/arras\/images\/dinostorm\/Dinos\/Brachiosaurus_skill_02.png\" \nonmouseover=\"for (let el of document.querySelectorAll('.brachi_idle')) el.style.visibility = 'hidden'; for (let el of document.querySelectorAll('.brachi_skill2')) el.style.visibility = 'visible';\"\nonmouseout=\"for (let el of document.querySelectorAll('.brachi_idle')) el.style.visibility = 'visible'; for (let el of document.querySelectorAll('.brachi_skill2')) el.style.visibility = 'hidden';\"\"\nalt=\"Brachiosaurus Besondere F&#x00e4;higkeit \u2014 Boden-Stampfer\" title=\"Besondere F&#x00e4;higkeit: Boden-Stampfer\"\/><\/span><\/p>\n<div class=\"skill-wrapper-bottom\"><span class=\"icon_skill_title\">Boden-Stampfer<\/span><\/p>\n<p class=\"icon_skill_text\">\n<\/div>\n<p><span class=\"clear\"><!-- --><\/span><\/p>\n<\/div>\n<\/div>\n<div class=\"one_third\">\n<h3 class=\"headlinelex2_2\">Brachiosaurus \u2014 Dinosaurier-Fakten<\/h3>\n<div class=\"fact_lex\">\n<p>Brachiosaurus lebte w&#x00e4;hrend des sp&#x00e4;ten Jura in einem Gebiet, das dem heutigen Nordamerika entspricht. Zusammen mit anderen Sauropoden wird dieser Dino zu den gr&#x00f6;&#x00df;ten Tieren gez&#x00e4;hlt, die jemals auf der Erde lebten.<\/p>\n<p>Charakteristisch f&#x00fc;r Brachiosaurus ist nat&#x00fc;rlich sein langer Hals, der mehr als die H&#x00e4;lfte seiner K&#x00f6;rperl&#x00e4;nge ausmacht. Erstaunlich ist, dass die Nackenwirbel nicht gr&#x00f6;&#x00df;er als die anderer Sauropoden waren, aber drei mal so lang wie die R&#x00fc;ckenwirbel. Im Vergleich zu seinem langen Hals fiel der Kopf von Brachiosaurus fast winzig aus.<\/p>\n<\/div>\n<\/div>\n<div class=\"dino_animations\">\n<img decoding=\"async\" class=\"brachi_idle colorbox-2224\" src=\"\/wp-content\/themes\/arras\/images\/dinostorm\/Dinos\/brachiosaurus_idle.gif\"\/><br \/>\n<img decoding=\"async\" class=\"brachi_skill1 colorbox-2224\" src=\"\/wp-content\/themes\/arras\/images\/dinostorm\/Dinos\/brachiosaurus_skill_01.gif\"\/><br \/>\n<img decoding=\"async\" class=\"brachi_skill2 colorbox-2224\" src=\"\/wp-content\/themes\/arras\/images\/dinostorm\/Dinos\/brachiosaurus_skill_02.gif\"\/>\n<\/div>\n<div class=full>\n<img decoding=\"async\" class=\"hr3 margin35 colorbox-2224\" src=\"\/wp-content\/themes\/arras\/images\/dinostorm\/seperator_big.png\" alt=\"separator dino storm\" \/>\n<\/div>\n","protected":false},"excerpt":{"rendered":"<p>DINOSAURIER \u2014 Brachiosaurus Zur\u00fcck Brachiosaurus in Dino Storm Brachiosaurus ist ein sehr robuster Dinosaurier, der als Tank eingestuft wird. Sein kr\u00e4ftiger K\u00f6rperbau hilft ihm, auch den l\u00e4ngsten Kampf zu \u00fcberleben, und er kann sich auch [&hellip;]<\/p>\n","protected":false},"author":26,"featured_media":15052,"parent":1583,"menu_order":0,"comment_status":"closed","ping_status":"closed","template":"pagetpl-onecolumn.php","meta":{"footnotes":"","_links_to":"","_links_to_target":""},"class_list":["post-2224","page","type-page","status-publish","has-post-thumbnail","hentry"],"yoast_head":"<!-- This site is optimized with the Yoast SEO plugin v27.4 - https:\/\/yoast.com\/product\/yoast-seo-wordpress\/ -->\n<title>Dinosaurier: Brachiosaurus - Dino Storm<\/title>\n<meta name=\"description\" content=\"Brachiosaurus weist in Dino Storm eine unglaubliche Z\u00e4higkeit auf. Hier erf\u00e4hrst du alles \u00fcber Brachiosaurus: Fakten, Skills und F\u00e4higkeiten.\" \/>\n<meta name=\"robots\" content=\"index, follow, max-snippet:-1, max-image-preview:large, max-video-preview:-1\" \/>\n<link rel=\"canonical\" href=\"https:\/\/dinostorm.com\/de\/online-3d-spiel\/dinosaurier-lexikon\/dinosaurier-brachiosaurus\/\" \/>\n<meta property=\"og:locale\" content=\"de_DE\" \/>\n<meta property=\"og:type\" content=\"article\" \/>\n<meta property=\"og:title\" content=\"Dinosaurier: Brachiosaurus - Dino Storm\" \/>\n<meta property=\"og:description\" content=\"Brachiosaurus weist in Dino Storm eine unglaubliche Z\u00e4higkeit auf. Hier erf\u00e4hrst du alles \u00fcber Brachiosaurus: Fakten, Skills und F\u00e4higkeiten.\" \/>\n<meta property=\"og:url\" content=\"https:\/\/dinostorm.com\/de\/online-3d-spiel\/dinosaurier-lexikon\/dinosaurier-brachiosaurus\/\" \/>\n<meta property=\"og:site_name\" content=\"DinoStorm\" \/>\n<meta property=\"article:modified_time\" content=\"2021-07-08T11:55:26+00:00\" \/>\n<meta property=\"og:image\" content=\"https:\/\/dinostorm.com\/wp-content\/uploads\/2012\/09\/ds_jungle_01.jpg\" \/>\n\t<meta property=\"og:image:width\" content=\"1280\" \/>\n\t<meta property=\"og:image:height\" content=\"720\" \/>\n\t<meta property=\"og:image:type\" content=\"image\/jpeg\" \/>\n<script type=\"application\/ld+json\" class=\"yoast-schema-graph\">{\"@context\":\"https:\\\/\\\/schema.org\",\"@graph\":[{\"@type\":\"WebPage\",\"@id\":\"https:\\\/\\\/dinostorm.com\\\/de\\\/online-3d-spiel\\\/dinosaurier-lexikon\\\/dinosaurier-brachiosaurus\\\/\",\"url\":\"https:\\\/\\\/dinostorm.com\\\/de\\\/online-3d-spiel\\\/dinosaurier-lexikon\\\/dinosaurier-brachiosaurus\\\/\",\"name\":\"Dinosaurier: Brachiosaurus - Dino Storm\",\"isPartOf\":{\"@id\":\"https:\\\/\\\/dinostorm.com\\\/de\\\/#website\"},\"primaryImageOfPage\":{\"@id\":\"https:\\\/\\\/dinostorm.com\\\/de\\\/online-3d-spiel\\\/dinosaurier-lexikon\\\/dinosaurier-brachiosaurus\\\/#primaryimage\"},\"image\":{\"@id\":\"https:\\\/\\\/dinostorm.com\\\/de\\\/online-3d-spiel\\\/dinosaurier-lexikon\\\/dinosaurier-brachiosaurus\\\/#primaryimage\"},\"thumbnailUrl\":\"https:\\\/\\\/dinostorm.com\\\/wp-content\\\/uploads\\\/2012\\\/09\\\/ds_jungle_01.jpg\",\"datePublished\":\"2012-10-18T07:09:45+00:00\",\"dateModified\":\"2021-07-08T11:55:26+00:00\",\"description\":\"Brachiosaurus weist in Dino Storm eine unglaubliche Z\u00e4higkeit auf. Hier erf\u00e4hrst du alles \u00fcber Brachiosaurus: Fakten, Skills und F\u00e4higkeiten.\",\"breadcrumb\":{\"@id\":\"https:\\\/\\\/dinostorm.com\\\/de\\\/online-3d-spiel\\\/dinosaurier-lexikon\\\/dinosaurier-brachiosaurus\\\/#breadcrumb\"},\"inLanguage\":\"de-DE\",\"potentialAction\":[{\"@type\":\"ReadAction\",\"target\":[\"https:\\\/\\\/dinostorm.com\\\/de\\\/online-3d-spiel\\\/dinosaurier-lexikon\\\/dinosaurier-brachiosaurus\\\/\"]}]},{\"@type\":\"ImageObject\",\"inLanguage\":\"de-DE\",\"@id\":\"https:\\\/\\\/dinostorm.com\\\/de\\\/online-3d-spiel\\\/dinosaurier-lexikon\\\/dinosaurier-brachiosaurus\\\/#primaryimage\",\"url\":\"https:\\\/\\\/dinostorm.com\\\/wp-content\\\/uploads\\\/2012\\\/09\\\/ds_jungle_01.jpg\",\"contentUrl\":\"https:\\\/\\\/dinostorm.com\\\/wp-content\\\/uploads\\\/2012\\\/09\\\/ds_jungle_01.jpg\",\"width\":1280,\"height\":720,\"caption\":\"Beware of dangerous bandits in Mokon Woods are everywhere.\"},{\"@type\":\"BreadcrumbList\",\"@id\":\"https:\\\/\\\/dinostorm.com\\\/de\\\/online-3d-spiel\\\/dinosaurier-lexikon\\\/dinosaurier-brachiosaurus\\\/#breadcrumb\",\"itemListElement\":[{\"@type\":\"ListItem\",\"position\":1,\"name\":\"Home\",\"item\":\"https:\\\/\\\/dinostorm.com\\\/de\\\/\"},{\"@type\":\"ListItem\",\"position\":2,\"name\":\"Spiel\",\"item\":\"https:\\\/\\\/dinostorm.com\\\/de\\\/online-3d-spiel\\\/\"},{\"@type\":\"ListItem\",\"position\":3,\"name\":\"Dinosaurierlexikon\",\"item\":\"https:\\\/\\\/dinostorm.com\\\/de\\\/online-3d-spiel\\\/dinosaurier-lexikon\\\/\"},{\"@type\":\"ListItem\",\"position\":4,\"name\":\"Brachiosaurus\"}]},{\"@type\":\"WebSite\",\"@id\":\"https:\\\/\\\/dinostorm.com\\\/de\\\/#website\",\"url\":\"https:\\\/\\\/dinostorm.com\\\/de\\\/\",\"name\":\"DinoStorm\",\"description\":\"\",\"potentialAction\":[{\"@type\":\"SearchAction\",\"target\":{\"@type\":\"EntryPoint\",\"urlTemplate\":\"https:\\\/\\\/dinostorm.com\\\/de\\\/?s={search_term_string}\"},\"query-input\":{\"@type\":\"PropertyValueSpecification\",\"valueRequired\":true,\"valueName\":\"search_term_string\"}}],\"inLanguage\":\"de-DE\"}]}<\/script>\n<!-- \/ Yoast SEO plugin. -->","yoast_head_json":{"title":"Dinosaurier: Brachiosaurus - Dino Storm","description":"Brachiosaurus weist in Dino Storm eine unglaubliche Z\u00e4higkeit auf. Hier erf\u00e4hrst du alles \u00fcber Brachiosaurus: Fakten, Skills und F\u00e4higkeiten.","robots":{"index":"index","follow":"follow","max-snippet":"max-snippet:-1","max-image-preview":"max-image-preview:large","max-video-preview":"max-video-preview:-1"},"canonical":"https:\/\/dinostorm.com\/de\/online-3d-spiel\/dinosaurier-lexikon\/dinosaurier-brachiosaurus\/","og_locale":"de_DE","og_type":"article","og_title":"Dinosaurier: Brachiosaurus - Dino Storm","og_description":"Brachiosaurus weist in Dino Storm eine unglaubliche Z\u00e4higkeit auf. Hier erf\u00e4hrst du alles \u00fcber Brachiosaurus: Fakten, Skills und F\u00e4higkeiten.","og_url":"https:\/\/dinostorm.com\/de\/online-3d-spiel\/dinosaurier-lexikon\/dinosaurier-brachiosaurus\/","og_site_name":"DinoStorm","article_modified_time":"2021-07-08T11:55:26+00:00","og_image":[{"width":1280,"height":720,"url":"https:\/\/dinostorm.com\/wp-content\/uploads\/2012\/09\/ds_jungle_01.jpg","type":"image\/jpeg"}],"schema":{"@context":"https:\/\/schema.org","@graph":[{"@type":"WebPage","@id":"https:\/\/dinostorm.com\/de\/online-3d-spiel\/dinosaurier-lexikon\/dinosaurier-brachiosaurus\/","url":"https:\/\/dinostorm.com\/de\/online-3d-spiel\/dinosaurier-lexikon\/dinosaurier-brachiosaurus\/","name":"Dinosaurier: Brachiosaurus - Dino Storm","isPartOf":{"@id":"https:\/\/dinostorm.com\/de\/#website"},"primaryImageOfPage":{"@id":"https:\/\/dinostorm.com\/de\/online-3d-spiel\/dinosaurier-lexikon\/dinosaurier-brachiosaurus\/#primaryimage"},"image":{"@id":"https:\/\/dinostorm.com\/de\/online-3d-spiel\/dinosaurier-lexikon\/dinosaurier-brachiosaurus\/#primaryimage"},"thumbnailUrl":"https:\/\/dinostorm.com\/wp-content\/uploads\/2012\/09\/ds_jungle_01.jpg","datePublished":"2012-10-18T07:09:45+00:00","dateModified":"2021-07-08T11:55:26+00:00","description":"Brachiosaurus weist in Dino Storm eine unglaubliche Z\u00e4higkeit auf. Hier erf\u00e4hrst du alles \u00fcber Brachiosaurus: Fakten, Skills und F\u00e4higkeiten.","breadcrumb":{"@id":"https:\/\/dinostorm.com\/de\/online-3d-spiel\/dinosaurier-lexikon\/dinosaurier-brachiosaurus\/#breadcrumb"},"inLanguage":"de-DE","potentialAction":[{"@type":"ReadAction","target":["https:\/\/dinostorm.com\/de\/online-3d-spiel\/dinosaurier-lexikon\/dinosaurier-brachiosaurus\/"]}]},{"@type":"ImageObject","inLanguage":"de-DE","@id":"https:\/\/dinostorm.com\/de\/online-3d-spiel\/dinosaurier-lexikon\/dinosaurier-brachiosaurus\/#primaryimage","url":"https:\/\/dinostorm.com\/wp-content\/uploads\/2012\/09\/ds_jungle_01.jpg","contentUrl":"https:\/\/dinostorm.com\/wp-content\/uploads\/2012\/09\/ds_jungle_01.jpg","width":1280,"height":720,"caption":"Beware of dangerous bandits in Mokon Woods are everywhere."},{"@type":"BreadcrumbList","@id":"https:\/\/dinostorm.com\/de\/online-3d-spiel\/dinosaurier-lexikon\/dinosaurier-brachiosaurus\/#breadcrumb","itemListElement":[{"@type":"ListItem","position":1,"name":"Home","item":"https:\/\/dinostorm.com\/de\/"},{"@type":"ListItem","position":2,"name":"Spiel","item":"https:\/\/dinostorm.com\/de\/online-3d-spiel\/"},{"@type":"ListItem","position":3,"name":"Dinosaurierlexikon","item":"https:\/\/dinostorm.com\/de\/online-3d-spiel\/dinosaurier-lexikon\/"},{"@type":"ListItem","position":4,"name":"Brachiosaurus"}]},{"@type":"WebSite","@id":"https:\/\/dinostorm.com\/de\/#website","url":"https:\/\/dinostorm.com\/de\/","name":"DinoStorm","description":"","potentialAction":[{"@type":"SearchAction","target":{"@type":"EntryPoint","urlTemplate":"https:\/\/dinostorm.com\/de\/?s={search_term_string}"},"query-input":{"@type":"PropertyValueSpecification","valueRequired":true,"valueName":"search_term_string"}}],"inLanguage":"de-DE"}]}},"_links":{"self":[{"href":"https:\/\/dinostorm.com\/de\/wp-json\/wp\/v2\/pages\/2224","targetHints":{"allow":["GET"]}}],"collection":[{"href":"https:\/\/dinostorm.com\/de\/wp-json\/wp\/v2\/pages"}],"about":[{"href":"https:\/\/dinostorm.com\/de\/wp-json\/wp\/v2\/types\/page"}],"author":[{"embeddable":true,"href":"https:\/\/dinostorm.com\/de\/wp-json\/wp\/v2\/users\/26"}],"replies":[{"embeddable":true,"href":"https:\/\/dinostorm.com\/de\/wp-json\/wp\/v2\/comments?post=2224"}],"version-history":[{"count":6,"href":"https:\/\/dinostorm.com\/de\/wp-json\/wp\/v2\/pages\/2224\/revisions"}],"predecessor-version":[{"id":237964,"href":"https:\/\/dinostorm.com\/de\/wp-json\/wp\/v2\/pages\/2224\/revisions\/237964"}],"up":[{"embeddable":true,"href":"https:\/\/dinostorm.com\/de\/wp-json\/wp\/v2\/pages\/1583"}],"wp:featuredmedia":[{"embeddable":true,"href":"https:\/\/dinostorm.com\/de\/wp-json\/wp\/v2\/media\/15052"}],"wp:attachment":[{"href":"https:\/\/dinostorm.com\/de\/wp-json\/wp\/v2\/media?parent=2224"}],"curies":[{"name":"wp","href":"https:\/\/api.w.org\/{rel}","templated":true}]}}