{"id":2213,"date":"2012-10-18T09:05:45","date_gmt":"2012-10-18T07:05:45","guid":{"rendered":"http:\/\/dinostorm.com\/?page_id=2213"},"modified":"2018-02-01T13:46:20","modified_gmt":"2018-02-01T11:46:20","slug":"online-3d-spiel","status":"publish","type":"page","link":"https:\/\/dinostorm.com\/de\/online-3d-spiel\/","title":{"rendered":"Spiel"},"content":{"rendered":"<div class=\"teaser\"><\/div>\n<h1 class=\"headline_page width_350\"><span>DINO STORM Einf\u00fchrung<\/span><\/h1>\n<p class=\"back-button back-pos350\"><a class=\"back-block\" href=\"http:\/\/dinostorm.com\/de\/\">home<\/a><\/p>\n<div class=\"one_half\">\n<p><img class=\"colorbox-2213\"  decoding=\"async\" src=\"\/wp-content\/themes\/arras\/images\/dinostorm\/Dino-Storm-Comic-1.png\" alt=\"DINO STORM Einf\u00fchrung\"><\/p>\n<h2>Das 3D Multiplayer Spiel mit Dinos, Cowboys und Laser Guns<\/h2>\n<p>Dino Storm ist ein kostenloses Multiplayer Spiel mit Dinos, Cowboys und Laser Guns. St\u00f6ber im Dinosaurierlexikon, in den Waffenkits, oder lese unsere Tipps in der FAQ. Hier erf\u00e4hrst du alles, was es \u00fcber Dino Storm zu berichten gibt.  <\/p>\n<\/div>\n<div class=\"one_half_last\">\n<p class=\"padding_left30\">\n<object width=\"400\" height=\"255\"><param name=\"movie\" value=\"http:\/\/www.youtube.com\/v\/li7edRhcBWQ&#038;hl=en&#038;fs=1&#038;showinfo=0\"><\/param><param name=\"allowFullScreen\" value=\"true\"><\/param><param name=\"allowscriptaccess\" value=\"always\"><\/param><embed src=\"http:\/\/www.youtube.com\/v\/li7edRhcBWQ&#038;hl=en&#038;fs=1&#038;showinfo=0\" type=\"application\/x-shockwave-flash\" allowscriptaccess=\"always\" allowfullscreen=\"true\" width=\"400\" height=\"255\"><\/embed><\/object>\n<\/p>\n<\/div>\n<div class=\"full\">\n<img decoding=\"async\" class=\"hr3 margin35 colorbox-2213\" src=\"\/wp-content\/themes\/arras\/images\/dinostorm\/seperator_small.png\" alt=\"separator dino storm\"><br \/>\n<a name=\"\u00fcbersicht\"><\/a>>\n<\/div>\n<div class=\"games_auswahl\">\n<a class=\"button1\" href=\"\/de\/online-3d-spiel\/spielefuehrer-dino-storm\"><span>Spielef\u00fchrer<\/span><\/a>a<a class=\"button4\" href=\"\/de\/online-3d-spiel\/dinosaurier-lexikon\"><span>Dinosaurierlexikon<\/span><\/a>a<a class=\"button3\" href=\"\/de\/online-3d-spiel\/dinosaurierimplantate\"><span>Dinosaurierimplantate<\/span><\/a><a class=\"button2\" href=\"\/de\/online-3d-spiel\/faq-dino-storm\"><span>FAQ<\/span><\/a><a class=\"button5\" href=\"\/de\/online-3d-spiel\/waffen-lexikon\"><span>Waffenlexikon<\/span><\/a><a class=\"button6\" href=\"\/de\/online-3d-spiel\/waffenkits\"><span>Waffenkits<\/span><\/a>a>\n<\/div>\n<div class=full>\n<img decoding=\"async\" class=\"hr3 margin35 colorbox-2213\" src=\"\/wp-content\/themes\/arras\/images\/dinostorm\/seperator_big.png\" alt=\"separator dino storm\" \/>\n<\/div>\n","protected":false},"excerpt":{"rendered":"<p>DINO STORM Einf\u00fchrung home Das 3D Multiplayer Spiel mit Dinos, Cowboys und Laser Guns Dino Storm ist ein kostenloses Multiplayer Spiel mit Dinos, Cowboys und Laser Guns. St\u00f6ber im Dinosaurierlexikon, in den Waffenkits, oder lese [&hellip;]<\/p>\n","protected":false},"author":26,"featured_media":-1,"parent":0,"menu_order":0,"comment_status":"closed","ping_status":"closed","template":"pagetpl-onecolumn.php","meta":{"footnotes":"","_links_to":"","_links_to_target":""},"class_list":["post-2213","page","type-page","status-publish","has-post-thumbnail","hentry"],"yoast_head":"<!-- This site is optimized with the Yoast SEO plugin v27.4 - https:\/\/yoast.com\/product\/yoast-seo-wordpress\/ -->\n<title>Dino Storm - Einf\u00fchrung \u00fcber unser kostenloses Onlinespiel<\/title>\n<meta name=\"description\" content=\"Dino Storm ist ein kostenlose Multiplayer Spiel mit Dinos, Cowboys und Laser Guns. St\u00f6ber im Dinosaurierlexikon, in den Waffenkits, oder lese unsere Tipps...\" \/>\n<meta name=\"robots\" content=\"index, follow, max-snippet:-1, max-image-preview:large, max-video-preview:-1\" \/>\n<link rel=\"canonical\" href=\"https:\/\/dinostorm.com\/de\/online-3d-spiel\/\" \/>\n<meta property=\"og:locale\" content=\"de_DE\" \/>\n<meta property=\"og:type\" content=\"article\" \/>\n<meta property=\"og:title\" content=\"Dino Storm - Einf\u00fchrung \u00fcber unser kostenloses Onlinespiel\" \/>\n<meta property=\"og:description\" content=\"Dino Storm ist ein kostenlose Multiplayer Spiel mit Dinos, Cowboys und Laser Guns. St\u00f6ber im Dinosaurierlexikon, in den Waffenkits, oder lese unsere Tipps...\" \/>\n<meta property=\"og:url\" content=\"https:\/\/dinostorm.com\/de\/online-3d-spiel\/\" \/>\n<meta property=\"og:site_name\" content=\"DinoStorm\" \/>\n<meta property=\"article:modified_time\" content=\"2018-02-01T11:46:20+00:00\" \/>\n<script type=\"application\/ld+json\" class=\"yoast-schema-graph\">{\"@context\":\"https:\\\/\\\/schema.org\",\"@graph\":[{\"@type\":\"WebPage\",\"@id\":\"https:\\\/\\\/dinostorm.com\\\/de\\\/online-3d-spiel\\\/\",\"url\":\"https:\\\/\\\/dinostorm.com\\\/de\\\/online-3d-spiel\\\/\",\"name\":\"Dino Storm - Einf\u00fchrung \u00fcber unser kostenloses Onlinespiel\",\"isPartOf\":{\"@id\":\"https:\\\/\\\/dinostorm.com\\\/de\\\/#website\"},\"datePublished\":\"2012-10-18T07:05:45+00:00\",\"dateModified\":\"2018-02-01T11:46:20+00:00\",\"description\":\"Dino Storm ist ein kostenlose Multiplayer Spiel mit Dinos, Cowboys und Laser Guns. St\u00f6ber im Dinosaurierlexikon, in den Waffenkits, oder lese unsere Tipps...\",\"breadcrumb\":{\"@id\":\"https:\\\/\\\/dinostorm.com\\\/de\\\/online-3d-spiel\\\/#breadcrumb\"},\"inLanguage\":\"de-DE\",\"potentialAction\":[{\"@type\":\"ReadAction\",\"target\":[\"https:\\\/\\\/dinostorm.com\\\/de\\\/online-3d-spiel\\\/\"]}]},{\"@type\":\"BreadcrumbList\",\"@id\":\"https:\\\/\\\/dinostorm.com\\\/de\\\/online-3d-spiel\\\/#breadcrumb\",\"itemListElement\":[{\"@type\":\"ListItem\",\"position\":1,\"name\":\"Home\",\"item\":\"https:\\\/\\\/dinostorm.com\\\/de\\\/\"},{\"@type\":\"ListItem\",\"position\":2,\"name\":\"Spiel\"}]},{\"@type\":\"WebSite\",\"@id\":\"https:\\\/\\\/dinostorm.com\\\/de\\\/#website\",\"url\":\"https:\\\/\\\/dinostorm.com\\\/de\\\/\",\"name\":\"DinoStorm\",\"description\":\"\",\"potentialAction\":[{\"@type\":\"SearchAction\",\"target\":{\"@type\":\"EntryPoint\",\"urlTemplate\":\"https:\\\/\\\/dinostorm.com\\\/de\\\/?s={search_term_string}\"},\"query-input\":{\"@type\":\"PropertyValueSpecification\",\"valueRequired\":true,\"valueName\":\"search_term_string\"}}],\"inLanguage\":\"de-DE\"}]}<\/script>\n<!-- \/ Yoast SEO plugin. -->","yoast_head_json":{"title":"Dino Storm - Einf\u00fchrung \u00fcber unser kostenloses Onlinespiel","description":"Dino Storm ist ein kostenlose Multiplayer Spiel mit Dinos, Cowboys und Laser Guns. St\u00f6ber im Dinosaurierlexikon, in den Waffenkits, oder lese unsere Tipps...","robots":{"index":"index","follow":"follow","max-snippet":"max-snippet:-1","max-image-preview":"max-image-preview:large","max-video-preview":"max-video-preview:-1"},"canonical":"https:\/\/dinostorm.com\/de\/online-3d-spiel\/","og_locale":"de_DE","og_type":"article","og_title":"Dino Storm - Einf\u00fchrung \u00fcber unser kostenloses Onlinespiel","og_description":"Dino Storm ist ein kostenlose Multiplayer Spiel mit Dinos, Cowboys und Laser Guns. St\u00f6ber im Dinosaurierlexikon, in den Waffenkits, oder lese unsere Tipps...","og_url":"https:\/\/dinostorm.com\/de\/online-3d-spiel\/","og_site_name":"DinoStorm","article_modified_time":"2018-02-01T11:46:20+00:00","schema":{"@context":"https:\/\/schema.org","@graph":[{"@type":"WebPage","@id":"https:\/\/dinostorm.com\/de\/online-3d-spiel\/","url":"https:\/\/dinostorm.com\/de\/online-3d-spiel\/","name":"Dino Storm - Einf\u00fchrung \u00fcber unser kostenloses Onlinespiel","isPartOf":{"@id":"https:\/\/dinostorm.com\/de\/#website"},"datePublished":"2012-10-18T07:05:45+00:00","dateModified":"2018-02-01T11:46:20+00:00","description":"Dino Storm ist ein kostenlose Multiplayer Spiel mit Dinos, Cowboys und Laser Guns. St\u00f6ber im Dinosaurierlexikon, in den Waffenkits, oder lese unsere Tipps...","breadcrumb":{"@id":"https:\/\/dinostorm.com\/de\/online-3d-spiel\/#breadcrumb"},"inLanguage":"de-DE","potentialAction":[{"@type":"ReadAction","target":["https:\/\/dinostorm.com\/de\/online-3d-spiel\/"]}]},{"@type":"BreadcrumbList","@id":"https:\/\/dinostorm.com\/de\/online-3d-spiel\/#breadcrumb","itemListElement":[{"@type":"ListItem","position":1,"name":"Home","item":"https:\/\/dinostorm.com\/de\/"},{"@type":"ListItem","position":2,"name":"Spiel"}]},{"@type":"WebSite","@id":"https:\/\/dinostorm.com\/de\/#website","url":"https:\/\/dinostorm.com\/de\/","name":"DinoStorm","description":"","potentialAction":[{"@type":"SearchAction","target":{"@type":"EntryPoint","urlTemplate":"https:\/\/dinostorm.com\/de\/?s={search_term_string}"},"query-input":{"@type":"PropertyValueSpecification","valueRequired":true,"valueName":"search_term_string"}}],"inLanguage":"de-DE"}]}},"_links":{"self":[{"href":"https:\/\/dinostorm.com\/de\/wp-json\/wp\/v2\/pages\/2213","targetHints":{"allow":["GET"]}}],"collection":[{"href":"https:\/\/dinostorm.com\/de\/wp-json\/wp\/v2\/pages"}],"about":[{"href":"https:\/\/dinostorm.com\/de\/wp-json\/wp\/v2\/types\/page"}],"author":[{"embeddable":true,"href":"https:\/\/dinostorm.com\/de\/wp-json\/wp\/v2\/users\/26"}],"replies":[{"embeddable":true,"href":"https:\/\/dinostorm.com\/de\/wp-json\/wp\/v2\/comments?post=2213"}],"version-history":[{"count":0,"href":"https:\/\/dinostorm.com\/de\/wp-json\/wp\/v2\/pages\/2213\/revisions"}],"wp:featuredmedia":[{"embeddable":true,"href":"https:\/\/dinostorm.com\/de\/wp-json\/"}],"wp:attachment":[{"href":"https:\/\/dinostorm.com\/de\/wp-json\/wp\/v2\/media?parent=2213"}],"curies":[{"name":"wp","href":"https:\/\/api.w.org\/{rel}","templated":true}]}}