{"id":1592,"date":"2012-09-10T16:23:26","date_gmt":"2012-09-10T14:23:26","guid":{"rendered":"http:\/\/dinostorm.com\/?page_id=1592"},"modified":"2021-07-01T13:15:40","modified_gmt":"2021-07-01T11:15:40","slug":"waffen-lexikon","status":"publish","type":"page","link":"https:\/\/dinostorm.com\/de\/online-3d-spiel\/waffen-lexikon\/","title":{"rendered":"Waffenlexikon"},"content":{"rendered":"<div class=\"teaser\"><\/div>\n<h1 class=\"headline_page width_350\"><span>Waffenlexikon<\/span><\/h1>\n<p class=\"back-button back-pos350\"><a class=\"back-block\" href=\"\/de\/online-3d-spiel#\u00fcbersicht\">Zur\u00fcck<\/a><\/p>\n<div class=\"full\">\n<img decoding=\"async\" class=\"wrapper_image_impl colorbox-1592\" src=\"\/wp-content\/themes\/arras\/images\/dinostorm\/laser-gun-cowgirl.png\" alt=\"Waffen: Dino Storm\"\/><\/p>\n<div class=\"wrapper_impl\">\n<p class=\"text-impl\">Das Neueste und Beste aus der Selbstverteidigungsbranche.<br \/>\nIn einer misslichen Lage m\u00f6chte niemand blo\u00df Zweitbester sein&#8230;<\/p>\n<\/div>\n<\/div>\n<div class=\"wrapper_dinolex\">\n<center><\/p>\n<h2>Flammender Colt<\/h2>\n<div class=\"dino_lex\">\n<a href=\"\/de\/online-3d-spiel\/waffen-lexikon\/burning-colt\"><img class=\"colorbox-1592\"  decoding=\"async\" width=\"248\" src=\"\/wp-content\/themes\/arras\/images\/dinostorm\/burningcolt.png\"  onmouseover=\"this.width=268\" onmouseout=\"this.width=248\"><\/a>\n<\/div>\n<p><\/center>\n<\/div>\n<div class=\"wrapper_dinolex\">\n<center><\/p>\n<h2>Hammer<\/h2>\n<p><a href=\"\/de\/online-3d-spiel\/waffen-lexikon\/hammer\"><img class=\"colorbox-1592\"  decoding=\"async\" width=\"248\" src=\"\/wp-content\/themes\/arras\/images\/dinostorm\/hammer.png\"  onmouseover=\"this.width=268\" onmouseout=\"this.width=248\"><\/a><br \/>\n<\/center>\n<\/div>\n<div class=\"wrapper_dinolex\">\n<center><\/p>\n<h2>Friedensstifter<\/h2>\n<p><a href=\"\/de\/online-3d-spiel\/waffen-lexikon\/peacemaker\"><img class=\"colorbox-1592\"  decoding=\"async\" width=\"248\" src=\"\/wp-content\/themes\/arras\/images\/dinostorm\/peacemaker.png\"  onmouseover=\"this.width=268\" onmouseout=\"this.width=248\"><\/a><br \/>\n<\/center>\n<\/div>\n<div class=\"wrapper_dinolex\">\n<center><\/p>\n<h2>Gatling<\/h2>\n<p><a href=\"\/de\/online-3d-spiel\/waffen-lexikon\/gatling\"><img class=\"colorbox-1592\"  decoding=\"async\" onmouseover=\"this.width=268\" onmouseout=\"this.width=248\" alt=\"\" src=\"\/wp-content\/themes\/arras\/images\/dinostorm\/gatling.png\" width=\"248\" \/><\/a><br \/>\n<\/center>\n<\/div>\n<div class=\"wrapper_dinolex\">\n<center><\/p>\n<h2>Yager-Gewehr<\/h2>\n<p><a href=\"\/de\/online-3d-spiel\/waffen-lexikon\/yager-rifle\"><img class=\"colorbox-1592\"  decoding=\"async\" onmouseover=\"this.width=268\" onmouseout=\"this.width=248\" alt=\"\" src=\"\/wp-content\/themes\/arras\/images\/dinostorm\/yagerrifle.png\" width=\"248\" \/><\/a><br \/>\n<\/center>\n<\/div>\n<div class=\"wrapper_dinolex\">\n<center><\/p>\n<h2>Showstopper<\/h2>\n<p><a href=\"\/de\/online-3d-spiel\/waffen-lexikon\/showstopper\"><img class=\"colorbox-1592\"  decoding=\"async\" onmouseover=\"this.width=268\" onmouseout=\"this.width=248\" alt=\"\" src=\"\/wp-content\/themes\/arras\/images\/dinostorm\/showstopper.png\" width=\"248\" \/><\/a><br \/>\n<\/center>\n<\/div>\n<div class=full>\n<img decoding=\"async\" class=\"hr3 colorbox-1592\" src=\"\/wp-content\/themes\/arras\/images\/dinostorm\/seperator_big.png\" alt=\"separator dino storm\" \/>\n<\/div>\n","protected":false},"excerpt":{"rendered":"<p>Waffenlexikon Zur\u00fcck Das Neueste und Beste aus der Selbstverteidigungsbranche. In einer misslichen Lage m\u00f6chte niemand blo\u00df Zweitbester sein&#8230; Flammender Colt Hammer Friedensstifter Gatling Yager-Gewehr Showstopper<\/p>\n","protected":false},"author":26,"featured_media":15052,"parent":2213,"menu_order":0,"comment_status":"closed","ping_status":"closed","template":"pagetpl-onecolumn.php","meta":{"footnotes":"","_links_to":"","_links_to_target":""},"class_list":["post-1592","page","type-page","status-publish","has-post-thumbnail","hentry"],"yoast_head":"<!-- This site is optimized with the Yoast SEO plugin v27.4 - https:\/\/yoast.com\/product\/yoast-seo-wordpress\/ -->\n<title>Dino Storm - Waffenlexikon<\/title>\n<meta name=\"description\" content=\"Du willst mehr \u00fcber die Waffen in Dino Storm erfahren? Ob Laserpistole oder Lasergewehr \u2013 alle Informationen zu unseren Waffen sind im Waffenlexikon abrufbar.\" \/>\n<meta name=\"robots\" content=\"index, follow, max-snippet:-1, max-image-preview:large, max-video-preview:-1\" \/>\n<link rel=\"canonical\" href=\"https:\/\/dinostorm.com\/de\/online-3d-spiel\/waffen-lexikon\/\" \/>\n<meta property=\"og:locale\" content=\"de_DE\" \/>\n<meta property=\"og:type\" content=\"article\" \/>\n<meta property=\"og:title\" content=\"Dino Storm - Waffenlexikon\" \/>\n<meta property=\"og:description\" content=\"Du willst mehr \u00fcber die Waffen in Dino Storm erfahren? Ob Laserpistole oder Lasergewehr \u2013 alle Informationen zu unseren Waffen sind im Waffenlexikon abrufbar.\" \/>\n<meta property=\"og:url\" content=\"https:\/\/dinostorm.com\/de\/online-3d-spiel\/waffen-lexikon\/\" \/>\n<meta property=\"og:site_name\" content=\"DinoStorm\" \/>\n<meta property=\"article:modified_time\" content=\"2021-07-01T11:15:40+00:00\" \/>\n<meta property=\"og:image\" content=\"https:\/\/dinostorm.com\/wp-content\/uploads\/2012\/09\/ds_jungle_01.jpg\" \/>\n\t<meta property=\"og:image:width\" content=\"1280\" \/>\n\t<meta property=\"og:image:height\" content=\"720\" \/>\n\t<meta property=\"og:image:type\" content=\"image\/jpeg\" \/>\n<script type=\"application\/ld+json\" class=\"yoast-schema-graph\">{\"@context\":\"https:\\\/\\\/schema.org\",\"@graph\":[{\"@type\":\"WebPage\",\"@id\":\"https:\\\/\\\/dinostorm.com\\\/de\\\/online-3d-spiel\\\/waffen-lexikon\\\/\",\"url\":\"https:\\\/\\\/dinostorm.com\\\/de\\\/online-3d-spiel\\\/waffen-lexikon\\\/\",\"name\":\"Dino Storm - Waffenlexikon\",\"isPartOf\":{\"@id\":\"https:\\\/\\\/dinostorm.com\\\/de\\\/#website\"},\"primaryImageOfPage\":{\"@id\":\"https:\\\/\\\/dinostorm.com\\\/de\\\/online-3d-spiel\\\/waffen-lexikon\\\/#primaryimage\"},\"image\":{\"@id\":\"https:\\\/\\\/dinostorm.com\\\/de\\\/online-3d-spiel\\\/waffen-lexikon\\\/#primaryimage\"},\"thumbnailUrl\":\"https:\\\/\\\/dinostorm.com\\\/wp-content\\\/uploads\\\/2012\\\/09\\\/ds_jungle_01.jpg\",\"datePublished\":\"2012-09-10T14:23:26+00:00\",\"dateModified\":\"2021-07-01T11:15:40+00:00\",\"description\":\"Du willst mehr \u00fcber die Waffen in Dino Storm erfahren? Ob Laserpistole oder Lasergewehr \u2013 alle Informationen zu unseren Waffen sind im Waffenlexikon abrufbar.\",\"breadcrumb\":{\"@id\":\"https:\\\/\\\/dinostorm.com\\\/de\\\/online-3d-spiel\\\/waffen-lexikon\\\/#breadcrumb\"},\"inLanguage\":\"de-DE\",\"potentialAction\":[{\"@type\":\"ReadAction\",\"target\":[\"https:\\\/\\\/dinostorm.com\\\/de\\\/online-3d-spiel\\\/waffen-lexikon\\\/\"]}]},{\"@type\":\"ImageObject\",\"inLanguage\":\"de-DE\",\"@id\":\"https:\\\/\\\/dinostorm.com\\\/de\\\/online-3d-spiel\\\/waffen-lexikon\\\/#primaryimage\",\"url\":\"https:\\\/\\\/dinostorm.com\\\/wp-content\\\/uploads\\\/2012\\\/09\\\/ds_jungle_01.jpg\",\"contentUrl\":\"https:\\\/\\\/dinostorm.com\\\/wp-content\\\/uploads\\\/2012\\\/09\\\/ds_jungle_01.jpg\",\"width\":1280,\"height\":720,\"caption\":\"Beware of dangerous bandits in Mokon Woods are everywhere.\"},{\"@type\":\"BreadcrumbList\",\"@id\":\"https:\\\/\\\/dinostorm.com\\\/de\\\/online-3d-spiel\\\/waffen-lexikon\\\/#breadcrumb\",\"itemListElement\":[{\"@type\":\"ListItem\",\"position\":1,\"name\":\"Home\",\"item\":\"https:\\\/\\\/dinostorm.com\\\/de\\\/\"},{\"@type\":\"ListItem\",\"position\":2,\"name\":\"Spiel\",\"item\":\"https:\\\/\\\/dinostorm.com\\\/de\\\/online-3d-spiel\\\/\"},{\"@type\":\"ListItem\",\"position\":3,\"name\":\"Waffenlexikon\"}]},{\"@type\":\"WebSite\",\"@id\":\"https:\\\/\\\/dinostorm.com\\\/de\\\/#website\",\"url\":\"https:\\\/\\\/dinostorm.com\\\/de\\\/\",\"name\":\"DinoStorm\",\"description\":\"\",\"potentialAction\":[{\"@type\":\"SearchAction\",\"target\":{\"@type\":\"EntryPoint\",\"urlTemplate\":\"https:\\\/\\\/dinostorm.com\\\/de\\\/?s={search_term_string}\"},\"query-input\":{\"@type\":\"PropertyValueSpecification\",\"valueRequired\":true,\"valueName\":\"search_term_string\"}}],\"inLanguage\":\"de-DE\"}]}<\/script>\n<!-- \/ Yoast SEO plugin. -->","yoast_head_json":{"title":"Dino Storm - Waffenlexikon","description":"Du willst mehr \u00fcber die Waffen in Dino Storm erfahren? Ob Laserpistole oder Lasergewehr \u2013 alle Informationen zu unseren Waffen sind im Waffenlexikon abrufbar.","robots":{"index":"index","follow":"follow","max-snippet":"max-snippet:-1","max-image-preview":"max-image-preview:large","max-video-preview":"max-video-preview:-1"},"canonical":"https:\/\/dinostorm.com\/de\/online-3d-spiel\/waffen-lexikon\/","og_locale":"de_DE","og_type":"article","og_title":"Dino Storm - Waffenlexikon","og_description":"Du willst mehr \u00fcber die Waffen in Dino Storm erfahren? Ob Laserpistole oder Lasergewehr \u2013 alle Informationen zu unseren Waffen sind im Waffenlexikon abrufbar.","og_url":"https:\/\/dinostorm.com\/de\/online-3d-spiel\/waffen-lexikon\/","og_site_name":"DinoStorm","article_modified_time":"2021-07-01T11:15:40+00:00","og_image":[{"width":1280,"height":720,"url":"https:\/\/dinostorm.com\/wp-content\/uploads\/2012\/09\/ds_jungle_01.jpg","type":"image\/jpeg"}],"schema":{"@context":"https:\/\/schema.org","@graph":[{"@type":"WebPage","@id":"https:\/\/dinostorm.com\/de\/online-3d-spiel\/waffen-lexikon\/","url":"https:\/\/dinostorm.com\/de\/online-3d-spiel\/waffen-lexikon\/","name":"Dino Storm - Waffenlexikon","isPartOf":{"@id":"https:\/\/dinostorm.com\/de\/#website"},"primaryImageOfPage":{"@id":"https:\/\/dinostorm.com\/de\/online-3d-spiel\/waffen-lexikon\/#primaryimage"},"image":{"@id":"https:\/\/dinostorm.com\/de\/online-3d-spiel\/waffen-lexikon\/#primaryimage"},"thumbnailUrl":"https:\/\/dinostorm.com\/wp-content\/uploads\/2012\/09\/ds_jungle_01.jpg","datePublished":"2012-09-10T14:23:26+00:00","dateModified":"2021-07-01T11:15:40+00:00","description":"Du willst mehr \u00fcber die Waffen in Dino Storm erfahren? Ob Laserpistole oder Lasergewehr \u2013 alle Informationen zu unseren Waffen sind im Waffenlexikon abrufbar.","breadcrumb":{"@id":"https:\/\/dinostorm.com\/de\/online-3d-spiel\/waffen-lexikon\/#breadcrumb"},"inLanguage":"de-DE","potentialAction":[{"@type":"ReadAction","target":["https:\/\/dinostorm.com\/de\/online-3d-spiel\/waffen-lexikon\/"]}]},{"@type":"ImageObject","inLanguage":"de-DE","@id":"https:\/\/dinostorm.com\/de\/online-3d-spiel\/waffen-lexikon\/#primaryimage","url":"https:\/\/dinostorm.com\/wp-content\/uploads\/2012\/09\/ds_jungle_01.jpg","contentUrl":"https:\/\/dinostorm.com\/wp-content\/uploads\/2012\/09\/ds_jungle_01.jpg","width":1280,"height":720,"caption":"Beware of dangerous bandits in Mokon Woods are everywhere."},{"@type":"BreadcrumbList","@id":"https:\/\/dinostorm.com\/de\/online-3d-spiel\/waffen-lexikon\/#breadcrumb","itemListElement":[{"@type":"ListItem","position":1,"name":"Home","item":"https:\/\/dinostorm.com\/de\/"},{"@type":"ListItem","position":2,"name":"Spiel","item":"https:\/\/dinostorm.com\/de\/online-3d-spiel\/"},{"@type":"ListItem","position":3,"name":"Waffenlexikon"}]},{"@type":"WebSite","@id":"https:\/\/dinostorm.com\/de\/#website","url":"https:\/\/dinostorm.com\/de\/","name":"DinoStorm","description":"","potentialAction":[{"@type":"SearchAction","target":{"@type":"EntryPoint","urlTemplate":"https:\/\/dinostorm.com\/de\/?s={search_term_string}"},"query-input":{"@type":"PropertyValueSpecification","valueRequired":true,"valueName":"search_term_string"}}],"inLanguage":"de-DE"}]}},"_links":{"self":[{"href":"https:\/\/dinostorm.com\/de\/wp-json\/wp\/v2\/pages\/1592","targetHints":{"allow":["GET"]}}],"collection":[{"href":"https:\/\/dinostorm.com\/de\/wp-json\/wp\/v2\/pages"}],"about":[{"href":"https:\/\/dinostorm.com\/de\/wp-json\/wp\/v2\/types\/page"}],"author":[{"embeddable":true,"href":"https:\/\/dinostorm.com\/de\/wp-json\/wp\/v2\/users\/26"}],"replies":[{"embeddable":true,"href":"https:\/\/dinostorm.com\/de\/wp-json\/wp\/v2\/comments?post=1592"}],"version-history":[{"count":6,"href":"https:\/\/dinostorm.com\/de\/wp-json\/wp\/v2\/pages\/1592\/revisions"}],"predecessor-version":[{"id":235317,"href":"https:\/\/dinostorm.com\/de\/wp-json\/wp\/v2\/pages\/1592\/revisions\/235317"}],"up":[{"embeddable":true,"href":"https:\/\/dinostorm.com\/de\/wp-json\/wp\/v2\/pages\/2213"}],"wp:featuredmedia":[{"embeddable":true,"href":"https:\/\/dinostorm.com\/de\/wp-json\/wp\/v2\/media\/15052"}],"wp:attachment":[{"href":"https:\/\/dinostorm.com\/de\/wp-json\/wp\/v2\/media?parent=1592"}],"curies":[{"name":"wp","href":"https:\/\/api.w.org\/{rel}","templated":true}]}}