{"id":1383,"date":"2012-09-05T14:50:11","date_gmt":"2012-09-05T12:50:11","guid":{"rendered":"http:\/\/dinostorm.com\/?page_id=1383"},"modified":"2022-11-24T17:18:43","modified_gmt":"2022-11-24T15:18:43","slug":"home","status":"publish","type":"page","link":"https:\/\/dinostorm.com\/de\/","title":{"rendered":"Home"},"content":{"rendered":"<div class=\"teaser-home\">&nbsp;<\/div>\n<!-- Start vSlider options -->\r\n<script type=\"text\/javascript\">\r\nvar $jq = jQuery.noConflict(); $jq(document).ready(function() { \r\n    $jq('#HomeDeutsch').coinslider({ width: 960,     height: 389, spw: 3, sph: 2, delay: 6000, sDelay: 60, opacity: 0.7, titleSpeed: 0, effect: 'fade', navigation: false, links : true, stickynav: false, hoverPause: 0 }); }); \r\n    <\/script>\r\n<!-- Begin vSlider options -->\r\n<style type=\"text\/css\" media=\"screen\">\r\n#HomeDeutschcontainer {\r\n    margin: 0px -5px -5px 4px;\r\n    float:none;\r\n    }\r\n#HomeDeutsch { \r\n    width: 960px; \r\n    height: 389px;\r\n    overflow: hidden; \r\n    position: relative; \r\n    }\r\n    \r\n\r\n    #HomeDeutsch a, #HomeDeutsch a img {\r\n        border: none !important; \r\n        text-decoration: none !important; \r\n        outline: none !important;\r\n        } \r\n        \r\n    #HomeDeutsch h4 {\r\n        color: #FFFFFF !important;\r\n        margin: 0px !important;padding: 0px !important;\r\n        font-family: Arial, Helvetica, sans-serif !important;\r\n        font-size: 16px !important;}\r\n        \r\n    #HomeDeutsch .cs-title {\r\n        background: #000;\r\n        color: #FFFFFF  !important;\r\n        font-family: Arial, Helvetica, sans-serif !important;\r\n        font-size: 12px !important;\r\n        letter-spacing: normal !important;line-height: normal !important;}\r\n        \r\n    #HomeDeutsch .cs-title{ position:absolute;\r\n    width: 949px; padding: 10px;        }\r\n        #HomeDeutschcontainer .cs-buttons {clear:both; font-size: 0px; margin: ; float: left; }\r\n       #cs-button-HomeDeutsch{ z-index:999;outline:none;}\r\n                #HomeDeutschcontainer .cs-buttons { font-size: 0px; padding: 10px; float: left; outline: none !important;}\r\n           #HomeDeutschcontainer .cs-buttons a { margin-left: 5px; height: 15px; width: 15px; float: left; \r\n                            background: url('https:\/\/dinostorm.com\/wp-content\/plugins\/vslider\/images\/default_style.png') no-repeat;background-position:top;\r\n                                                text-indent: -1000px;\r\n                                                outline: none !important;\r\n                             }\r\n             #HomeDeutschcontainer .cs-buttons a:hover  { background: url('https:\/\/dinostorm.com\/wp-content\/plugins\/vslider\/images\/default_style.png') no-repeat;background-position: bottom;top:15px;outline: none !important;}\r\n            #HomeDeutschcontainer  a.cs-active { background: url('https:\/\/dinostorm.com\/wp-content\/plugins\/vslider\/images\/default_style.png') no-repeat;background-position:bottom;outline: none !important;}          \r\n                                \r\n        \r\n                 #HomeDeutsch  .cs-prev,#HomeDeutsch  .cs-next { outline:none; }\r\n           #HomeDeutsch  .cs-prev {margin-left:8px; line-height: 30px;width: 30px;height:30px; background: url('https:\/\/dinostorm.com\/wp-content\/plugins\/vslider\/images\/nav_style2_arrows-prev.png')no-repeat; text-indent: -999px;}\r\n      #HomeDeutsch  .cs-next {margin-right: 5px; line-height: 30px;width: 30px;height:30px; background: url('https:\/\/dinostorm.com\/wp-content\/plugins\/vslider\/images\/nav_style2_arrows-next.png')no-repeat; text-indent: -999px;}\r\n         \r\n       #HomeDeutsch,#HomeDeutsch img {\r\n        border:1px solid #000; \r\n        border-radius:1px;\r\n        -moz-border-radius:1px;\r\n        -webkit-border-radius:1px;\r\n        }\r\n<\/style>\r\n<!-- End vSlider options -->\r\n    <div id=\"HomeDeutschcontainer\">\r\n    <div id=\"HomeDeutsch\">       <a href=\"\/online-3d-spiel\" style=\"background:#fff;\" target=\"\">\r\n              <img class=\"colorbox-1383\"  decoding=\"async\" src=\"https:\/\/dinostorm.com\/wp-content\/plugins\/vslider\/timthumb.php?src=http%3A%2F%2Fdinostorm.com%2Fwp-content%2Fuploads%2F2012%2F10%2FDinoville.jpg&amp;w=960&amp;h=389&amp;zc=1&amp;q=80\" style=\"width:960px;height:389px;\" alt=\"Willkommen in Dinoville\" \/>\r\n                    <span><h4>Willkommen in Dinoville<\/h4>Erlebe Dinosaurier-Action in 3D - kostenlos und direkt im Browser<\/span>\r\n                <\/a>\r\n           <a href=\"\/online-3d-spiel\" style=\"background:#fff;\" target=\"\">\r\n              <img class=\"colorbox-1383\"  decoding=\"async\" src=\"https:\/\/dinostorm.com\/wp-content\/plugins\/vslider\/timthumb.php?src=http%3A%2F%2Fdinostorm.com%2Fwp-content%2Fuploads%2F2012%2F10%2Ffemale_rider.jpg&amp;w=960&amp;h=389&amp;zc=1&amp;q=80\" style=\"width:960px;height:389px;\" alt=\"\u00dcberall lauern Gefahren\" \/>\r\n                    <span><h4>\u00dcberall lauern Gefahren<\/h4>Erforsche mit deinen Freunden die umfangreiche Spielwelt<\/span>\r\n                <\/a>\r\n           <a href=\"\/online-3d-spiel\" style=\"background:#fff;\" target=\"\">\r\n              <img class=\"colorbox-1383\"  decoding=\"async\" src=\"https:\/\/dinostorm.com\/wp-content\/plugins\/vslider\/timthumb.php?src=http%3A%2F%2Fdinostorm.com%2Fwp-content%2Fuploads%2F2012%2F10%2Fbadguy.jpg&amp;w=960&amp;h=389&amp;zc=1&amp;q=80\" style=\"width:960px;height:389px;\" alt=\"Verteidige die Stadt gegen B\u00f6sewichte\" \/>\r\n                    <span><h4>Verteidige die Stadt gegen B\u00f6sewichte<\/h4>Tritt gegen erbarmungslose R\u00e4uberbanden an und verdiene dir harte Dollar in spannenden Abenteuern<\/span>\r\n                <\/a>\r\n    <\/div><\/div>\n<h1 class=\"headline-home\">DINO STORM \u2014 DAS KOSTENLOSE 3D ONLINE GAME MIT COWBOYS. DINOS. UND LASER GUNS.<\/h1>\n<div class=\"one_third\">\n<div class=\"Banner\">\n<div class=\"BannerInn\">\n<p class=\"BannerHead\">FEATURES<\/p>\n<h2 class=\"BannerH\"><strong>Dino Storm &#8211; Das erste MMO mit Cowboys, Dinos und Laser Guns<\/strong><\/h2>\n<div class=\"BannerText2\">\n<ul>\n<li>3D-Grafik direkt im Browser<\/li>\n<li>Hunderte Quests<\/li>\n<li>Level deinen eigenen Dinosaurier<\/li>\n<li>Beweise dich gegen Outlaws<\/li>\n<li>Einzigartiges Levelsystem um Ruhm und Ehre<\/li>\n<\/ul>\n<\/div>\n<\/div>\n<\/div>\n<\/div>\n<div class=\"one_third_m\">\n<p class=\"headline-home2 headline-home2-pos\">TRAILER<\/p>\n<div class=\"lyte-wrapper fourthree\" style=\"width:480px;max-width:100%;margin:5px;\"><div class=\"lyMe\" id=\"WYL_gQCBOCoQhM4\"><div id=\"lyte_gQCBOCoQhM4\" data-src=\"https:\/\/dinostorm.com\/wp-content\/plugins\/wp-youtube-lyte\/lyteCache.php?origThumbUrl=%2F%2Fi.ytimg.com%2Fvi%2FgQCBOCoQhM4%2Fhqdefault.jpg\" class=\"pL\"><div class=\"tC\"><div class=\"tT\"><\/div><\/div><div class=\"play\"><\/div><div class=\"ctrl\"><div class=\"Lctrl\"><\/div><div class=\"Rctrl\"><\/div><\/div><\/div><noscript><a href=\"https:\/\/youtu.be\/gQCBOCoQhM4\" rel=\"nofollow\"><img class=\"colorbox-1383\"  loading=\"lazy\" decoding=\"async\" src=\"https:\/\/dinostorm.com\/wp-content\/plugins\/wp-youtube-lyte\/lyteCache.php?origThumbUrl=https%3A%2F%2Fi.ytimg.com%2Fvi%2FgQCBOCoQhM4%2F0.jpg\" alt=\"YouTube-Video-Vorschaubild\" width=\"480\" height=\"340\" \/><br \/>Dieses Video auf YouTube ansehen<\/a><\/noscript><\/div><\/div><div class=\"lL\" style=\"max-width:100%;width:480px;margin:5px;\"><\/div><\/p>\n<\/div>\n<div class=\"one_third_last\">\n<div class=\"image7\"><a class=\"image-link\" href=\"\/de\/online-3d-spiel\/dinosaurier-lexikon\">Dinosaurierlexikon<\/a><\/div>\n<\/div>\n<div class=\"full\"><img decoding=\"async\" class=\"hr-home2 colorbox-1383\" src=\"\/wp-content\/themes\/arras\/images\/dinostorm\/seperator_small.png\" alt=\"separator dino storm\"><\/div>\n<div class=\"one_third\">\n<p class=\"headline-home2 headline-home2-pos\">SCREENSHOTS<\/p>\n<div class=\"gallery\"><dl class='gallery-item'>\n\t\t\t<dt class='gallery-icon landscape'>\n\t\t\t\t<a href='https:\/\/dinostorm.com\/wp-content\/uploads\/2012\/09\/dinostorm_08.jpg'><img loading=\"lazy\" decoding=\"async\" width=\"130\" height=\"80\" src=\"https:\/\/dinostorm.com\/wp-content\/uploads\/2012\/09\/dinostorm_08-130x80.jpg\" class=\"attachment-gallery_thumbnail size-gallery_thumbnail colorbox-1383 \" alt=\"Dino Storm - Dinoville\" aria-describedby=\"gallery-1-15049\" \/><\/a>\n\t\t\t<\/dt>\n\t\t\t\t<dd class='wp-caption-text gallery-caption' id='gallery-1-15049'>\n\t\t\t\tBeautiful panorama of the western town Dinoville.\n\t\t\t\t<\/dd><\/dl><dl class='gallery-item'>\n\t\t\t<dt class='gallery-icon landscape'>\n\t\t\t\t<a href='https:\/\/dinostorm.com\/wp-content\/uploads\/2012\/09\/dinostorm_09.jpg'><img loading=\"lazy\" decoding=\"async\" width=\"130\" height=\"80\" src=\"https:\/\/dinostorm.com\/wp-content\/uploads\/2012\/09\/dinostorm_09-130x80.jpg\" class=\"attachment-gallery_thumbnail size-gallery_thumbnail colorbox-1383 \" alt=\"Dino Storm - River of Dinoville\" aria-describedby=\"gallery-1-15050\" \/><\/a>\n\t\t\t<\/dt>\n\t\t\t\t<dd class='wp-caption-text gallery-caption' id='gallery-1-15050'>\n\t\t\t\tWhat a view &#8211;  The  major river running through Dinoville.\n\t\t\t\t<\/dd><\/dl><br style=\"clear: both\" \/><dl class='gallery-item'>\n\t\t\t<dt class='gallery-icon landscape'>\n\t\t\t\t<a href='https:\/\/dinostorm.com\/wp-content\/uploads\/2012\/09\/dinostorm_11.jpg'><img loading=\"lazy\" decoding=\"async\" width=\"130\" height=\"80\" src=\"https:\/\/dinostorm.com\/wp-content\/uploads\/2012\/09\/dinostorm_11-130x80.jpg\" class=\"attachment-gallery_thumbnail size-gallery_thumbnail colorbox-1383 \" alt=\"Dino Storm - Dinosaurs in Dinoville\" aria-describedby=\"gallery-1-15051\" \/><\/a>\n\t\t\t<\/dt>\n\t\t\t\t<dd class='wp-caption-text gallery-caption' id='gallery-1-15051'>\n\t\t\t\tBack from your goldmine the saloon in Dinoville is the right place to be.\n\t\t\t\t<\/dd><\/dl><dl class='gallery-item'>\n\t\t\t<dt class='gallery-icon landscape'>\n\t\t\t\t<a href='https:\/\/dinostorm.com\/wp-content\/uploads\/2012\/09\/ds_jungle_01.jpg'><img loading=\"lazy\" decoding=\"async\" width=\"130\" height=\"80\" src=\"https:\/\/dinostorm.com\/wp-content\/uploads\/2012\/09\/ds_jungle_01-130x80.jpg\" class=\"attachment-gallery_thumbnail size-gallery_thumbnail colorbox-1383 \" alt=\"Dino Storm - Bandit in Mokon Woods\" aria-describedby=\"gallery-1-15052\" \/><\/a>\n\t\t\t<\/dt>\n\t\t\t\t<dd class='wp-caption-text gallery-caption' id='gallery-1-15052'>\n\t\t\t\tBeware of dangerous bandits in Mokon Woods are everywhere.\n\t\t\t\t<\/dd><\/dl><br style=\"clear: both\" \/><dl class='gallery-item'>\n\t\t\t<dt class='gallery-icon landscape'>\n\t\t\t\t<a href='https:\/\/dinostorm.com\/wp-content\/uploads\/2012\/09\/dinostorm_mokonwoods_01.jpg'><img loading=\"lazy\" decoding=\"async\" width=\"130\" height=\"80\" src=\"https:\/\/dinostorm.com\/wp-content\/uploads\/2012\/09\/dinostorm_mokonwoods_01-130x80.jpg\" class=\"attachment-gallery_thumbnail size-gallery_thumbnail colorbox-1383 \" alt=\"Dino Storm - Trouble in Mokon Woods\" aria-describedby=\"gallery-1-15053\" \/><\/a>\n\t\t\t<\/dt>\n\t\t\t\t<dd class='wp-caption-text gallery-caption' id='gallery-1-15053'>\n\t\t\t\tBrave Cowboys of Dinoville don\u00b4t run away &#8211; tey fight till the end.\n\t\t\t\t<\/dd><\/dl><dl class='gallery-item'>\n\t\t\t<dt class='gallery-icon landscape'>\n\t\t\t\t<a href='https:\/\/dinostorm.com\/wp-content\/uploads\/2012\/09\/dinostorm_mokonwoods_02.jpg'><img loading=\"lazy\" decoding=\"async\" width=\"130\" height=\"80\" src=\"https:\/\/dinostorm.com\/wp-content\/uploads\/2012\/09\/dinostorm_mokonwoods_02-130x80.jpg\" class=\"attachment-gallery_thumbnail size-gallery_thumbnail colorbox-1383 \" alt=\"Dino Storm - Beware dangerous creatures\" aria-describedby=\"gallery-1-15054\" \/><\/a>\n\t\t\t<\/dt>\n\t\t\t\t<dd class='wp-caption-text gallery-caption' id='gallery-1-15054'>\n\t\t\t\tBeware of dangerous creatures in Dino Storm.\n\t\t\t\t<\/dd><\/dl><br style=\"clear: both\" \/>\n\t\t<\/div>\n\n<\/div>\n<div class=\"two_thirds\">\n<p class=\"headline-home2 headline-home2-pos\">STORY<\/p>\n<h2 class=\"Texth2\">Dino Storm &#8211; Das Dinosaurier Spiel f\u00fcr Cowboys<\/h2>\n<p>Erlebe im Dinosaurier Spiel Dino Storm die abgefahrenste Dinosaurier-Action in der Geschichte. Dino Storm \u2013 unser brandneues Online Spiel mit Dinosauriern, Cowboys und Laser Guns. Steige in Dino Storm zum Sheriff von Dino Ville auf!<\/p>\n<h2 class=\"Texth2\">Dino Storm: Werde zum ruhmreichsten Sheriff von Dino Ville<\/h2>\n<p>Goldgr\u00e4berstimmung in Dino Storm! Jeder m\u00f6chte in diesem actionreichen Dinosaurier Spiel um Einfluss und Ansehen der m\u00e4chtigste Cowboy der Stadt werden und in unserem kostenlosen Dinosaurier Spiel zum ruhmreichen Sheriff aufsteigen. Auf deinem Dinosaurier reitend und mit einer Laser Gun bewaffnet musst du dich in epischen K\u00e4mpfen gegen Horden von Dinosauriern und Outlaws beweisen. Stecke im Dinosaurier Spiel Dino Storm deinen Claim ab und verb\u00fcnde dich mit m\u00e4chtigen Clans. Beute riesige Goldvorkommen aus und erlange Ruhm und Ehre in unserem kostenlosen Dinosaurier Spiel. Level dir in Dino Storm, dem Dinosaurier Spiele MMO, deinen eigenen gewaltigen Dinosaurier und werte deine Laserwaffe technisch auf.<\/p>\n<p>Verdiene dir Ehre und Respekt und werde zum Sheriff im Browserspiel Dino Storm. Dino Storm ist ein fantastisches 3D Mehrspieler Dinosaurier Game (MMO) f\u00fcr deinen Browser. Spiele es jetzt kostenlos.<\/p>\n<div style=\"left: 5px; relative; top: 15px; height: 75px;\"><a id=\"playnow\" class=\"colorbox-link cboxElement\" href=\"https:\/\/api.dinostorm.com\/account.php\/start\/dinostorm?lang=de&amp;affiliateId=0&amp;campaignId=0&amp;referrer=\"><img class=\"colorbox-1383\"  decoding=\"async\" src=\"\/wp-content\/themes\/arras\/images\/dinostorm\/playnow\/de\/cta_playnow.gif\" alt=\"\"><\/a><\/div>\n<\/div>\n<div class=\"full\"><img decoding=\"async\" class=\"hr-home2 colorbox-1383\" src=\"\/wp-content\/themes\/arras\/images\/dinostorm\/seperator_small.png\" alt=\"separator dino storm\"><\/div>\n<div class=\"full\">\n<p class=\"headline-home2 headline-home2-ab headline-home2-ab2\">Latest News<\/p>\n<div class=\"home-newshr\">&nbsp;<\/div>\n<div class=\"news-home\"><a class=\"news-button\" href=\"\/de\/neuigkeiten\"><span style=\"font-size:16px\">News Archive<\/span><\/a><\/div>\n<\/div>\n<div class=\"full\"><img decoding=\"async\" class=\"hr-home colorbox-1383\" src=\"\/wp-content\/themes\/arras\/images\/dinostorm\/seperator_small.png\" alt=\"separator dino storm\"><\/div>\n<div class=\"one_fifth\">\n<h3 class=\"news home-buttons\"><a class=\"home-block\" href=\"\/de\/online-3d-spiel\">EINF\u00dcHRUNG<\/a><\/h3>\n<div class=\"FooterTextNews\">Dino Storm ist ein kostenloses Multiplayer Spiel mit Dinos, Cowboys und Laser Guns.<\/div>\n<\/div>\n<div class=\"one_fifth\">\n<h3 class=\"dinos home-buttons\"><a class=\"home-block\" href=\"http:\/\/dinostorm.com\/de\/online-3d-spiel\/dinosaurier-lexikon\/\">DINOS<\/a><\/h3>\n<div class=\"FooterText\">Welche Dinos in Dino Storm auftauchen, erf\u00e4hrst du in unserem Dinosaurierlexikon.<\/div>\n<\/div>\n<div class=\"one_fifth\">\n<h3 class=\"weapons home-buttons\"><a class=\"home-block\" href=\"http:\/\/dinostorm.com\/de\/online-3d-spiel\/waffen-lexikon\/\">WAFFEN<\/a><\/h3>\n<div class=\"FooterText\">Du m\u00f6chtest mehr \u00fcber unser Laser Guns erfahren? Dann ab zum Waffenlexikon.<\/div>\n<\/div>\n<div class=\"one_fifth\">\n<h3 class=\"java home-buttons\"><a class=\"home-block\" href=\"http:\/\/forum.dinostorm.com\/viewforum.php?f=103\" target=\"_blank\" rel=\"noopener noreferrer\">JAVA<\/a><\/h3>\n<div class=\"FooterText\">Wie du auf deinem Browser Java installieren kannst, erf\u00e4hrst du auf unser <a href=\"http:\/\/forum.dinostorm.com\/viewforum.php?f=103\" target=\"_blank\" rel=\"noopener noreferrer\">Hilfeseite<\/a>.<\/div>\n<\/div>\n<div class=\"one_fifth\">\n<h3 class=\"games home-buttons\"><a class=\"home-block\" href=\"http:\/\/splitscreen-games.com\/de\/games\" target=\"_blank\" rel=\"noopener noreferrer\">MORE GAMES<\/a><\/h3>\n<div class=\"FooterText\">Neben Dino Storm haben wir weitere tolle 3D Multiplayer Online-Spiele im Programm.<\/div>\n<\/div>\n<div class=\"full\"><img decoding=\"async\" class=\"hr2_2 colorbox-1383\" src=\"\/wp-content\/themes\/arras\/images\/dinostorm\/seperator_big.png\" alt=\"separator dino storm\"><\/div>\n","protected":false},"excerpt":{"rendered":"<p>&nbsp; DINO STORM \u2014 DAS KOSTENLOSE 3D ONLINE GAME MIT COWBOYS. DINOS. UND LASER GUNS. FEATURES Dino Storm &#8211; Das erste MMO mit Cowboys, Dinos und Laser Guns 3D-Grafik direkt im Browser Hunderte Quests Level [&hellip;]<\/p>\n","protected":false},"author":26,"featured_media":15052,"parent":0,"menu_order":0,"comment_status":"closed","ping_status":"closed","template":"pagetpl-onecolumn-home-ds2.php","meta":{"footnotes":"","_links_to":"","_links_to_target":""},"class_list":["post-1383","page","type-page","status-publish","has-post-thumbnail","hentry"],"yoast_head":"<!-- This site is optimized with the Yoast SEO plugin v27.4 - https:\/\/yoast.com\/product\/yoast-seo-wordpress\/ -->\n<title>Dino Storm - Das Online Game mit Cowboys, Dinos &amp; Laser Guns<\/title>\n<meta name=\"description\" content=\"Dino Storm, das kostenlose 3D Multiplayer Online Game. Sattel deinen Dinosaurier, lade deine Laser Gun, werde zum Sheriff von Dinoville. Jetzt mitspielen!\" \/>\n<meta name=\"robots\" content=\"index, follow, max-snippet:-1, max-image-preview:large, max-video-preview:-1\" \/>\n<link rel=\"canonical\" href=\"https:\/\/dinostorm.com\/de\/\" \/>\n<meta property=\"og:locale\" content=\"de_DE\" \/>\n<meta property=\"og:type\" content=\"article\" \/>\n<meta property=\"og:title\" content=\"Dino Storm - Das Online Game mit Cowboys, Dinos &amp; Laser Guns\" \/>\n<meta property=\"og:description\" content=\"Dino Storm, das kostenlose 3D Multiplayer Online Game. Sattel deinen Dinosaurier, lade deine Laser Gun, werde zum Sheriff von Dinoville. Jetzt mitspielen!\" \/>\n<meta property=\"og:url\" content=\"https:\/\/dinostorm.com\/de\/\" \/>\n<meta property=\"og:site_name\" content=\"DinoStorm\" \/>\n<meta property=\"article:modified_time\" content=\"2022-11-24T15:18:43+00:00\" \/>\n<meta property=\"og:image\" content=\"https:\/\/dinostorm.com\/wp-content\/uploads\/2012\/09\/dinostorm_08-130x80.jpg\" \/>\n<meta name=\"twitter:label1\" content=\"Gesch\u00e4tzte Lesezeit\" \/>\n\t<meta name=\"twitter:data1\" content=\"3 minutes\" \/>\n<script type=\"application\/ld+json\" class=\"yoast-schema-graph\">{\"@context\":\"https:\\\/\\\/schema.org\",\"@graph\":[{\"@type\":\"WebPage\",\"@id\":\"https:\\\/\\\/dinostorm.com\\\/de\\\/\",\"url\":\"https:\\\/\\\/dinostorm.com\\\/de\\\/\",\"name\":\"Dino Storm - Das Online Game mit Cowboys, Dinos & Laser Guns\",\"isPartOf\":{\"@id\":\"https:\\\/\\\/dinostorm.com\\\/de\\\/#website\"},\"primaryImageOfPage\":{\"@id\":\"https:\\\/\\\/dinostorm.com\\\/de\\\/#primaryimage\"},\"image\":{\"@id\":\"https:\\\/\\\/dinostorm.com\\\/de\\\/#primaryimage\"},\"thumbnailUrl\":\"https:\\\/\\\/dinostorm.com\\\/wp-content\\\/uploads\\\/2012\\\/09\\\/ds_jungle_01.jpg\",\"datePublished\":\"2012-09-05T12:50:11+00:00\",\"dateModified\":\"2022-11-24T15:18:43+00:00\",\"description\":\"Dino Storm, das kostenlose 3D Multiplayer Online Game. Sattel deinen Dinosaurier, lade deine Laser Gun, werde zum Sheriff von Dinoville. Jetzt mitspielen!\",\"breadcrumb\":{\"@id\":\"https:\\\/\\\/dinostorm.com\\\/de\\\/#breadcrumb\"},\"inLanguage\":\"de-DE\",\"potentialAction\":[{\"@type\":\"ReadAction\",\"target\":[\"https:\\\/\\\/dinostorm.com\\\/de\\\/\"]}]},{\"@type\":\"ImageObject\",\"inLanguage\":\"de-DE\",\"@id\":\"https:\\\/\\\/dinostorm.com\\\/de\\\/#primaryimage\",\"url\":\"https:\\\/\\\/dinostorm.com\\\/wp-content\\\/uploads\\\/2012\\\/09\\\/ds_jungle_01.jpg\",\"contentUrl\":\"https:\\\/\\\/dinostorm.com\\\/wp-content\\\/uploads\\\/2012\\\/09\\\/ds_jungle_01.jpg\",\"width\":1280,\"height\":720,\"caption\":\"Beware of dangerous bandits in Mokon Woods are everywhere.\"},{\"@type\":\"BreadcrumbList\",\"@id\":\"https:\\\/\\\/dinostorm.com\\\/de\\\/#breadcrumb\",\"itemListElement\":[{\"@type\":\"ListItem\",\"position\":1,\"name\":\"Home\",\"item\":\"https:\\\/\\\/dinostorm.com\\\/de\\\/\"},{\"@type\":\"ListItem\",\"position\":2,\"name\":\"Home\"}]},{\"@type\":\"WebSite\",\"@id\":\"https:\\\/\\\/dinostorm.com\\\/de\\\/#website\",\"url\":\"https:\\\/\\\/dinostorm.com\\\/de\\\/\",\"name\":\"DinoStorm\",\"description\":\"\",\"potentialAction\":[{\"@type\":\"SearchAction\",\"target\":{\"@type\":\"EntryPoint\",\"urlTemplate\":\"https:\\\/\\\/dinostorm.com\\\/de\\\/?s={search_term_string}\"},\"query-input\":{\"@type\":\"PropertyValueSpecification\",\"valueRequired\":true,\"valueName\":\"search_term_string\"}}],\"inLanguage\":\"de-DE\"}]}<\/script>\n<!-- \/ Yoast SEO plugin. -->","yoast_head_json":{"title":"Dino Storm - Das Online Game mit Cowboys, Dinos & Laser Guns","description":"Dino Storm, das kostenlose 3D Multiplayer Online Game. Sattel deinen Dinosaurier, lade deine Laser Gun, werde zum Sheriff von Dinoville. Jetzt mitspielen!","robots":{"index":"index","follow":"follow","max-snippet":"max-snippet:-1","max-image-preview":"max-image-preview:large","max-video-preview":"max-video-preview:-1"},"canonical":"https:\/\/dinostorm.com\/de\/","og_locale":"de_DE","og_type":"article","og_title":"Dino Storm - Das Online Game mit Cowboys, Dinos & Laser Guns","og_description":"Dino Storm, das kostenlose 3D Multiplayer Online Game. Sattel deinen Dinosaurier, lade deine Laser Gun, werde zum Sheriff von Dinoville. Jetzt mitspielen!","og_url":"https:\/\/dinostorm.com\/de\/","og_site_name":"DinoStorm","article_modified_time":"2022-11-24T15:18:43+00:00","og_image":[{"url":"https:\/\/dinostorm.com\/wp-content\/uploads\/2012\/09\/dinostorm_08-130x80.jpg","type":"","width":"","height":""}],"twitter_misc":{"Gesch\u00e4tzte Lesezeit":"3 minutes"},"schema":{"@context":"https:\/\/schema.org","@graph":[{"@type":"WebPage","@id":"https:\/\/dinostorm.com\/de\/","url":"https:\/\/dinostorm.com\/de\/","name":"Dino Storm - Das Online Game mit Cowboys, Dinos & Laser Guns","isPartOf":{"@id":"https:\/\/dinostorm.com\/de\/#website"},"primaryImageOfPage":{"@id":"https:\/\/dinostorm.com\/de\/#primaryimage"},"image":{"@id":"https:\/\/dinostorm.com\/de\/#primaryimage"},"thumbnailUrl":"https:\/\/dinostorm.com\/wp-content\/uploads\/2012\/09\/ds_jungle_01.jpg","datePublished":"2012-09-05T12:50:11+00:00","dateModified":"2022-11-24T15:18:43+00:00","description":"Dino Storm, das kostenlose 3D Multiplayer Online Game. Sattel deinen Dinosaurier, lade deine Laser Gun, werde zum Sheriff von Dinoville. Jetzt mitspielen!","breadcrumb":{"@id":"https:\/\/dinostorm.com\/de\/#breadcrumb"},"inLanguage":"de-DE","potentialAction":[{"@type":"ReadAction","target":["https:\/\/dinostorm.com\/de\/"]}]},{"@type":"ImageObject","inLanguage":"de-DE","@id":"https:\/\/dinostorm.com\/de\/#primaryimage","url":"https:\/\/dinostorm.com\/wp-content\/uploads\/2012\/09\/ds_jungle_01.jpg","contentUrl":"https:\/\/dinostorm.com\/wp-content\/uploads\/2012\/09\/ds_jungle_01.jpg","width":1280,"height":720,"caption":"Beware of dangerous bandits in Mokon Woods are everywhere."},{"@type":"BreadcrumbList","@id":"https:\/\/dinostorm.com\/de\/#breadcrumb","itemListElement":[{"@type":"ListItem","position":1,"name":"Home","item":"https:\/\/dinostorm.com\/de\/"},{"@type":"ListItem","position":2,"name":"Home"}]},{"@type":"WebSite","@id":"https:\/\/dinostorm.com\/de\/#website","url":"https:\/\/dinostorm.com\/de\/","name":"DinoStorm","description":"","potentialAction":[{"@type":"SearchAction","target":{"@type":"EntryPoint","urlTemplate":"https:\/\/dinostorm.com\/de\/?s={search_term_string}"},"query-input":{"@type":"PropertyValueSpecification","valueRequired":true,"valueName":"search_term_string"}}],"inLanguage":"de-DE"}]}},"_links":{"self":[{"href":"https:\/\/dinostorm.com\/de\/wp-json\/wp\/v2\/pages\/1383","targetHints":{"allow":["GET"]}}],"collection":[{"href":"https:\/\/dinostorm.com\/de\/wp-json\/wp\/v2\/pages"}],"about":[{"href":"https:\/\/dinostorm.com\/de\/wp-json\/wp\/v2\/types\/page"}],"author":[{"embeddable":true,"href":"https:\/\/dinostorm.com\/de\/wp-json\/wp\/v2\/users\/26"}],"replies":[{"embeddable":true,"href":"https:\/\/dinostorm.com\/de\/wp-json\/wp\/v2\/comments?post=1383"}],"version-history":[{"count":4,"href":"https:\/\/dinostorm.com\/de\/wp-json\/wp\/v2\/pages\/1383\/revisions"}],"predecessor-version":[{"id":362181,"href":"https:\/\/dinostorm.com\/de\/wp-json\/wp\/v2\/pages\/1383\/revisions\/362181"}],"wp:featuredmedia":[{"embeddable":true,"href":"https:\/\/dinostorm.com\/de\/wp-json\/wp\/v2\/media\/15052"}],"wp:attachment":[{"href":"https:\/\/dinostorm.com\/de\/wp-json\/wp\/v2\/media?parent=1383"}],"curies":[{"name":"wp","href":"https:\/\/api.w.org\/{rel}","templated":true}]}}