{"id":1295,"date":"2011-02-15T23:52:31","date_gmt":"2011-02-15T21:52:31","guid":{"rendered":"http:\/\/dinostorm.com\/uber-dino-storm"},"modified":"2018-02-01T14:12:22","modified_gmt":"2018-02-01T12:12:22","slug":"spielefuehrer-dino-storm","status":"publish","type":"page","link":"https:\/\/dinostorm.com\/de\/online-3d-spiel\/spielefuehrer-dino-storm\/","title":{"rendered":"Spielef\u00fchrer"},"content":{"rendered":"<div class=\"teaser\"><\/div>\n<h1 class=\"headline_page width_500\"><span>Dino Storm Spielef\u00fchrer<\/span><\/h1>\n<p class=\"back-button back-pos500\"><a class=\"back-block\" href=\"http:\/\/dinostorm.com\/de\/online-3d-spiel\/\">Zur\u00fcck<\/a>>>a><\/p>\n<div class=\"one_half\">\n<h2>Dino Storm, das Online 3D Spiel<\/h2>\n<p>Im kostenlosen 3D-Multiplay<a href=\"http:\/\/dinostorm.com\/en\/\" alt=\"Online 3D Spiel Dino Storm\" title=\"Dinostorm\">Dino Storm<\/a>>>> warten Ruhm und Reichtum auf tapfere Abenteurer. Nur mit ein paar Dollar in der Tasche, ein bisschen Munition, einer geladenen Laserkanone und deinem kleinen Dinosaurier trittst du deine Reise nach Dinoville an. Stelle dich riesigen Dinosaurierherden und erbarmungslosen R\u00e4uberbanden und begib dich auf die spannende Suche nach wertvollen Gegenst\u00e4nden. Nimm Versorgungslager, Au\u00dfenposten und Goldminen in Betrieb, verteidige sie gegen andere Spieler und verdiene dir Ruhm und Anerkennung. Nur die Besten k\u00f6nnen es schaffen, bis zum Sheriff der Stadt aufzusteigen.<\/p>\n<p><img class=\"colorbox-1295\"  decoding=\"async\" src=\"\/wp-content\/themes\/arras\/images\/dinostorm\/Dino-Storm-Comic3.png\" alt=\"Das Online 3d Spiel Dino Storm\"><\/p>\n<\/div>\n<div class=\"one_half_last\">\n<h2>Willkommen im wilden Westen<\/h2>\n<p>In seinen fr\u00fchen Tagen war Dinoville eine gew\u00f6hnliche und beschauliche Kleinstadt im Wilden Westen. F\u00fcr eine Hand voll Dollar z\u00fcchteten flei\u00dfige Ranger Dinosaurier, entwickelten hochmoder<a href=\"\/de\/online-3d-spiel\/waffen-lexikon\" alt=\"Laser Guns in Dino Storm\" title=\"Laser gun lexicon\">Laser Guns<\/a>>>> und traten gemeinsam furchtlos den wilden Dinosaurier-Herden in der Pr\u00e4rie entgegen. Der Sheriff sorgte f\u00fcr Ordnung und hatte Recht und Gesetz auf seiner Seite.<\/p>\n<p>Doch dann stie\u00df man in Dinoville auf riesige Goldvorkommen. Gl\u00fcckliche Goldsucher protzten pl\u00f6tzlich mit ihrem Reichtum im Saloon, die Berichte \u00fcber ergiebige Goldadern im Norden der Stadt verbreiteten sich wie ein Lauffeuer im ganzen Land. So dauerte es nicht lange, bis Gl\u00fccksritter von \u00fcberall her in Richtung Dinoville aufbrachen, Claims errichteten, nach Gold sch\u00fcrften und mit dem richtigen Riecher zu unendlichem Reichtum kamen.<\/p>\n<p>Mit den ehrlichen Goldsuchern kamen auch r\u00e4uberische Banden nach Dinoville. Die Goldsucher verteidigten ihre wertvollen Goldminen und verdienten sich mit ihren Funden gro\u00dfen Respekt. Viele Neuank\u00f6mmlinge verdingten sich f\u00fcr eine Hand voll Dollar im Kampf gegen die r\u00e4uberischen Banden, aber nicht alle k\u00f6nnen der Verlockung des Goldes widerstehen.<\/p>\n<\/div>\n<div class=\"full\">\n<img decoding=\"async\" class=\"hr3 colorbox-1295\" src=\"\/wp-content\/themes\/arras\/images\/dinostorm\/Dino-Storm-Header-1.png\" alt=\"kostenlose 3d Spiel Dino Storm\">\n<\/div>\n<div class=\"one_half\">\n<h2>Dino Storm Features<\/h2>\n<h3>Erkunde die Spielwelt<\/h3>\n<p>Rund um Dinoville wartet eine abwechslungsreiche Spielwelt auf die tapferen Abenteure<a href=\"\/de\/online-3d-spiel\/dinosaurier-lexikon\" alt=\"Dino Storm dinosaur lexicon\" title=\"Dinosaurier Lexikon\">Dinosaurierherden <\/a>>>> streifen durch die Canyons, R\u00e4uberbanden tauchen auf, die Umgebung kann auf wertvolle Gegenst\u00e4nde untersucht werden. Die online 3D Spielwelt ist niemals identisch, \u00fcberall lauert Gefahr: jede Expedition muss sorgsam vorbereitet werden.<\/p>\n<h3>Verkaufe deine Beute Cowboy<\/h3>\n<p>In der online 3D Spielwelt k\u00f6nnen unz\u00e4hlige Gegenst\u00e4nde gesammelt werden. Bringt ihr eure Beute erfolgreich zur\u00fcck in die Stadt, k\u00f6nnt ihr sie dort auf dem Markt gegen harte Dollar verkaufen. F\u00fcr t\u00e4gliche Aufgaben werdet ihr sogar mit wertvollen Goldm\u00fcnzen belohnt.<\/p>\n<h3>Erlebe offene Abenteuer<\/h3>\n<p>Als Ranger in Dinoville habt ihr alle H\u00e4nde voll zu tun. Egal ob fiese R\u00e4uberbanden der Stadt das Leben schwer machen, Fossilien gesucht, Nahrung gesammelt oder einfach nur eine wilde Herde Dinosaurier vertrieben werden muss: immer k\u00f6nnen sich alle Spieler gemeinsam an das L\u00f6sen der Aufgaben machen. F\u00fcr euren Anteil streicht ihr Dollar und Anerkennung als Belohnung ein.<\/p>\n<h3>Kontrolliere umk\u00e4mpfte Geb\u00e4ude<\/h3>\n<p>Geb\u00e4ude wie Versorgungscamps, Au\u00dfenposten oder Goldminen finden sich \u00fcberall rund um Dinoville. Diese Geb\u00e4ude k\u00f6nnt ihr unter eure Kontrolle bringen. Wichtige Geb\u00e4ude erm\u00f6glichen es euch, enormen Ruhm und Reichtum anzuh\u00e4ufen. Aber Vorsicht: eure Geb\u00e4ude m\u00fcssen regelm\u00e4\u00dfig versorgt und gegen andere Spieler verteidigt werden, die versuchen, sie euch abzunehmen. Wer wichtige Goldminen halten will, sollte also genug Munition mitbringen.<\/p>\n<\/div>\n<div class=\"one_half_last\">\n<\/br><\/br><\/br><\/p>\n<h3>Gr\u00fcnde deine eigene Bande<\/h3>\n<p>Nur gemeinsam seid ihr stark! Schlie\u00dfe dich mit deinen Freunden zusammen und gr\u00fcnde deine eigene Bande. Im Team k\u00f6nnt ihr noch tiefer in die Welt von Dino Storm vordringen und euch bei der Absicherung eurer Geb\u00e4ude unterst\u00fctzen.<\/p>\n<h3>Erwerbe \u00c4mter und werde Sheriff der Stadt<\/h3>\n<p>Durch das Meistern von Abenteuern und erfolgreich betriebene Geb\u00e4ude h\u00e4uft ihr immer mehr Anerkennung an. Diese Anerkennung hilft euch, wenn ihr euch f\u00fcr \u00c4mter der Stadt bewerbt. Hier m\u00fcsst ihr euch gegen andere Spieler durchsetzen und nur die Besten schaffen es auf der Karriereleiter nach ganz oben.<\/p>\n<p>\u00c4mter bieten euch besondere Privilegien, wie den Zugriff auf seltene Dinosaurier und m\u00e4chti<a href=\"\/de\/online-3d-spiel\/dinosaurierimplantate\" alt=\"Dino Storm dinosaur implants\" title=\"Dinosaurier implantate\">Dinosaurier Implantate<\/a>>>> u<a href=\"\/de\/online-3d-spiel\/waffenkits\" alt=\"Dino Storm Laser Gun Kits\" title=\"Waffenkits\">Waffenkits<\/a>>>>.<br \/>\n<\/br><\/br><br \/>\n<center><img class=\"colorbox-1295\"  decoding=\"async\" src=\"\/wp-content\/themes\/arras\/images\/dinostorm\/Dino-Storm-Comic-2.png\" alt=\"3d online Spiele wie Dino Storm\"><\/center><\/p>\n<\/div>\n<div class=\"full\">\n<img decoding=\"async\" class=\"hr3 colorbox-1295\" src=\"\/wp-content\/themes\/arras\/images\/dinostorm\/Dino-Storm-Header-2.png\" alt=\"Dino Storm, das 3D online Spiel\"><br \/>\n<img decoding=\"async\" class=\"hr3 colorbox-1295\" src=\"\/wp-content\/themes\/arras\/images\/dinostorm\/seperator_big.png\" alt=\"separator dino storm\" \/>\n<\/div>\n<\/div>\n","protected":false},"excerpt":{"rendered":"<p>Dino Storm Spielef\u00fchrer Zur\u00fcck>>a> Dino Storm, das Online 3D Spiel Im kostenlosen 3D-MultiplayDino Storm>>> warten Ruhm und Reichtum auf tapfere Abenteurer. Nur mit ein paar Dollar in der Tasche, ein bisschen Munition, einer geladenen Laserkanone [&hellip;]<\/p>\n","protected":false},"author":26,"featured_media":-1,"parent":2213,"menu_order":0,"comment_status":"closed","ping_status":"closed","template":"pagetpl-onecolumn.php","meta":{"footnotes":"","_links_to":"","_links_to_target":""},"class_list":["post-1295","page","type-page","status-publish","has-post-thumbnail","hentry"],"yoast_head":"<!-- This site is optimized with the Yoast SEO plugin v27.4 - https:\/\/yoast.com\/product\/yoast-seo-wordpress\/ -->\n<title>Dino Storm - Spielef\u00fchrer<\/title>\n<meta name=\"description\" content=\"Dino Storm ist ein kostenloses online 3D Spiel mit Cowboys, Dinosauriern und Laserwaffen. Erfahre mehr in unserem Spielef\u00fchrer.\" \/>\n<meta name=\"robots\" content=\"index, follow, max-snippet:-1, max-image-preview:large, max-video-preview:-1\" \/>\n<link rel=\"canonical\" href=\"https:\/\/dinostorm.com\/de\/online-3d-spiel\/spielefuehrer-dino-storm\/\" \/>\n<meta property=\"og:locale\" content=\"de_DE\" \/>\n<meta property=\"og:type\" content=\"article\" \/>\n<meta property=\"og:title\" content=\"Dino Storm - Spielef\u00fchrer\" \/>\n<meta property=\"og:description\" content=\"Dino Storm ist ein kostenloses online 3D Spiel mit Cowboys, Dinosauriern und Laserwaffen. Erfahre mehr in unserem Spielef\u00fchrer.\" \/>\n<meta property=\"og:url\" content=\"https:\/\/dinostorm.com\/de\/online-3d-spiel\/spielefuehrer-dino-storm\/\" \/>\n<meta property=\"og:site_name\" content=\"DinoStorm\" \/>\n<meta property=\"article:modified_time\" content=\"2018-02-01T12:12:22+00:00\" \/>\n<meta name=\"twitter:label1\" content=\"Gesch\u00e4tzte Lesezeit\" \/>\n\t<meta name=\"twitter:data1\" content=\"3 minutes\" \/>\n<script type=\"application\/ld+json\" class=\"yoast-schema-graph\">{\"@context\":\"https:\\\/\\\/schema.org\",\"@graph\":[{\"@type\":\"WebPage\",\"@id\":\"https:\\\/\\\/dinostorm.com\\\/de\\\/online-3d-spiel\\\/spielefuehrer-dino-storm\\\/\",\"url\":\"https:\\\/\\\/dinostorm.com\\\/de\\\/online-3d-spiel\\\/spielefuehrer-dino-storm\\\/\",\"name\":\"Dino Storm - Spielef\u00fchrer\",\"isPartOf\":{\"@id\":\"https:\\\/\\\/dinostorm.com\\\/de\\\/#website\"},\"datePublished\":\"2011-02-15T21:52:31+00:00\",\"dateModified\":\"2018-02-01T12:12:22+00:00\",\"description\":\"Dino Storm ist ein kostenloses online 3D Spiel mit Cowboys, Dinosauriern und Laserwaffen. Erfahre mehr in unserem Spielef\u00fchrer.\",\"breadcrumb\":{\"@id\":\"https:\\\/\\\/dinostorm.com\\\/de\\\/online-3d-spiel\\\/spielefuehrer-dino-storm\\\/#breadcrumb\"},\"inLanguage\":\"de-DE\",\"potentialAction\":[{\"@type\":\"ReadAction\",\"target\":[\"https:\\\/\\\/dinostorm.com\\\/de\\\/online-3d-spiel\\\/spielefuehrer-dino-storm\\\/\"]}]},{\"@type\":\"BreadcrumbList\",\"@id\":\"https:\\\/\\\/dinostorm.com\\\/de\\\/online-3d-spiel\\\/spielefuehrer-dino-storm\\\/#breadcrumb\",\"itemListElement\":[{\"@type\":\"ListItem\",\"position\":1,\"name\":\"Home\",\"item\":\"https:\\\/\\\/dinostorm.com\\\/de\\\/\"},{\"@type\":\"ListItem\",\"position\":2,\"name\":\"Spiel\",\"item\":\"https:\\\/\\\/dinostorm.com\\\/de\\\/online-3d-spiel\\\/\"},{\"@type\":\"ListItem\",\"position\":3,\"name\":\"Spielef\u00fchrer\"}]},{\"@type\":\"WebSite\",\"@id\":\"https:\\\/\\\/dinostorm.com\\\/de\\\/#website\",\"url\":\"https:\\\/\\\/dinostorm.com\\\/de\\\/\",\"name\":\"DinoStorm\",\"description\":\"\",\"potentialAction\":[{\"@type\":\"SearchAction\",\"target\":{\"@type\":\"EntryPoint\",\"urlTemplate\":\"https:\\\/\\\/dinostorm.com\\\/de\\\/?s={search_term_string}\"},\"query-input\":{\"@type\":\"PropertyValueSpecification\",\"valueRequired\":true,\"valueName\":\"search_term_string\"}}],\"inLanguage\":\"de-DE\"}]}<\/script>\n<!-- \/ Yoast SEO plugin. -->","yoast_head_json":{"title":"Dino Storm - Spielef\u00fchrer","description":"Dino Storm ist ein kostenloses online 3D Spiel mit Cowboys, Dinosauriern und Laserwaffen. Erfahre mehr in unserem Spielef\u00fchrer.","robots":{"index":"index","follow":"follow","max-snippet":"max-snippet:-1","max-image-preview":"max-image-preview:large","max-video-preview":"max-video-preview:-1"},"canonical":"https:\/\/dinostorm.com\/de\/online-3d-spiel\/spielefuehrer-dino-storm\/","og_locale":"de_DE","og_type":"article","og_title":"Dino Storm - Spielef\u00fchrer","og_description":"Dino Storm ist ein kostenloses online 3D Spiel mit Cowboys, Dinosauriern und Laserwaffen. Erfahre mehr in unserem Spielef\u00fchrer.","og_url":"https:\/\/dinostorm.com\/de\/online-3d-spiel\/spielefuehrer-dino-storm\/","og_site_name":"DinoStorm","article_modified_time":"2018-02-01T12:12:22+00:00","twitter_misc":{"Gesch\u00e4tzte Lesezeit":"3 minutes"},"schema":{"@context":"https:\/\/schema.org","@graph":[{"@type":"WebPage","@id":"https:\/\/dinostorm.com\/de\/online-3d-spiel\/spielefuehrer-dino-storm\/","url":"https:\/\/dinostorm.com\/de\/online-3d-spiel\/spielefuehrer-dino-storm\/","name":"Dino Storm - Spielef\u00fchrer","isPartOf":{"@id":"https:\/\/dinostorm.com\/de\/#website"},"datePublished":"2011-02-15T21:52:31+00:00","dateModified":"2018-02-01T12:12:22+00:00","description":"Dino Storm ist ein kostenloses online 3D Spiel mit Cowboys, Dinosauriern und Laserwaffen. Erfahre mehr in unserem Spielef\u00fchrer.","breadcrumb":{"@id":"https:\/\/dinostorm.com\/de\/online-3d-spiel\/spielefuehrer-dino-storm\/#breadcrumb"},"inLanguage":"de-DE","potentialAction":[{"@type":"ReadAction","target":["https:\/\/dinostorm.com\/de\/online-3d-spiel\/spielefuehrer-dino-storm\/"]}]},{"@type":"BreadcrumbList","@id":"https:\/\/dinostorm.com\/de\/online-3d-spiel\/spielefuehrer-dino-storm\/#breadcrumb","itemListElement":[{"@type":"ListItem","position":1,"name":"Home","item":"https:\/\/dinostorm.com\/de\/"},{"@type":"ListItem","position":2,"name":"Spiel","item":"https:\/\/dinostorm.com\/de\/online-3d-spiel\/"},{"@type":"ListItem","position":3,"name":"Spielef\u00fchrer"}]},{"@type":"WebSite","@id":"https:\/\/dinostorm.com\/de\/#website","url":"https:\/\/dinostorm.com\/de\/","name":"DinoStorm","description":"","potentialAction":[{"@type":"SearchAction","target":{"@type":"EntryPoint","urlTemplate":"https:\/\/dinostorm.com\/de\/?s={search_term_string}"},"query-input":{"@type":"PropertyValueSpecification","valueRequired":true,"valueName":"search_term_string"}}],"inLanguage":"de-DE"}]}},"_links":{"self":[{"href":"https:\/\/dinostorm.com\/de\/wp-json\/wp\/v2\/pages\/1295","targetHints":{"allow":["GET"]}}],"collection":[{"href":"https:\/\/dinostorm.com\/de\/wp-json\/wp\/v2\/pages"}],"about":[{"href":"https:\/\/dinostorm.com\/de\/wp-json\/wp\/v2\/types\/page"}],"author":[{"embeddable":true,"href":"https:\/\/dinostorm.com\/de\/wp-json\/wp\/v2\/users\/26"}],"replies":[{"embeddable":true,"href":"https:\/\/dinostorm.com\/de\/wp-json\/wp\/v2\/comments?post=1295"}],"version-history":[{"count":0,"href":"https:\/\/dinostorm.com\/de\/wp-json\/wp\/v2\/pages\/1295\/revisions"}],"up":[{"embeddable":true,"href":"https:\/\/dinostorm.com\/de\/wp-json\/wp\/v2\/pages\/2213"}],"wp:featuredmedia":[{"embeddable":true,"href":"https:\/\/dinostorm.com\/de\/wp-json\/"}],"wp:attachment":[{"href":"https:\/\/dinostorm.com\/de\/wp-json\/wp\/v2\/media?parent=1295"}],"curies":[{"name":"wp","href":"https:\/\/api.w.org\/{rel}","templated":true}]}}