{"id":1283,"date":"2011-01-12T22:09:13","date_gmt":"2011-01-12T20:09:13","guid":{"rendered":"http:\/\/dinostorm.com\/faq-2"},"modified":"2019-03-07T15:31:40","modified_gmt":"2019-03-07T13:31:40","slug":"faq-dino-storm","status":"publish","type":"page","link":"https:\/\/dinostorm.com\/de\/online-3d-spiel\/faq-dino-storm\/","title":{"rendered":"FAQ"},"content":{"rendered":"<div class=\"teaser\"><\/div>\n<h1 class=\"headline_page width_350\"><span>Dino Storm Faq<\/span><\/h1>\n<p class=\"back-button back-pos350\"><a class=\"back-block\" href=\"http:\/\/dinostorm.com\/de\/online-3d-spiel\/\">Zur\u00fcck<\/a>>>a><\/p>\n<div class=\"one_half\">\n<h2>Generelle Fragen zum Onlinespiel Dino Storm<\/h2>\n<h3>Was ist Dino Storm?<\/h3>\n<p>Dino Storm ist ein kostenloses Online-Multiplayer-Spiel mit aufw\u00e4ndiger 3D Grafik. Ihr schl\u00fcpft in die Rolle eines Rangers, der nach vielversprechenden Goldfunden im einst ruhigen Westernst\u00e4dtchen Dinoville sein Gl\u00fcck sucht. Eine ausf\u00fchrliche Zusammenfassung zu Dino Storm findest du in unser<a title=\"Dino Storm Spielef\u00fchrer\" href=\"\/de\/online-3d-spiel\/spielefuehrer-dino-storm\">Spielef\u00fchrer<\/a>\/a>\/a>\/a>.<\/p>\n<h3>Was kostet Dino Storm?<\/h3>\n<p>Dino Storm kann komplett kostenlos gespielt werden. Die Registrierung geht schnell, ist v\u00f6llig unverbindlich und innerhalb von Sekunden seit ihr dann im Spiel. Wir verlangen keine pers\u00f6nlichen Daten von euch. Ihr sollt euch schlie\u00dflich voll aufs Spiel konzentrieren.<\/p>\n<h3>Was bekomme ich kostenlos?<\/h3>\n<p>Alles. Das komplette Spiel inklusive aller Aktualisierungen, neuen Features und (in dem unwahrscheinlichen Fall, wir machen mal einen Fehler) auch Bugfixes. Vollkommen automatisch und kostenlos. Alle Elemente im Spiel sind v\u00f6llig kostenlos erspielbar. Nat\u00fcrlich m\u00f6chte unser Team sich abends auch mal ein Bier leisten. Deshalb bieten wir euch die M\u00f6glichkeit, als Premium-User euer Konto schnell und komfortabel gegen eine kleine Geb\u00fchr aufzuladen und euch so ein sattes Polster anzulegen, um in der gef\u00e4hrlichen Welt von Dino Storm keine b\u00f6sen \u00dcberraschungen zu erleben.<\/p>\n<h3>Wie begann das Projekt &#8220;Dino Storm&#8221;?<\/h3>\n<p>Dino Storm ist nicht unbedingt ein Standard-Projekt f\u00fcr Spiele-Unternehmen, richtig. Alles begann mit einem Bild aus einer Cartoon-Serie, dass unsere Desktop-Hintergr\u00fcnde schm\u00fcckte, in der Mens<a href=\"\/de\/online-3d-spiel\/dinosaurier-lexikon\">Dinosauriern<\/a>\/a>\/a>\/a> reiteten und sich mit Kanonen bek\u00e4mpften. Wir liebten es. Dann beschlossen wir, einige Tage und N\u00e4chte mit viel Pizza und Cola Zero dieses Bild in ein Spiel zu verwandeln. Ein Prototyp entstand und wir waren begeistert. Nach ein paar Tagen Schlaf beschlossen wir, aus der Idee ein Projekt zu machen. Ein Team wurde zusammengestellt und die Arbeit an einem vollwertigen MMO begann.<\/p>\n<h3>Dinoville? Ist das irgendwie ein schlechter Scherz?<\/h3>\n<p>Ja.<\/p>\n<\/div>\n<div class=\"one_half_last\">\n<h2>Generelle Fragen zu den Spielen von Splitscreen Games<\/h2>\n<h3>Wie viele Gigabytes muss ich herunterladen, um Dino Storm zu spielen?<\/h3>\n<p>Wir wissen was du meinst. Ein Spiel stundenlang herunterzuladen und zu installieren ist nicht unbedingt unsere Definition von Unter<a title=\"Dino Storm\" href=\"http:\/\/dinostorm.com\/en\/\">Dino Storm<\/a>\/a>\/a>\/a> ist nur ein paar Megabytes gro\u00df. Zum Starten werden rund 10 Megabytes ben\u00f6tigt. Im Hintergrund werden dann weitere Daten nachgeladen. Das Spiel aktualisiert sich bei Bedarf v\u00f6llig automatisch und nur wenn es n\u00f6tig ist.<\/p>\n<h3>Welche Betriebssysteme unterst\u00fctzt ihr?<\/h3>\n<p>Dinosaurier sind anspruchsvolle Tiere und derzeit nur auf Windows PC zufrieden.<\/p>\n<p>&nbsp;<\/p>\n<p><img class=\"colorbox-1283\"  decoding=\"async\" alt=\"Dino Storm\" src=\"\/wp-content\/themes\/arras\/images\/dinostorm\/Dino-Storm-Comic-4.png\" style=\"display:none\"\/><\/p>\n<\/div>\n<div class=\"full\"><img decoding=\"async\" class=\"hr3 colorbox-1283\" alt=\"Spiele jetzt das kostenlose Onlinespiel\" src=\"\/wp-content\/themes\/arras\/images\/dinostorm\/Dino-Storm-Header-2.png\" \/><br \/>\n<img decoding=\"async\" class=\"hr3 colorbox-1283\" alt=\"separator dino storm\" src=\"\/wp-content\/themes\/arras\/images\/dinostorm\/seperator_big.png\" \/><\/div>\n","protected":false},"excerpt":{"rendered":"<p>Dino Storm Faq Zur\u00fcck>>a> Generelle Fragen zum Onlinespiel Dino Storm Was ist Dino Storm? Dino Storm ist ein kostenloses Online-Multiplayer-Spiel mit aufw\u00e4ndiger 3D Grafik. Ihr schl\u00fcpft in die Rolle eines Rangers, der nach vielversprechenden Goldfunden [&hellip;]<\/p>\n","protected":false},"author":26,"featured_media":-1,"parent":2213,"menu_order":0,"comment_status":"closed","ping_status":"closed","template":"pagetpl-onecolumn.php","meta":{"footnotes":"","_links_to":"","_links_to_target":""},"class_list":["post-1283","page","type-page","status-publish","has-post-thumbnail","hentry"],"yoast_head":"<!-- This site is optimized with the Yoast SEO plugin v27.4 - https:\/\/yoast.com\/product\/yoast-seo-wordpress\/ -->\n<title>Dino Storm - FAQ<\/title>\n<meta name=\"description\" content=\"Frequently asked questions \u00fcber Dino Storm. Alle Fragen die die \u00fcber Dino Storm hast, werden hier beantwortet. Schau doch einmal vorbei.\" \/>\n<meta name=\"robots\" content=\"index, follow, max-snippet:-1, max-image-preview:large, max-video-preview:-1\" \/>\n<link rel=\"canonical\" href=\"https:\/\/dinostorm.com\/de\/online-3d-spiel\/faq-dino-storm\/\" \/>\n<meta property=\"og:locale\" content=\"de_DE\" \/>\n<meta property=\"og:type\" content=\"article\" \/>\n<meta property=\"og:title\" content=\"Dino Storm - FAQ\" \/>\n<meta property=\"og:description\" content=\"Frequently asked questions \u00fcber Dino Storm. Alle Fragen die die \u00fcber Dino Storm hast, werden hier beantwortet. Schau doch einmal vorbei.\" \/>\n<meta property=\"og:url\" content=\"https:\/\/dinostorm.com\/de\/online-3d-spiel\/faq-dino-storm\/\" \/>\n<meta property=\"og:site_name\" content=\"DinoStorm\" \/>\n<meta property=\"article:modified_time\" content=\"2019-03-07T13:31:40+00:00\" \/>\n<meta name=\"twitter:label1\" content=\"Gesch\u00e4tzte Lesezeit\" \/>\n\t<meta name=\"twitter:data1\" content=\"2 minutes\" \/>\n<script type=\"application\/ld+json\" class=\"yoast-schema-graph\">{\"@context\":\"https:\\\/\\\/schema.org\",\"@graph\":[{\"@type\":\"WebPage\",\"@id\":\"https:\\\/\\\/dinostorm.com\\\/de\\\/online-3d-spiel\\\/faq-dino-storm\\\/\",\"url\":\"https:\\\/\\\/dinostorm.com\\\/de\\\/online-3d-spiel\\\/faq-dino-storm\\\/\",\"name\":\"Dino Storm - FAQ\",\"isPartOf\":{\"@id\":\"https:\\\/\\\/dinostorm.com\\\/de\\\/#website\"},\"datePublished\":\"2011-01-12T20:09:13+00:00\",\"dateModified\":\"2019-03-07T13:31:40+00:00\",\"description\":\"Frequently asked questions \u00fcber Dino Storm. Alle Fragen die die \u00fcber Dino Storm hast, werden hier beantwortet. Schau doch einmal vorbei.\",\"breadcrumb\":{\"@id\":\"https:\\\/\\\/dinostorm.com\\\/de\\\/online-3d-spiel\\\/faq-dino-storm\\\/#breadcrumb\"},\"inLanguage\":\"de-DE\",\"potentialAction\":[{\"@type\":\"ReadAction\",\"target\":[\"https:\\\/\\\/dinostorm.com\\\/de\\\/online-3d-spiel\\\/faq-dino-storm\\\/\"]}]},{\"@type\":\"BreadcrumbList\",\"@id\":\"https:\\\/\\\/dinostorm.com\\\/de\\\/online-3d-spiel\\\/faq-dino-storm\\\/#breadcrumb\",\"itemListElement\":[{\"@type\":\"ListItem\",\"position\":1,\"name\":\"Home\",\"item\":\"https:\\\/\\\/dinostorm.com\\\/de\\\/\"},{\"@type\":\"ListItem\",\"position\":2,\"name\":\"Spiel\",\"item\":\"https:\\\/\\\/dinostorm.com\\\/de\\\/online-3d-spiel\\\/\"},{\"@type\":\"ListItem\",\"position\":3,\"name\":\"FAQ\"}]},{\"@type\":\"WebSite\",\"@id\":\"https:\\\/\\\/dinostorm.com\\\/de\\\/#website\",\"url\":\"https:\\\/\\\/dinostorm.com\\\/de\\\/\",\"name\":\"DinoStorm\",\"description\":\"\",\"potentialAction\":[{\"@type\":\"SearchAction\",\"target\":{\"@type\":\"EntryPoint\",\"urlTemplate\":\"https:\\\/\\\/dinostorm.com\\\/de\\\/?s={search_term_string}\"},\"query-input\":{\"@type\":\"PropertyValueSpecification\",\"valueRequired\":true,\"valueName\":\"search_term_string\"}}],\"inLanguage\":\"de-DE\"}]}<\/script>\n<!-- \/ Yoast SEO plugin. -->","yoast_head_json":{"title":"Dino Storm - FAQ","description":"Frequently asked questions \u00fcber Dino Storm. Alle Fragen die die \u00fcber Dino Storm hast, werden hier beantwortet. Schau doch einmal vorbei.","robots":{"index":"index","follow":"follow","max-snippet":"max-snippet:-1","max-image-preview":"max-image-preview:large","max-video-preview":"max-video-preview:-1"},"canonical":"https:\/\/dinostorm.com\/de\/online-3d-spiel\/faq-dino-storm\/","og_locale":"de_DE","og_type":"article","og_title":"Dino Storm - FAQ","og_description":"Frequently asked questions \u00fcber Dino Storm. Alle Fragen die die \u00fcber Dino Storm hast, werden hier beantwortet. Schau doch einmal vorbei.","og_url":"https:\/\/dinostorm.com\/de\/online-3d-spiel\/faq-dino-storm\/","og_site_name":"DinoStorm","article_modified_time":"2019-03-07T13:31:40+00:00","twitter_misc":{"Gesch\u00e4tzte Lesezeit":"2 minutes"},"schema":{"@context":"https:\/\/schema.org","@graph":[{"@type":"WebPage","@id":"https:\/\/dinostorm.com\/de\/online-3d-spiel\/faq-dino-storm\/","url":"https:\/\/dinostorm.com\/de\/online-3d-spiel\/faq-dino-storm\/","name":"Dino Storm - FAQ","isPartOf":{"@id":"https:\/\/dinostorm.com\/de\/#website"},"datePublished":"2011-01-12T20:09:13+00:00","dateModified":"2019-03-07T13:31:40+00:00","description":"Frequently asked questions \u00fcber Dino Storm. Alle Fragen die die \u00fcber Dino Storm hast, werden hier beantwortet. Schau doch einmal vorbei.","breadcrumb":{"@id":"https:\/\/dinostorm.com\/de\/online-3d-spiel\/faq-dino-storm\/#breadcrumb"},"inLanguage":"de-DE","potentialAction":[{"@type":"ReadAction","target":["https:\/\/dinostorm.com\/de\/online-3d-spiel\/faq-dino-storm\/"]}]},{"@type":"BreadcrumbList","@id":"https:\/\/dinostorm.com\/de\/online-3d-spiel\/faq-dino-storm\/#breadcrumb","itemListElement":[{"@type":"ListItem","position":1,"name":"Home","item":"https:\/\/dinostorm.com\/de\/"},{"@type":"ListItem","position":2,"name":"Spiel","item":"https:\/\/dinostorm.com\/de\/online-3d-spiel\/"},{"@type":"ListItem","position":3,"name":"FAQ"}]},{"@type":"WebSite","@id":"https:\/\/dinostorm.com\/de\/#website","url":"https:\/\/dinostorm.com\/de\/","name":"DinoStorm","description":"","potentialAction":[{"@type":"SearchAction","target":{"@type":"EntryPoint","urlTemplate":"https:\/\/dinostorm.com\/de\/?s={search_term_string}"},"query-input":{"@type":"PropertyValueSpecification","valueRequired":true,"valueName":"search_term_string"}}],"inLanguage":"de-DE"}]}},"_links":{"self":[{"href":"https:\/\/dinostorm.com\/de\/wp-json\/wp\/v2\/pages\/1283","targetHints":{"allow":["GET"]}}],"collection":[{"href":"https:\/\/dinostorm.com\/de\/wp-json\/wp\/v2\/pages"}],"about":[{"href":"https:\/\/dinostorm.com\/de\/wp-json\/wp\/v2\/types\/page"}],"author":[{"embeddable":true,"href":"https:\/\/dinostorm.com\/de\/wp-json\/wp\/v2\/users\/26"}],"replies":[{"embeddable":true,"href":"https:\/\/dinostorm.com\/de\/wp-json\/wp\/v2\/comments?post=1283"}],"version-history":[{"count":0,"href":"https:\/\/dinostorm.com\/de\/wp-json\/wp\/v2\/pages\/1283\/revisions"}],"up":[{"embeddable":true,"href":"https:\/\/dinostorm.com\/de\/wp-json\/wp\/v2\/pages\/2213"}],"wp:featuredmedia":[{"embeddable":true,"href":"https:\/\/dinostorm.com\/de\/wp-json\/"}],"wp:attachment":[{"href":"https:\/\/dinostorm.com\/de\/wp-json\/wp\/v2\/media?parent=1283"}],"curies":[{"name":"wp","href":"https:\/\/api.w.org\/{rel}","templated":true}]}}